{"id":6269,"date":"2024-02-28T11:28:08","date_gmt":"2024-02-28T10:28:08","guid":{"rendered":"https:\/\/group-sterling.com\/protecao-de-denunciantes\/"},"modified":"2024-03-15T09:13:22","modified_gmt":"2024-03-15T08:13:22","slug":"protecao-de-denunciantes","status":"publish","type":"page","link":"https:\/\/group-sterling.com\/pt-br\/protecao-de-denunciantes\/","title":{"rendered":"Prote\u00e7\u00e3o de denunciantes"},"content":{"rendered":"\t\t<div data-elementor-type=\"wp-page\" data-elementor-id=\"6269\" class=\"elementor elementor-6269 elementor-5156\" data-elementor-post-type=\"page\">\n\t\t\t\t<div data-particle_enable=\"false\" data-particle-mobile-disabled=\"false\" class=\"elementor-element elementor-element-355d270 e-flex e-con-boxed e-con e-parent\" data-id=\"355d270\" data-element_type=\"container\" data-e-type=\"container\" data-settings=\"{&quot;background_background&quot;:&quot;slideshow&quot;,&quot;shape_divider_bottom&quot;:&quot;curve-asymmetrical&quot;,&quot;shape_divider_bottom_negative&quot;:&quot;yes&quot;,&quot;shape_divider_top&quot;:&quot;curve-asymmetrical&quot;,&quot;shape_divider_top_negative&quot;:&quot;yes&quot;,&quot;background_slideshow_gallery&quot;:[{&quot;id&quot;:145,&quot;url&quot;:&quot;https:\\\/\\\/group-sterling.com\\\/wp-content\\\/uploads\\\/2022\\\/05\\\/sat-fluit-processing-26.jpg&quot;},{&quot;id&quot;:133,&quot;url&quot;:&quot;https:\\\/\\\/group-sterling.com\\\/wp-content\\\/uploads\\\/2022\\\/05\\\/sat-fluit-processing-13.jpg&quot;},{&quot;id&quot;:152,&quot;url&quot;:&quot;https:\\\/\\\/group-sterling.com\\\/wp-content\\\/uploads\\\/2022\\\/05\\\/sat-fluit-processing-01.jpg&quot;},{&quot;id&quot;:65,&quot;url&quot;:&quot;https:\\\/\\\/group-sterling.com\\\/wp-content\\\/uploads\\\/2022\\\/05\\\/sat-products-01.jpg&quot;},{&quot;id&quot;:63,&quot;url&quot;:&quot;https:\\\/\\\/group-sterling.com\\\/wp-content\\\/uploads\\\/2022\\\/05\\\/sat-plant-9029.jpg&quot;},{&quot;id&quot;:62,&quot;url&quot;:&quot;https:\\\/\\\/group-sterling.com\\\/wp-content\\\/uploads\\\/2022\\\/05\\\/sat-webvorlagen-2016-25.jpg&quot;}],&quot;background_slideshow_ken_burns&quot;:&quot;yes&quot;,&quot;background_slideshow_ken_burns_zoom_direction&quot;:&quot;out&quot;,&quot;background_slideshow_loop&quot;:&quot;yes&quot;,&quot;background_slideshow_slide_duration&quot;:5000,&quot;background_slideshow_slide_transition&quot;:&quot;fade&quot;,&quot;background_slideshow_transition_duration&quot;:500}\">\n\t\t\t\t\t<div class=\"e-con-inner\">\n\t\t\t\t<div class=\"elementor-shape elementor-shape-top\" aria-hidden=\"true\" data-negative=\"true\">\n\t\t\t<svg xmlns=\"http:\/\/www.w3.org\/2000\/svg\" viewBox=\"0 0 1000 100\" preserveAspectRatio=\"none\">\n\t<path class=\"elementor-shape-fill\" d=\"M615.2,96.7C240.2,97.8,0,18.9,0,0v100h1000V0C1000,19.2,989.8,96,615.2,96.7z\"\/>\n<\/svg>\t\t<\/div>\n\t\t\t\t<div class=\"elementor-shape elementor-shape-bottom\" aria-hidden=\"true\" data-negative=\"true\">\n\t\t\t<svg xmlns=\"http:\/\/www.w3.org\/2000\/svg\" viewBox=\"0 0 1000 100\" preserveAspectRatio=\"none\">\n\t<path class=\"elementor-shape-fill\" d=\"M615.2,96.7C240.2,97.8,0,18.9,0,0v100h1000V0C1000,19.2,989.8,96,615.2,96.7z\"\/>\n<\/svg>\t\t<\/div>\n\t\t\t\t<div class=\"elementor-element elementor-element-84b3773 elementor-widget elementor-widget-heading\" data-id=\"84b3773\" data-element_type=\"widget\" data-e-type=\"widget\" data-widget_type=\"heading.default\">\n\t\t\t\t<div class=\"elementor-widget-container\">\n\t\t\t\t\t<h2 class=\"elementor-heading-title elementor-size-default\">Prote\u00e7\u00e3o de denunciantes<\/h2>\t\t\t\t<\/div>\n\t\t\t\t<\/div>\n\t\t\t\t\t<\/div>\n\t\t\t\t<\/div>\n\t\t<div data-particle_enable=\"false\" data-particle-mobile-disabled=\"false\" class=\"elementor-element elementor-element-91f1525 e-flex e-con-boxed e-con e-parent\" data-id=\"91f1525\" data-element_type=\"container\" data-e-type=\"container\">\n\t\t\t\t\t<div class=\"e-con-inner\">\n\t\t<div data-particle_enable=\"false\" data-particle-mobile-disabled=\"false\" class=\"elementor-element elementor-element-f606b7f e-con-full e-flex e-con e-child\" data-id=\"f606b7f\" data-element_type=\"container\" data-e-type=\"container\">\n\t\t\t\t<\/div>\n\t\t<div data-particle_enable=\"false\" data-particle-mobile-disabled=\"false\" class=\"elementor-element elementor-element-7d93844 e-con-full e-flex e-con e-child\" data-id=\"7d93844\" data-element_type=\"container\" data-e-type=\"container\">\n\t\t<div data-particle_enable=\"false\" data-particle-mobile-disabled=\"false\" class=\"elementor-element elementor-element-cf4e340 e-flex e-con-boxed e-con e-child\" data-id=\"cf4e340\" data-element_type=\"container\" data-e-type=\"container\">\n\t\t\t\t\t<div class=\"e-con-inner\">\n\t\t\t\t<div class=\"elementor-element elementor-element-604ef24 elementor-widget elementor-widget-heading\" data-id=\"604ef24\" data-element_type=\"widget\" data-e-type=\"widget\" data-widget_type=\"heading.default\">\n\t\t\t\t<div class=\"elementor-widget-container\">\n\t\t\t\t\t<h2 class=\"elementor-heading-title elementor-size-default\">Clique aqui para acessar o portal de registro<\/h2>\t\t\t\t<\/div>\n\t\t\t\t<\/div>\n\t\t\t\t<div class=\"elementor-element elementor-element-724dac4 elementor-align-justify elementor-widget elementor-widget-button\" data-id=\"724dac4\" data-element_type=\"widget\" data-e-type=\"widget\" data-widget_type=\"button.default\">\n\t\t\t\t<div class=\"elementor-widget-container\">\n\t\t\t\t\t\t\t\t\t<div class=\"elementor-button-wrapper\">\n\t\t\t\t\t<a class=\"elementor-button elementor-button-link elementor-size-lg\" href=\"https:\/\/sat.hinweis.de\/\" target=\"_blank\">\n\t\t\t\t\t\t<span class=\"elementor-button-content-wrapper\">\n\t\t\t\t\t\t<span class=\"elementor-button-icon\">\n\t\t\t\t<svg aria-hidden=\"true\" class=\"e-font-icon-svg e-fas-arrow-right\" viewBox=\"0 0 448 512\" xmlns=\"http:\/\/www.w3.org\/2000\/svg\"><path d=\"M190.5 66.9l22.2-22.2c9.4-9.4 24.6-9.4 33.9 0L441 239c9.4 9.4 9.4 24.6 0 33.9L246.6 467.3c-9.4 9.4-24.6 9.4-33.9 0l-22.2-22.2c-9.5-9.5-9.3-25 .4-34.3L311.4 296H24c-13.3 0-24-10.7-24-24v-32c0-13.3 10.7-24 24-24h287.4L190.9 101.2c-9.8-9.3-10-24.8-.4-34.3z\"><\/path><\/svg>\t\t\t<\/span>\n\t\t\t\t\t\t\t\t\t<span class=\"elementor-button-text\">Portal de relat\u00f3rios<\/span>\n\t\t\t\t\t<\/span>\n\t\t\t\t\t<\/a>\n\t\t\t\t<\/div>\n\t\t\t\t\t\t\t\t<\/div>\n\t\t\t\t<\/div>\n\t\t\t\t\t<\/div>\n\t\t\t\t<\/div>\n\t\t\t\t<div class=\"elementor-element elementor-element-2b4113b elementor-widget elementor-widget-heading\" data-id=\"2b4113b\" data-element_type=\"widget\" data-e-type=\"widget\" data-widget_type=\"heading.default\">\n\t\t\t\t<div class=\"elementor-widget-container\">\n\t\t\t\t\t<h2 class=\"elementor-heading-title elementor-size-default\">...ou use o canal de comunica\u00e7\u00e3o telef\u00f4nica:<\/h2>\t\t\t\t<\/div>\n\t\t\t\t<\/div>\n\t\t\t\t<div class=\"elementor-element elementor-element-1b546b7 elementor-align-justify elementor-widget elementor-widget-button\" data-id=\"1b546b7\" data-element_type=\"widget\" data-e-type=\"widget\" data-widget_type=\"button.default\">\n\t\t\t\t<div class=\"elementor-widget-container\">\n\t\t\t\t\t\t\t\t\t<div class=\"elementor-button-wrapper\">\n\t\t\t\t\t<a class=\"elementor-button elementor-button-link elementor-size-lg\" href=\"tel:0049431301400603\" target=\"_blank\">\n\t\t\t\t\t\t<span class=\"elementor-button-content-wrapper\">\n\t\t\t\t\t\t<span class=\"elementor-button-icon\">\n\t\t\t\t<svg aria-hidden=\"true\" class=\"e-font-icon-svg e-fas-phone\" viewBox=\"0 0 512 512\" xmlns=\"http:\/\/www.w3.org\/2000\/svg\"><path d=\"M493.4 24.6l-104-24c-11.3-2.6-22.9 3.3-27.5 13.9l-48 112c-4.2 9.8-1.4 21.3 6.9 28l60.6 49.6c-36 76.7-98.9 140.5-177.2 177.2l-49.6-60.6c-6.8-8.3-18.2-11.1-28-6.9l-112 48C3.9 366.5-2 378.1.6 389.4l24 104C27.1 504.2 36.7 512 48 512c256.1 0 464-207.5 464-464 0-11.2-7.7-20.9-18.6-23.4z\"><\/path><\/svg>\t\t\t<\/span>\n\t\t\t\t\t\t\t\t\t<span class=\"elementor-button-text\">0431 301400603<\/span>\n\t\t\t\t\t<\/span>\n\t\t\t\t\t<\/a>\n\t\t\t\t<\/div>\n\t\t\t\t\t\t\t\t<\/div>\n\t\t\t\t<\/div>\n\t\t\t\t<div class=\"elementor-element elementor-element-7d513b2 elementor-widget elementor-widget-text-editor\" data-id=\"7d513b2\" data-element_type=\"widget\" data-e-type=\"widget\" data-widget_type=\"text-editor.default\">\n\t\t\t\t<div class=\"elementor-widget-container\">\n\t\t\t\t\t\t\t\t\t<p><strong>Lei de Prote\u00e7\u00e3o ao Denunciante<\/strong><\/p>\n<p>A nova &#8220;Lei de Prote\u00e7\u00e3o ao Denunciante&#8221;, abreviada como HinSchG, entrou em vigor em 2 de julho de 2023. Essa lei, tamb\u00e9m conhecida como Whistleblower Protection Act, foi aprovada com o objetivo de proteger os denunciantes de repres\u00e1lias caso eles revelem irregularidades nas empresas.<br \/>Com rela\u00e7\u00e3o a essa obriga\u00e7\u00e3o legal, a SAT Anlagentechnik GmbH criou um sistema de den\u00fancia de irregularidades que oferece a todos os funcion\u00e1rios, parceiros comerciais e clientes a oportunidade de relatar poss\u00edveis viola\u00e7\u00f5es legais ou outras a\u00e7\u00f5es prejudiciais de forma confidencial e, se necess\u00e1rio, an\u00f4nima.<\/p>\n<h2>Quais infra\u00e7\u00f5es podem ser denunciadas?<\/h2>\n<p>O escopo da lei inclui a comunica\u00e7\u00e3o de informa\u00e7\u00f5es aos chamados centros de den\u00fancia (den\u00fancia) e a divulga\u00e7\u00e3o de informa\u00e7\u00f5es sobre infra\u00e7\u00f5es ao p\u00fablico (divulga\u00e7\u00e3o):<\/p>\n<ul>\n<li>delitos pun\u00edveis por lei,<\/li>\n<li>infra\u00e7\u00f5es pun\u00edveis com multa, desde que a regulamenta\u00e7\u00e3o violada sirva para proteger a vida, a integridade f\u00edsica ou a sa\u00fade ou para proteger os direitos dos funcion\u00e1rios ou de seus \u00f3rg\u00e3os representativos,<\/li>\n<li>Outras viola\u00e7\u00f5es de regulamentos federais, estaduais e da UE, entre outros:<br \/>&#8211; para combater a lavagem de dinheiro e o terrorismo,<br \/>&#8211; com especifica\u00e7\u00f5es de seguran\u00e7a e conformidade do produto,<br \/>&#8211; com especifica\u00e7\u00f5es para prote\u00e7\u00e3o ambiental,<br \/>&#8211; sobre seguran\u00e7a de alimentos e ra\u00e7\u00f5es,<br \/>&#8211; sobre a regulamenta\u00e7\u00e3o dos direitos e da prote\u00e7\u00e3o do consumidor,<br \/>&#8211; sobre a prote\u00e7\u00e3o de dados pessoais dentro do escopo do GDPR,<br \/>&#8211; para regular os direitos dos acionistas de sociedades an\u00f4nimas,<br \/>&#8211; sobre a auditoria de entidades de interesse p\u00fablico, de acordo com a se\u00e7\u00e3o 316a, frase 2 do HGB,<br \/>&#8211; sobre contabilidade, incluindo a contabilidade de empresas orientadas para o mercado de capitais, de acordo com o significado da Se\u00e7\u00e3o 264d do HGB,<\/li>\n<li>Viola\u00e7\u00f5es das leis tribut\u00e1rias aplic\u00e1veis a corpora\u00e7\u00f5es e parcerias comerciais,<\/li>\n<li>Viola\u00e7\u00f5es na forma de acordos destinados a criar uma vantagem fiscal que &#8220;contraria o objetivo ou a finalidade da lei fiscal aplic\u00e1vel a corpora\u00e7\u00f5es e parcerias comerciais&#8221;.<\/li>\n<\/ul>\n<h3>Quais centros de relat\u00f3rios est\u00e3o dispon\u00edveis?<\/h3>\n<p>Voc\u00ea tem a op\u00e7\u00e3o de relatar informa\u00e7\u00f5es sobre viola\u00e7\u00f5es por escrito (por meio do portal) e por telefone. \u00c9 poss\u00edvel fazer den\u00fancias an\u00f4nimas.<\/p>\n<p><strong>Portal de relat\u00f3rios:<\/strong><br \/>www.sat.hinweis.de<\/p>\n<p>Informa\u00e7\u00f5es detalhadas sobre a prote\u00e7\u00e3o de dados podem ser encontradas no site do portal.<\/p>\n<p><strong>Por telefone:<\/strong><br \/>Voc\u00ea tamb\u00e9m tem a op\u00e7\u00e3o de entrar em contato conosco por telefone.<\/p>\n<p><strong>Voc\u00ea pode acessar nosso canal de voz em<\/strong><br \/>0431 301400603<\/p>\n<p><strong>As mensagens s\u00e3o inseridas automaticamente em nosso portal de informa\u00e7\u00f5es.<\/strong><br \/>O escrit\u00f3rio de relat\u00f3rios internos confirmar\u00e1 seu relat\u00f3rio dentro de sete dias. No caso de entrega em finais de semana, domingos e feriados, a notifica\u00e7\u00e3o \u00e9 considerada como tendo sido recebida no pr\u00f3ximo dia \u00fatil. Dentro de tr\u00eas meses, o escrit\u00f3rio de relat\u00f3rios internos o informar\u00e1 sobre as medidas tomadas, por exemplo, o in\u00edcio de investiga\u00e7\u00f5es internas, o encaminhamento do relat\u00f3rio a uma autoridade policial competente, poss\u00edveis medidas para remediar o problema, o encerramento do procedimento por falta de provas ou por outros motivos.<\/p>\n<p><strong>Escrit\u00f3rio de registro externo:<\/strong><br \/>Escrit\u00f3rio de Relat\u00f3rios Externos da Confedera\u00e7\u00e3o no Departamento Federal de Justi\u00e7a<br \/>https:\/\/www.bundesjustizamt.de\/DE\/MeldestelledesBundes\/MeldestelledesBundes_node.html<\/p>\n<p>Qual \u00e9 o procedimento geral para a apresenta\u00e7\u00e3o de relat\u00f3rios?<\/p>\n<ul>\n<li>Confirma\u00e7\u00e3o de recebimento para a pessoa que forneceu as informa\u00e7\u00f5es ap\u00f3s sete dias, no m\u00e1ximo;<\/li>\n<li>Examinar se o delito relatado se enquadra no escopo material do \u00a7 2 HinSchG;<\/li>\n<li>Mantenha contato com a pessoa que forneceu as informa\u00e7\u00f5es e solicite mais informa\u00e7\u00f5es, se necess\u00e1rio;<\/li>\n<li>Verifique a validade da notifica\u00e7\u00e3o recebida;<\/li>\n<li>tomar medidas de acompanhamento adequadas;<\/li>\n<li>Feedback ao denunciante em at\u00e9 tr\u00eas meses ap\u00f3s a confirma\u00e7\u00e3o do recebimento do relat\u00f3rio;<\/li>\n<li>O feedback deve incluir a notifica\u00e7\u00e3o de medidas de acompanhamento planejadas e j\u00e1 tomadas, bem como as raz\u00f5es para isso, desde que isso n\u00e3o afete inqu\u00e9ritos ou investiga\u00e7\u00f5es internas e que os direitos das pessoas que s\u00e3o objeto de uma notifica\u00e7\u00e3o ou que s\u00e3o citadas na notifica\u00e7\u00e3o n\u00e3o sejam afetados;<\/li>\n<li>as informa\u00e7\u00f5es devem ser documentadas em conformidade com o requisito de confidencialidade. Essa documenta\u00e7\u00e3o deve ser exclu\u00edda tr\u00eas anos ap\u00f3s o t\u00e9rmino do procedimento, desde que seja necess\u00e1rio e proporcional armazenar a documenta\u00e7\u00e3o por mais tempo para processar a notifica\u00e7\u00e3o ou de acordo com outras disposi\u00e7\u00f5es legais.<\/li>\n<\/ul>\n<h3>Como meus dados s\u00e3o protegidos?<\/h3>\n<p>O escrit\u00f3rio de relat\u00f3rios internos processa dados pessoais &#8211; incluindo sua troca ou transfer\u00eancia &#8211; de acordo com o Regulamento (UE) 2016\/679 e a Diretiva (UE) 2016\/680, bem como com a lei nacional de prote\u00e7\u00e3o de dados. \u00c9 feita refer\u00eancia expressa ao \u00a7 10 da HinSchG.<\/p>\n<p>O escrit\u00f3rio interno de den\u00fancias trata a identidade do denunciante de forma confidencial. A identidade do denunciante s\u00f3 pode ser divulgada aos funcion\u00e1rios encarregados das tarefas do escrit\u00f3rio de relat\u00f3rios internos e \u00e0s pessoas que os ap\u00f3iam no cumprimento dessas tarefas sem seu consentimento expresso. Isso tamb\u00e9m se aplica a todas as outras informa\u00e7\u00f5es das quais a identidade da pessoa que faz a refer\u00eancia pode ser derivada direta ou indiretamente.<\/p>\n<p>A identidade s\u00f3 pode ser divulgada se houver uma circunst\u00e2ncia excepcional de acordo com o \u00a7 9 da HinSchG. Portanto, a divulga\u00e7\u00e3o da identidade do denunciante n\u00e3o est\u00e1 completamente exclu\u00edda (consulte o art. 13 e seguintes do Regulamento Geral de Prote\u00e7\u00e3o de Dados &#8211; GDPR).<br \/>O denunciante deve ser informado antes que sua identidade seja revelada, a menos que tal informa\u00e7\u00e3o possa prejudicar as investiga\u00e7\u00f5es ou os processos legais relevantes.<br \/>Como parte da notifica\u00e7\u00e3o, uma explica\u00e7\u00e3o por escrito dos motivos da divulga\u00e7\u00e3o dos dados confidenciais em quest\u00e3o ser\u00e1 enviada ao denunciante.<\/p>\n<p>O escrit\u00f3rio de relat\u00f3rios internos protege a identidade de terceiros mencionados nos relat\u00f3rios e a identidade das pessoas envolvidas da mesma forma. As informa\u00e7\u00f5es sobre as pessoas que s\u00e3o objeto de um relat\u00f3rio e sobre outras pessoas mencionadas no relat\u00f3rio s\u00f3 podem ser divulgadas nos casos especificados no \u00a7 9 para. 4 HinSchG para a autoridade competente.<\/p>\n<p>O escrit\u00f3rio de relat\u00f3rios internos toma medidas organizacionais, espaciais e t\u00e9cnicas adequadas para garantir que terceiros n\u00e3o possam acessar os arquivos e documentos do escrit\u00f3rio de relat\u00f3rios.<\/p>\n\t\t\t\t\t\t\t\t<\/div>\n\t\t\t\t<\/div>\n\t\t\t\t<\/div>\n\t\t<div data-particle_enable=\"false\" data-particle-mobile-disabled=\"false\" class=\"elementor-element elementor-element-27ee170 e-con-full e-flex e-con e-child\" data-id=\"27ee170\" data-element_type=\"container\" data-e-type=\"container\">\n\t\t\t\t<\/div>\n\t\t\t\t\t<\/div>\n\t\t\t\t<\/div>\n\t\t\t\t<\/div>\n\t\t","protected":false},"excerpt":{"rendered":"<p>Prote\u00e7\u00e3o de denunciantes Clique aqui para acessar o portal de registro Portal de relat\u00f3rios &#8230;ou use o canal de comunica\u00e7\u00e3o telef\u00f4nica: 0431 301400603 Lei de Prote\u00e7\u00e3o ao Denunciante A nova &#8220;Lei de Prote\u00e7\u00e3o ao Denunciante&#8221;, abreviada como HinSchG, entrou em vigor em 2 de julho de 2023. Essa lei, tamb\u00e9m conhecida como Whistleblower Protection Act, [&hellip;]<\/p>\n","protected":false},"author":10025,"featured_media":0,"parent":0,"menu_order":0,"comment_status":"closed","ping_status":"closed","template":"","meta":{"_acf_changed":false,"footnotes":""},"categories":[205],"tags":[],"class_list":["post-6269","page","type-page","status-publish","hentry","category-sat-sterling-pt-br"],"acf":[],"_links":{"self":[{"href":"https:\/\/group-sterling.com\/pt-br\/wp-json\/wp\/v2\/pages\/6269","targetHints":{"allow":["GET"]}}],"collection":[{"href":"https:\/\/group-sterling.com\/pt-br\/wp-json\/wp\/v2\/pages"}],"about":[{"href":"https:\/\/group-sterling.com\/pt-br\/wp-json\/wp\/v2\/types\/page"}],"author":[{"embeddable":true,"href":"https:\/\/group-sterling.com\/pt-br\/wp-json\/wp\/v2\/users\/10025"}],"replies":[{"embeddable":true,"href":"https:\/\/group-sterling.com\/pt-br\/wp-json\/wp\/v2\/comments?post=6269"}],"version-history":[{"count":0,"href":"https:\/\/group-sterling.com\/pt-br\/wp-json\/wp\/v2\/pages\/6269\/revisions"}],"wp:attachment":[{"href":"https:\/\/group-sterling.com\/pt-br\/wp-json\/wp\/v2\/media?parent=6269"}],"wp:term":[{"taxonomy":"category","embeddable":true,"href":"https:\/\/group-sterling.com\/pt-br\/wp-json\/wp\/v2\/categories?post=6269"},{"taxonomy":"post_tag","embeddable":true,"href":"https:\/\/group-sterling.com\/pt-br\/wp-json\/wp\/v2\/tags?post=6269"}],"curies":[{"name":"wp","href":"https:\/\/api.w.org\/{rel}","templated":true}]}}