{"id":5635,"date":"2022-05-09T11:10:48","date_gmt":"2022-05-09T09:10:48","guid":{"rendered":"https:\/\/group-sterling.com\/impressao\/"},"modified":"2025-07-31T00:45:41","modified_gmt":"2025-07-30T22:45:41","slug":"impressao","status":"publish","type":"page","link":"https:\/\/group-sterling.com\/pt-br\/impressao\/","title":{"rendered":"Impress\u00e3o"},"content":{"rendered":"\t\t<div data-elementor-type=\"wp-page\" data-elementor-id=\"5635\" class=\"elementor elementor-5635 elementor-401\" data-elementor-post-type=\"page\">\n\t\t\t\t<div data-particle_enable=\"false\" data-particle-mobile-disabled=\"false\" class=\"elementor-element elementor-element-81916d8 e-flex e-con-boxed e-con e-parent\" data-id=\"81916d8\" data-element_type=\"container\" data-e-type=\"container\" data-settings=\"{&quot;background_background&quot;:&quot;gradient&quot;}\">\n\t\t\t\t\t<div class=\"e-con-inner\">\n\t\t\t\t<div class=\"elementor-element elementor-element-7130aec elementor-widget__width-initial elementor-widget elementor-widget-text-editor\" data-id=\"7130aec\" data-element_type=\"widget\" data-e-type=\"widget\" data-widget_type=\"text-editor.default\">\n\t\t\t\t<div class=\"elementor-widget-container\">\n\t\t\t\t\t\t\t\t\t<p><strong>Respons\u00e1vel por este site:<\/strong><\/p><p>SAT Anlagentechnik GmbH<br>Kaddenbusch 21<br>25578 D\u00e4geling<\/p><p><strong>Representado por:<\/strong><\/p><p>Diretor Administrativo: Dr.-Ing. Kai St\u00fcrken<\/p><p><strong>Contato:<\/strong><\/p><p>Telefone: +49 (0) 4821 9000 0<br>Fax: +49 (0) 4821 9000 501<br>E-mail: info@sat-sterling.com<\/p><p><strong>Registrar entrada:<\/strong><\/p><p>Inscri\u00e7\u00e3o no registro comercial.<br>Tribunal de registro: Tribunal local de Pinneberg<br>N\u00famero de registro: HRB 2407 IZ<\/p><p><strong>Imposto sobre valor agregado:<\/strong><\/p><p>N\u00famero de identifica\u00e7\u00e3o do imposto sobre vendas:<br>DE811250011<\/p><p><strong>Responsabilidade pelo conte\u00fado<\/strong><\/p><p>Como provedor de servi\u00e7os, somos respons\u00e1veis por nosso pr\u00f3prio conte\u00fado nessas p\u00e1ginas, de acordo com a Se\u00e7\u00e3o 7 (1) da DDG e a legisla\u00e7\u00e3o geral. De acordo com os \u00a7\u00a7 8 a 10 da DDG, no entanto, n\u00e3o somos obrigados a monitorar informa\u00e7\u00f5es transmitidas ou armazenadas de terceiros ou a investigar circunst\u00e2ncias que indiquem atividade ilegal.<\/p><p>As obriga\u00e7\u00f5es de remover ou bloquear o uso de informa\u00e7\u00f5es de acordo com a legisla\u00e7\u00e3o geral n\u00e3o s\u00e3o afetadas por isso. No entanto, a responsabilidade a esse respeito s\u00f3 \u00e9 poss\u00edvel a partir do momento em que voc\u00ea toma conhecimento de uma infra\u00e7\u00e3o espec\u00edfica. Assim que tomarmos conhecimento de tais infra\u00e7\u00f5es, removeremos esse conte\u00fado imediatamente.<\/p><p><strong>Responsabilidade por links<\/strong><\/p><p>Nosso site cont\u00e9m links para sites externos de terceiros sobre cujo conte\u00fado n\u00e3o temos influ\u00eancia. Portanto, n\u00e3o podemos aceitar qualquer responsabilidade por esse conte\u00fado de terceiros. O respectivo provedor ou operador das p\u00e1ginas \u00e9 sempre respons\u00e1vel pelo conte\u00fado das p\u00e1ginas vinculadas. As p\u00e1ginas vinculadas foram verificadas quanto a poss\u00edveis viola\u00e7\u00f5es legais no momento da vincula\u00e7\u00e3o. Nenhum conte\u00fado ilegal foi reconhecido naquele momento.<\/p><p>Entretanto, o monitoramento permanente do conte\u00fado das p\u00e1ginas vinculadas n\u00e3o \u00e9 razo\u00e1vel sem evid\u00eancias concretas de uma infra\u00e7\u00e3o. Se tomarmos conhecimento de qualquer infra\u00e7\u00e3o legal, removeremos esses links imediatamente.<\/p><p><strong>Direitos autorais<\/strong><\/p><p>O conte\u00fado e os trabalhos criados pelos operadores do site nessas p\u00e1ginas est\u00e3o sujeitos \u00e0 lei alem\u00e3 de direitos autorais. A reprodu\u00e7\u00e3o, edi\u00e7\u00e3o, distribui\u00e7\u00e3o e qualquer tipo de utiliza\u00e7\u00e3o fora dos limites da lei de direitos autorais requerem o consentimento por escrito do respectivo autor ou criador. Os downloads e c\u00f3pias deste site s\u00e3o permitidos somente para uso privado e n\u00e3o comercial.<\/p><p>Na medida em que o conte\u00fado deste site n\u00e3o foi criado pelo operador, os direitos autorais de terceiros s\u00e3o respeitados. Em particular, o conte\u00fado de terceiros \u00e9 rotulado como tal. Se, mesmo assim, voc\u00ea tomar conhecimento de uma viola\u00e7\u00e3o de direitos autorais, informe-nos adequadamente. Se tomarmos conhecimento de qualquer infra\u00e7\u00e3o legal, removeremos esse conte\u00fado imediatamente.<\/p><p><strong>Conceito e Webdesign<\/strong><br><a href=\"https:\/\/www.tba-hamburg.de\/\">Webdesign por tba-hamburg.de<\/a><br><a href=\"https:\/\/www.tba-berlin.de\/en\/\">Manuten\u00e7\u00e3o\/programa\u00e7\u00e3o por tba-berlin.de<\/a><\/p><p><strong>Fotos e ilustra\u00e7\u00f5es &#8211; Cr\u00e9ditos<\/strong><br>Carsten Dammann, Krafft Angerer, Tim Becker;<br>C. Berlin, Peer Frings, Kalafoto, Visdia, Pixelwolf2, SeanPavonePhoto &#8211; Fotolia.com, adobe stock.com<\/p>\t\t\t\t\t\t\t\t<\/div>\n\t\t\t\t<\/div>\n\t\t\t\t\t<\/div>\n\t\t\t\t<\/div>\n\t\t\t\t<\/div>\n\t\t","protected":false},"excerpt":{"rendered":"<p>Respons\u00e1vel por este site: SAT Anlagentechnik GmbHKaddenbusch 2125578 D\u00e4geling Representado por: Diretor Administrativo: Dr.-Ing. Kai St\u00fcrken Contato: Telefone: +49 (0) 4821 9000 0Fax: +49 (0) 4821 9000 501E-mail: info@sat-sterling.com Registrar entrada: Inscri\u00e7\u00e3o no registro comercial.Tribunal de registro: Tribunal local de PinnebergN\u00famero de registro: HRB 2407 IZ Imposto sobre valor agregado: N\u00famero de identifica\u00e7\u00e3o do imposto [&hellip;]<\/p>\n","protected":false},"author":10025,"featured_media":0,"parent":0,"menu_order":0,"comment_status":"closed","ping_status":"closed","template":"","meta":{"_acf_changed":false,"footnotes":""},"categories":[215],"tags":[],"class_list":["post-5635","page","type-page","status-publish","hentry","category-grupo-sterling"],"acf":[],"_links":{"self":[{"href":"https:\/\/group-sterling.com\/pt-br\/wp-json\/wp\/v2\/pages\/5635","targetHints":{"allow":["GET"]}}],"collection":[{"href":"https:\/\/group-sterling.com\/pt-br\/wp-json\/wp\/v2\/pages"}],"about":[{"href":"https:\/\/group-sterling.com\/pt-br\/wp-json\/wp\/v2\/types\/page"}],"author":[{"embeddable":true,"href":"https:\/\/group-sterling.com\/pt-br\/wp-json\/wp\/v2\/users\/10025"}],"replies":[{"embeddable":true,"href":"https:\/\/group-sterling.com\/pt-br\/wp-json\/wp\/v2\/comments?post=5635"}],"version-history":[{"count":2,"href":"https:\/\/group-sterling.com\/pt-br\/wp-json\/wp\/v2\/pages\/5635\/revisions"}],"predecessor-version":[{"id":9703,"href":"https:\/\/group-sterling.com\/pt-br\/wp-json\/wp\/v2\/pages\/5635\/revisions\/9703"}],"wp:attachment":[{"href":"https:\/\/group-sterling.com\/pt-br\/wp-json\/wp\/v2\/media?parent=5635"}],"wp:term":[{"taxonomy":"category","embeddable":true,"href":"https:\/\/group-sterling.com\/pt-br\/wp-json\/wp\/v2\/categories?post=5635"},{"taxonomy":"post_tag","embeddable":true,"href":"https:\/\/group-sterling.com\/pt-br\/wp-json\/wp\/v2\/tags?post=5635"}],"curies":[{"name":"wp","href":"https:\/\/api.w.org\/{rel}","templated":true}]}}