{"id":5467,"date":"2022-05-09T11:06:50","date_gmt":"2022-05-09T09:06:50","guid":{"rendered":"https:\/\/group-sterling.com\/meio-de-enchimento\/"},"modified":"2024-05-29T14:58:24","modified_gmt":"2024-05-29T12:58:24","slug":"meio-de-enchimento","status":"publish","type":"page","link":"https:\/\/group-sterling.com\/pt-br\/meio-de-enchimento\/","title":{"rendered":"Meio de enchimento"},"content":{"rendered":"\t\t<div data-elementor-type=\"wp-page\" data-elementor-id=\"5467\" class=\"elementor elementor-5467 elementor-377\" data-elementor-post-type=\"page\">\n\t\t\t\t\t\t<section data-particle_enable=\"false\" data-particle-mobile-disabled=\"false\" class=\"elementor-section elementor-top-section elementor-element elementor-element-8419917 elementor-section-boxed elementor-section-height-default elementor-section-height-default\" data-id=\"8419917\" data-element_type=\"section\" data-e-type=\"section\" data-settings=\"{&quot;background_background&quot;:&quot;video&quot;,&quot;shape_divider_bottom&quot;:&quot;curve-asymmetrical&quot;,&quot;shape_divider_bottom_negative&quot;:&quot;yes&quot;,&quot;shape_divider_top&quot;:&quot;curve-asymmetrical&quot;,&quot;shape_divider_top_negative&quot;:&quot;yes&quot;,&quot;background_video_link&quot;:&quot;https:\\\/\\\/group-sterling.com\\\/wp-content\\\/uploads\\\/2022\\\/05\\\/SAT-fluidload_sw.mp4&quot;}\">\n\t\t\t\t\t\t\t\t<div class=\"elementor-background-video-container elementor-hidden-mobile\">\n\t\t\t\t\t\t\t\t\t\t\t\t\t<video class=\"elementor-background-video-hosted\" role=\"presentation\" autoplay muted playsinline loop><\/video>\n\t\t\t\t\t\t\t\t\t\t\t<\/div>\n\t\t\t\t\t\t\t\t\t<div class=\"elementor-background-overlay\"><\/div>\n\t\t\t\t\t\t<div class=\"elementor-shape elementor-shape-top\" aria-hidden=\"true\" data-negative=\"true\">\n\t\t\t<svg xmlns=\"http:\/\/www.w3.org\/2000\/svg\" viewBox=\"0 0 1000 100\" preserveAspectRatio=\"none\">\n\t<path class=\"elementor-shape-fill\" d=\"M615.2,96.7C240.2,97.8,0,18.9,0,0v100h1000V0C1000,19.2,989.8,96,615.2,96.7z\"\/>\n<\/svg>\t\t<\/div>\n\t\t\t\t<div class=\"elementor-shape elementor-shape-bottom\" aria-hidden=\"true\" data-negative=\"true\">\n\t\t\t<svg xmlns=\"http:\/\/www.w3.org\/2000\/svg\" viewBox=\"0 0 1000 100\" preserveAspectRatio=\"none\">\n\t<path class=\"elementor-shape-fill\" d=\"M615.2,96.7C240.2,97.8,0,18.9,0,0v100h1000V0C1000,19.2,989.8,96,615.2,96.7z\"\/>\n<\/svg>\t\t<\/div>\n\t\t\t\t\t<div class=\"elementor-container elementor-column-gap-default\">\n\t\t\t\t\t<div class=\"elementor-column elementor-col-100 elementor-top-column elementor-element elementor-element-376166f1\" data-id=\"376166f1\" data-element_type=\"column\" data-e-type=\"column\">\n\t\t\t<div class=\"elementor-widget-wrap elementor-element-populated\">\n\t\t\t\t\t\t<div class=\"elementor-element elementor-element-6bbe7346 elementor-widget elementor-widget-spacer\" data-id=\"6bbe7346\" data-element_type=\"widget\" data-e-type=\"widget\" data-widget_type=\"spacer.default\">\n\t\t\t\t<div class=\"elementor-widget-container\">\n\t\t\t\t\t\t\t<div class=\"elementor-spacer\">\n\t\t\t<div class=\"elementor-spacer-inner\"><\/div>\n\t\t<\/div>\n\t\t\t\t\t\t<\/div>\n\t\t\t\t<\/div>\n\t\t\t\t<section data-particle_enable=\"false\" data-particle-mobile-disabled=\"false\" class=\"elementor-section elementor-inner-section elementor-element elementor-element-6722efc2 elementor-section-content-middle elementor-section-boxed elementor-section-height-default elementor-section-height-default\" data-id=\"6722efc2\" data-element_type=\"section\" data-e-type=\"section\" data-settings=\"{&quot;background_background&quot;:&quot;classic&quot;,&quot;shape_divider_bottom&quot;:&quot;curve-asymmetrical&quot;,&quot;shape_divider_bottom_negative&quot;:&quot;yes&quot;}\">\n\t\t\t\t\t<div class=\"elementor-shape elementor-shape-bottom\" aria-hidden=\"true\" data-negative=\"true\">\n\t\t\t<svg xmlns=\"http:\/\/www.w3.org\/2000\/svg\" viewBox=\"0 0 1000 100\" preserveAspectRatio=\"none\">\n\t<path class=\"elementor-shape-fill\" d=\"M615.2,96.7C240.2,97.8,0,18.9,0,0v100h1000V0C1000,19.2,989.8,96,615.2,96.7z\"\/>\n<\/svg>\t\t<\/div>\n\t\t\t\t\t<div class=\"elementor-container elementor-column-gap-custom\">\n\t\t\t\t\t<div class=\"elementor-column elementor-col-33 elementor-inner-column elementor-element elementor-element-598c7aa8\" data-id=\"598c7aa8\" data-element_type=\"column\" data-e-type=\"column\" data-settings=\"{&quot;background_background&quot;:&quot;classic&quot;}\">\n\t\t\t<div class=\"elementor-widget-wrap elementor-element-populated\">\n\t\t\t\t\t\t<div class=\"elementor-element elementor-element-7898da elementor-widget elementor-widget-heading\" data-id=\"7898da\" data-element_type=\"widget\" data-e-type=\"widget\" data-widget_type=\"heading.default\">\n\t\t\t\t<div class=\"elementor-widget-container\">\n\t\t\t\t\t<h2 class=\"elementor-heading-title elementor-size-default\">M\u00eddia de enchimento<\/h2>\t\t\t\t<\/div>\n\t\t\t\t<\/div>\n\t\t\t\t<div class=\"elementor-element elementor-element-11a927ae elementor-widget elementor-widget-spacer\" data-id=\"11a927ae\" data-element_type=\"widget\" data-e-type=\"widget\" data-widget_type=\"spacer.default\">\n\t\t\t\t<div class=\"elementor-widget-container\">\n\t\t\t\t\t\t\t<div class=\"elementor-spacer\">\n\t\t\t<div class=\"elementor-spacer-inner\"><\/div>\n\t\t<\/div>\n\t\t\t\t\t\t<\/div>\n\t\t\t\t<\/div>\n\t\t\t\t\t<\/div>\n\t\t<\/div>\n\t\t\t\t<div class=\"elementor-column elementor-col-33 elementor-inner-column elementor-element elementor-element-4baa3397\" data-id=\"4baa3397\" data-element_type=\"column\" data-e-type=\"column\">\n\t\t\t<div class=\"elementor-widget-wrap\">\n\t\t\t\t\t\t\t<\/div>\n\t\t<\/div>\n\t\t\t\t<div class=\"elementor-column elementor-col-33 elementor-inner-column elementor-element elementor-element-1ee31dea\" data-id=\"1ee31dea\" data-element_type=\"column\" data-e-type=\"column\">\n\t\t\t<div class=\"elementor-widget-wrap\">\n\t\t\t\t\t\t\t<\/div>\n\t\t<\/div>\n\t\t\t\t\t<\/div>\n\t\t<\/section>\n\t\t\t\t<section data-particle_enable=\"false\" data-particle-mobile-disabled=\"false\" class=\"elementor-section elementor-inner-section elementor-element elementor-element-7749d268 elementor-section-boxed elementor-section-height-default elementor-section-height-default\" data-id=\"7749d268\" data-element_type=\"section\" data-e-type=\"section\" data-settings=\"{&quot;background_background&quot;:&quot;gradient&quot;}\">\n\t\t\t\t\t\t<div class=\"elementor-container elementor-column-gap-default\">\n\t\t\t\t\t<div class=\"elementor-column elementor-col-100 elementor-inner-column elementor-element elementor-element-684f6d7e\" data-id=\"684f6d7e\" data-element_type=\"column\" data-e-type=\"column\">\n\t\t\t<div class=\"elementor-widget-wrap elementor-element-populated\">\n\t\t\t\t\t\t<div class=\"elementor-element elementor-element-7995164 uael-post__link-complete-yes elementor-widget elementor-widget-uael-posts\" data-id=\"7995164\" data-element_type=\"widget\" data-e-type=\"widget\" data-settings=\"{&quot;classic_slides_to_show&quot;:3,&quot;classic_slides_to_show_tablet&quot;:2,&quot;classic_slides_to_show_mobile&quot;:1,&quot;classic_show_filters&quot;:&quot;no&quot;}\" data-widget_type=\"uael-posts.classic\">\n\t\t\t\t<div class=\"elementor-widget-container\">\n\t\t\t\t\t\t\t<div class=\"uael-post__header\">\n\t\t\t\t\t<\/div>\n\t\t<div class=\"uael-post__body\">\n\t\t\t\n\t\t\n\t\t<div class=\"uael-blog-terms-position- uael-post-image-top uael-post-grid uael-posts\" data-query-type=\"custom\" data-structure=\"normal\" data-layout=\"\" data-page=\"5467\" data-skin=\"classic\" data-filter-default=\"\" data-offset-top=\"30\" >\n\n\t\t\t\t\t\t\t<div class=\"uael-post-grid__inner uael-post__columns-3 uael-post__columns-tablet-2 uael-post__columns-mobile-1\">\n\t\t\t\n<div class=\"uael-post-wrapper   sat-sterling \">\n\t<div class=\"uael-post__bg-wrap uael-bg-wrap-disabled \">\n\n\t\t\t\t\t<a href=\"https:\/\/group-sterling.com\/pt-br\/ac-r134a\/\" target=\"_self\" class=\"uael-post__complete-box-overlay\" aria-label=\"Link Complete Box\"><\/a>\n\t\t\t\t\n\t\t<div class=\"uael-post__inner-wrap uael-inner-wrap-disabled\">\n\n\t\t\t\t<div class=\"uael-post__thumbnail\">\n\t\t\t\n\t\t\t<a href=\"https:\/\/group-sterling.com\/pt-br\/ac-r134a\/\" target=\"_self\" title=\"AC R134a\"><img fetchpriority=\"high\" decoding=\"async\" width=\"1403\" height=\"992\" src=\"https:\/\/group-sterling.com\/wp-content\/uploads\/2022\/05\/sat-ac134a.jpg\" class=\"attachment-full size-full wp-image-5415\" alt=\"\" srcset=\"https:\/\/group-sterling.com\/wp-content\/uploads\/2022\/05\/sat-ac134a.jpg 1403w, https:\/\/group-sterling.com\/wp-content\/uploads\/2022\/05\/sat-ac134a-300x212.jpg 300w, https:\/\/group-sterling.com\/wp-content\/uploads\/2022\/05\/sat-ac134a-1024x724.jpg 1024w, https:\/\/group-sterling.com\/wp-content\/uploads\/2022\/05\/sat-ac134a-768x543.jpg 768w\" sizes=\"(max-width: 1403px) 100vw, 1403px\" \/><\/a>\n\t\t\t\t\t<\/div>\n\t\t\n\t\t\t\n\t\t\t<div class=\"uael-post__content-wrap uael-content-wrap-disabled\">\n\t\t\t\t\t<h3 class=\"uael-post__title\">\n\n\t\t\n\t\t\t\t\t\t<a href=\"https:\/\/group-sterling.com\/pt-br\/ac-r134a\/\" target=\"_self\">\n\t\t\t\tAC R134a\t\t\t<\/a>\n\n\t\t\t\t<\/h3>\n\t\t\t\t\t<\/div>\n\t\t\t\n\t\t<\/div>\n\t\t\n\t<\/div>\n\n<\/div>\n\n<div class=\"uael-post-wrapper   sat-sterling \">\n\t<div class=\"uael-post__bg-wrap uael-bg-wrap-disabled \">\n\n\t\t\t\t\t<a href=\"https:\/\/group-sterling.com\/pt-br\/ac-r1234yf\/\" target=\"_self\" class=\"uael-post__complete-box-overlay\" aria-label=\"Link Complete Box\"><\/a>\n\t\t\t\t\n\t\t<div class=\"uael-post__inner-wrap uael-inner-wrap-disabled\">\n\n\t\t\t\t<div class=\"uael-post__thumbnail\">\n\t\t\t\n\t\t\t<a href=\"https:\/\/group-sterling.com\/pt-br\/ac-r1234yf\/\" target=\"_self\" title=\"AC-R1234YF\"><img decoding=\"async\" width=\"1200\" height=\"848\" src=\"https:\/\/group-sterling.com\/wp-content\/uploads\/2022\/05\/sat-flow-illu-ac-r1234yf.jpg\" class=\"attachment-full size-full wp-image-5427\" alt=\"\" srcset=\"https:\/\/group-sterling.com\/wp-content\/uploads\/2022\/05\/sat-flow-illu-ac-r1234yf.jpg 1200w, https:\/\/group-sterling.com\/wp-content\/uploads\/2022\/05\/sat-flow-illu-ac-r1234yf-300x212.jpg 300w, https:\/\/group-sterling.com\/wp-content\/uploads\/2022\/05\/sat-flow-illu-ac-r1234yf-1024x724.jpg 1024w, https:\/\/group-sterling.com\/wp-content\/uploads\/2022\/05\/sat-flow-illu-ac-r1234yf-768x543.jpg 768w\" sizes=\"(max-width: 1200px) 100vw, 1200px\" \/><\/a>\n\t\t\t\t\t<\/div>\n\t\t\n\t\t\t\n\t\t\t<div class=\"uael-post__content-wrap uael-content-wrap-disabled\">\n\t\t\t\t\t<h3 class=\"uael-post__title\">\n\n\t\t\n\t\t\t\t\t\t<a href=\"https:\/\/group-sterling.com\/pt-br\/ac-r1234yf\/\" target=\"_self\">\n\t\t\t\tAC-R1234YF\t\t\t<\/a>\n\n\t\t\t\t<\/h3>\n\t\t\t\t\t<\/div>\n\t\t\t\n\t\t<\/div>\n\t\t\n\t<\/div>\n\n<\/div>\n\n<div class=\"uael-post-wrapper   sat-sterling \">\n\t<div class=\"uael-post__bg-wrap uael-bg-wrap-disabled \">\n\n\t\t\t\t\t<a href=\"https:\/\/group-sterling.com\/pt-br\/adblue\/\" target=\"_self\" class=\"uael-post__complete-box-overlay\" aria-label=\"Link Complete Box\"><\/a>\n\t\t\t\t\n\t\t<div class=\"uael-post__inner-wrap uael-inner-wrap-disabled\">\n\n\t\t\t\t<div class=\"uael-post__thumbnail\">\n\t\t\t\n\t\t\t<a href=\"https:\/\/group-sterling.com\/pt-br\/adblue\/\" target=\"_self\" title=\"AdBlue\"><img decoding=\"async\" width=\"1403\" height=\"992\" src=\"https:\/\/group-sterling.com\/wp-content\/uploads\/2022\/05\/sat-adblue.jpg\" class=\"attachment-full size-full wp-image-5444\" alt=\"\" srcset=\"https:\/\/group-sterling.com\/wp-content\/uploads\/2022\/05\/sat-adblue.jpg 1403w, https:\/\/group-sterling.com\/wp-content\/uploads\/2022\/05\/sat-adblue-300x212.jpg 300w, https:\/\/group-sterling.com\/wp-content\/uploads\/2022\/05\/sat-adblue-1024x724.jpg 1024w, https:\/\/group-sterling.com\/wp-content\/uploads\/2022\/05\/sat-adblue-768x543.jpg 768w\" sizes=\"(max-width: 1403px) 100vw, 1403px\" \/><\/a>\n\t\t\t\t\t<\/div>\n\t\t\n\t\t\t\n\t\t\t<div class=\"uael-post__content-wrap uael-content-wrap-disabled\">\n\t\t\t\t\t<h3 class=\"uael-post__title\">\n\n\t\t\n\t\t\t\t\t\t<a href=\"https:\/\/group-sterling.com\/pt-br\/adblue\/\" target=\"_self\">\n\t\t\t\tAdBlue\t\t\t<\/a>\n\n\t\t\t\t<\/h3>\n\t\t\t\t\t<\/div>\n\t\t\t\n\t\t<\/div>\n\t\t\n\t<\/div>\n\n<\/div>\n\n<div class=\"uael-post-wrapper   sat-sterling \">\n\t<div class=\"uael-post__bg-wrap uael-bg-wrap-disabled \">\n\n\t\t\t\t\t<a href=\"https:\/\/group-sterling.com\/pt-br\/breaksystem\/\" target=\"_self\" class=\"uael-post__complete-box-overlay\" aria-label=\"Link Complete Box\"><\/a>\n\t\t\t\t\n\t\t<div class=\"uael-post__inner-wrap uael-inner-wrap-disabled\">\n\n\t\t\t\t<div class=\"uael-post__thumbnail\">\n\t\t\t\n\t\t\t<a href=\"https:\/\/group-sterling.com\/pt-br\/breaksystem\/\" target=\"_self\" title=\"BreakSystem\"><img loading=\"lazy\" decoding=\"async\" width=\"1403\" height=\"992\" src=\"https:\/\/group-sterling.com\/wp-content\/uploads\/2022\/05\/sat-brake.jpg\" class=\"attachment-full size-full wp-image-5493\" alt=\"\" srcset=\"https:\/\/group-sterling.com\/wp-content\/uploads\/2022\/05\/sat-brake.jpg 1403w, https:\/\/group-sterling.com\/wp-content\/uploads\/2022\/05\/sat-brake-300x212.jpg 300w, https:\/\/group-sterling.com\/wp-content\/uploads\/2022\/05\/sat-brake-1024x724.jpg 1024w, https:\/\/group-sterling.com\/wp-content\/uploads\/2022\/05\/sat-brake-768x543.jpg 768w\" sizes=\"(max-width: 1403px) 100vw, 1403px\" \/><\/a>\n\t\t\t\t\t<\/div>\n\t\t\n\t\t\t\n\t\t\t<div class=\"uael-post__content-wrap uael-content-wrap-disabled\">\n\t\t\t\t\t<h3 class=\"uael-post__title\">\n\n\t\t\n\t\t\t\t\t\t<a href=\"https:\/\/group-sterling.com\/pt-br\/breaksystem\/\" target=\"_self\">\n\t\t\t\tBreakSystem\t\t\t<\/a>\n\n\t\t\t\t<\/h3>\n\t\t\t\t\t<\/div>\n\t\t\t\n\t\t<\/div>\n\t\t\n\t<\/div>\n\n<\/div>\n\n<div class=\"uael-post-wrapper   sat-sterling \">\n\t<div class=\"uael-post__bg-wrap uael-bg-wrap-disabled \">\n\n\t\t\t\t\t<a href=\"https:\/\/group-sterling.com\/pt-br\/liquido-de-arrefecimento\/\" target=\"_self\" class=\"uael-post__complete-box-overlay\" aria-label=\"Link Complete Box\"><\/a>\n\t\t\t\t\n\t\t<div class=\"uael-post__inner-wrap uael-inner-wrap-disabled\">\n\n\t\t\t\t<div class=\"uael-post__thumbnail\">\n\t\t\t\n\t\t\t<a href=\"https:\/\/group-sterling.com\/pt-br\/liquido-de-arrefecimento\/\" target=\"_self\" title=\"L\u00edquido de arrefecimento\"><img loading=\"lazy\" decoding=\"async\" width=\"1403\" height=\"992\" src=\"https:\/\/group-sterling.com\/wp-content\/uploads\/2022\/05\/sat-coolant.jpg\" class=\"attachment-full size-full wp-image-5476\" alt=\"\" srcset=\"https:\/\/group-sterling.com\/wp-content\/uploads\/2022\/05\/sat-coolant.jpg 1403w, https:\/\/group-sterling.com\/wp-content\/uploads\/2022\/05\/sat-coolant-300x212.jpg 300w, https:\/\/group-sterling.com\/wp-content\/uploads\/2022\/05\/sat-coolant-1024x724.jpg 1024w, https:\/\/group-sterling.com\/wp-content\/uploads\/2022\/05\/sat-coolant-768x543.jpg 768w\" sizes=\"(max-width: 1403px) 100vw, 1403px\" \/><\/a>\n\t\t\t\t\t<\/div>\n\t\t\n\t\t\t\n\t\t\t<div class=\"uael-post__content-wrap uael-content-wrap-disabled\">\n\t\t\t\t\t<h3 class=\"uael-post__title\">\n\n\t\t\n\t\t\t\t\t\t<a href=\"https:\/\/group-sterling.com\/pt-br\/liquido-de-arrefecimento\/\" target=\"_self\">\n\t\t\t\tL\u00edquido de arrefecimento\t\t\t<\/a>\n\n\t\t\t\t<\/h3>\n\t\t\t\t\t<\/div>\n\t\t\t\n\t\t<\/div>\n\t\t\n\t<\/div>\n\n<\/div>\n\n<div class=\"uael-post-wrapper   sat-sterling \">\n\t<div class=\"uael-post__bg-wrap uael-bg-wrap-disabled \">\n\n\t\t\t\t\t<a href=\"https:\/\/group-sterling.com\/pt-br\/sistema-de-lavagem-do-para-brisa\/\" target=\"_self\" class=\"uael-post__complete-box-overlay\" aria-label=\"Link Complete Box\"><\/a>\n\t\t\t\t\n\t\t<div class=\"uael-post__inner-wrap uael-inner-wrap-disabled\">\n\n\t\t\t\t<div class=\"uael-post__thumbnail\">\n\t\t\t\n\t\t\t<a href=\"https:\/\/group-sterling.com\/pt-br\/sistema-de-lavagem-do-para-brisa\/\" target=\"_self\" title=\"Sistema de lavagem do para-brisa\"><img loading=\"lazy\" decoding=\"async\" width=\"1403\" height=\"992\" src=\"https:\/\/group-sterling.com\/wp-content\/uploads\/2022\/05\/sat-windshieldwasher.jpg\" class=\"attachment-full size-full wp-image-5724\" alt=\"\" srcset=\"https:\/\/group-sterling.com\/wp-content\/uploads\/2022\/05\/sat-windshieldwasher.jpg 1403w, https:\/\/group-sterling.com\/wp-content\/uploads\/2022\/05\/sat-windshieldwasher-300x212.jpg 300w, https:\/\/group-sterling.com\/wp-content\/uploads\/2022\/05\/sat-windshieldwasher-1024x724.jpg 1024w, https:\/\/group-sterling.com\/wp-content\/uploads\/2022\/05\/sat-windshieldwasher-768x543.jpg 768w\" sizes=\"(max-width: 1403px) 100vw, 1403px\" \/><\/a>\n\t\t\t\t\t<\/div>\n\t\t\n\t\t\t\n\t\t\t<div class=\"uael-post__content-wrap uael-content-wrap-disabled\">\n\t\t\t\t\t<h3 class=\"uael-post__title\">\n\n\t\t\n\t\t\t\t\t\t<a href=\"https:\/\/group-sterling.com\/pt-br\/sistema-de-lavagem-do-para-brisa\/\" target=\"_self\">\n\t\t\t\tSistema de lavagem do para-brisa\t\t\t<\/a>\n\n\t\t\t\t<\/h3>\n\t\t\t\t\t<\/div>\n\t\t\t\n\t\t<\/div>\n\t\t\n\t<\/div>\n\n<\/div>\n\t\t\t\t<\/div>\n\t\t\t\t\t\t\n\t\t<\/div>\n\n\t\t\t\t\t\t<\/div>\n\t\t<div class=\"uael-post__footer\">\n\t\t\t\t\t<\/div>\n\t\t\t\t\t\t<\/div>\n\t\t\t\t<\/div>\n\t\t\t\t<div class=\"elementor-element elementor-element-886f9d9 elementor-widget elementor-widget-heading\" data-id=\"886f9d9\" data-element_type=\"widget\" data-e-type=\"widget\" data-widget_type=\"heading.default\">\n\t\t\t\t<div class=\"elementor-widget-container\">\n\t\t\t\t\t<h2 class=\"elementor-heading-title elementor-size-default\">...e outros, por exemplo:<\/h2>\t\t\t\t<\/div>\n\t\t\t\t<\/div>\n\t\t\t\t<div class=\"elementor-element elementor-element-0fc3ee8 elementor-widget__width-auto elementor-icon-list--layout-traditional elementor-list-item-link-full_width elementor-widget elementor-widget-icon-list\" data-id=\"0fc3ee8\" data-element_type=\"widget\" data-e-type=\"widget\" data-widget_type=\"icon-list.default\">\n\t\t\t\t<div class=\"elementor-widget-container\">\n\t\t\t\t\t\t\t<ul class=\"elementor-icon-list-items\">\n\t\t\t\t\t\t\t<li class=\"elementor-icon-list-item\">\n\t\t\t\t\t\t\t\t\t\t\t<span class=\"elementor-icon-list-icon\">\n\t\t\t\t\t\t\t<svg aria-hidden=\"true\" class=\"e-font-icon-svg e-fas-oil-can\" viewBox=\"0 0 640 512\" xmlns=\"http:\/\/www.w3.org\/2000\/svg\"><path d=\"M629.8 160.31L416 224l-50.49-25.24a64.07 64.07 0 0 0-28.62-6.76H280v-48h56c8.84 0 16-7.16 16-16v-16c0-8.84-7.16-16-16-16H176c-8.84 0-16 7.16-16 16v16c0 8.84 7.16 16 16 16h56v48h-56L37.72 166.86a31.9 31.9 0 0 0-5.79-.53C14.67 166.33 0 180.36 0 198.34v94.95c0 15.46 11.06 28.72 26.28 31.48L96 337.46V384c0 17.67 14.33 32 32 32h274.63c8.55 0 16.75-3.42 22.76-9.51l212.26-214.75c1.5-1.5 2.34-3.54 2.34-5.66V168c.01-5.31-5.08-9.15-10.19-7.69zM96 288.67l-48-8.73v-62.43l48 8.73v62.43zm453.33 84.66c0 23.56 19.1 42.67 42.67 42.67s42.67-19.1 42.67-42.67S592 288 592 288s-42.67 61.77-42.67 85.33z\"><\/path><\/svg>\t\t\t\t\t\t<\/span>\n\t\t\t\t\t\t\t\t\t\t<span class=\"elementor-icon-list-text\">\u00d3leos<\/span>\n\t\t\t\t\t\t\t\t\t<\/li>\n\t\t\t\t\t\t\t\t<li class=\"elementor-icon-list-item\">\n\t\t\t\t\t\t\t\t\t\t\t<span class=\"elementor-icon-list-icon\">\n\t\t\t\t\t\t\t<svg aria-hidden=\"true\" class=\"e-font-icon-svg e-fas-network-wired\" viewBox=\"0 0 640 512\" xmlns=\"http:\/\/www.w3.org\/2000\/svg\"><path d=\"M640 264v-16c0-8.84-7.16-16-16-16H344v-40h72c17.67 0 32-14.33 32-32V32c0-17.67-14.33-32-32-32H224c-17.67 0-32 14.33-32 32v128c0 17.67 14.33 32 32 32h72v40H16c-8.84 0-16 7.16-16 16v16c0 8.84 7.16 16 16 16h104v40H64c-17.67 0-32 14.33-32 32v128c0 17.67 14.33 32 32 32h160c17.67 0 32-14.33 32-32V352c0-17.67-14.33-32-32-32h-56v-40h304v40h-56c-17.67 0-32 14.33-32 32v128c0 17.67 14.33 32 32 32h160c17.67 0 32-14.33 32-32V352c0-17.67-14.33-32-32-32h-56v-40h104c8.84 0 16-7.16 16-16zM256 128V64h128v64H256zm-64 320H96v-64h96v64zm352 0h-96v-64h96v64z\"><\/path><\/svg>\t\t\t\t\t\t<\/span>\n\t\t\t\t\t\t\t\t\t\t<span class=\"elementor-icon-list-text\">Diversas solu\u00e7\u00f5es personalizadas<\/span>\n\t\t\t\t\t\t\t\t\t<\/li>\n\t\t\t\t\t\t<\/ul>\n\t\t\t\t\t\t<\/div>\n\t\t\t\t<\/div>\n\t\t\t\t\t<\/div>\n\t\t<\/div>\n\t\t\t\t\t<\/div>\n\t\t<\/section>\n\t\t\t\t<div class=\"elementor-element elementor-element-317f9743 elementor-widget elementor-widget-spacer\" data-id=\"317f9743\" data-element_type=\"widget\" data-e-type=\"widget\" data-widget_type=\"spacer.default\">\n\t\t\t\t<div class=\"elementor-widget-container\">\n\t\t\t\t\t\t\t<div class=\"elementor-spacer\">\n\t\t\t<div class=\"elementor-spacer-inner\"><\/div>\n\t\t<\/div>\n\t\t\t\t\t\t<\/div>\n\t\t\t\t<\/div>\n\t\t\t\t\t<\/div>\n\t\t<\/div>\n\t\t\t\t\t<\/div>\n\t\t<\/section>\n\t\t\t\t<\/div>\n\t\t","protected":false},"excerpt":{"rendered":"<p>M\u00eddia de enchimento AC R134a AC-R1234YF AdBlue BreakSystem K\u00fchlfl\u00fcssigkeit Scheibenwaschanlage &#8230;e outros, por exemplo: \u00d3leos Diversas solu\u00e7\u00f5es personalizadas<\/p>\n","protected":false},"author":10025,"featured_media":0,"parent":0,"menu_order":0,"comment_status":"closed","ping_status":"closed","template":"","meta":{"_acf_changed":false,"footnotes":""},"categories":[205],"tags":[],"class_list":["post-5467","page","type-page","status-publish","hentry","category-sat-sterling-pt-br"],"acf":[],"_links":{"self":[{"href":"https:\/\/group-sterling.com\/pt-br\/wp-json\/wp\/v2\/pages\/5467","targetHints":{"allow":["GET"]}}],"collection":[{"href":"https:\/\/group-sterling.com\/pt-br\/wp-json\/wp\/v2\/pages"}],"about":[{"href":"https:\/\/group-sterling.com\/pt-br\/wp-json\/wp\/v2\/types\/page"}],"author":[{"embeddable":true,"href":"https:\/\/group-sterling.com\/pt-br\/wp-json\/wp\/v2\/users\/10025"}],"replies":[{"embeddable":true,"href":"https:\/\/group-sterling.com\/pt-br\/wp-json\/wp\/v2\/comments?post=5467"}],"version-history":[{"count":0,"href":"https:\/\/group-sterling.com\/pt-br\/wp-json\/wp\/v2\/pages\/5467\/revisions"}],"wp:attachment":[{"href":"https:\/\/group-sterling.com\/pt-br\/wp-json\/wp\/v2\/media?parent=5467"}],"wp:term":[{"taxonomy":"category","embeddable":true,"href":"https:\/\/group-sterling.com\/pt-br\/wp-json\/wp\/v2\/categories?post=5467"},{"taxonomy":"post_tag","embeddable":true,"href":"https:\/\/group-sterling.com\/pt-br\/wp-json\/wp\/v2\/tags?post=5467"}],"curies":[{"name":"wp","href":"https:\/\/api.w.org\/{rel}","templated":true}]}}