{"id":6265,"date":"2024-02-28T11:28:08","date_gmt":"2024-02-28T10:28:08","guid":{"rendered":"https:\/\/group-sterling.com\/protezione-degli-informatori\/"},"modified":"2024-03-15T09:13:22","modified_gmt":"2024-03-15T08:13:22","slug":"protezione-degli-informatori","status":"publish","type":"page","link":"https:\/\/group-sterling.com\/it\/protezione-degli-informatori\/","title":{"rendered":"Protezione degli informatori"},"content":{"rendered":"\t\t<div data-elementor-type=\"wp-page\" data-elementor-id=\"6265\" class=\"elementor elementor-6265 elementor-5156\" data-elementor-post-type=\"page\">\n\t\t\t\t<div data-particle_enable=\"false\" data-particle-mobile-disabled=\"false\" class=\"elementor-element elementor-element-355d270 e-flex e-con-boxed e-con e-parent\" data-id=\"355d270\" data-element_type=\"container\" data-e-type=\"container\" data-settings=\"{&quot;background_background&quot;:&quot;slideshow&quot;,&quot;shape_divider_bottom&quot;:&quot;curve-asymmetrical&quot;,&quot;shape_divider_bottom_negative&quot;:&quot;yes&quot;,&quot;shape_divider_top&quot;:&quot;curve-asymmetrical&quot;,&quot;shape_divider_top_negative&quot;:&quot;yes&quot;,&quot;background_slideshow_gallery&quot;:[{&quot;id&quot;:145,&quot;url&quot;:&quot;https:\\\/\\\/group-sterling.com\\\/wp-content\\\/uploads\\\/2022\\\/05\\\/sat-fluit-processing-26.jpg&quot;},{&quot;id&quot;:133,&quot;url&quot;:&quot;https:\\\/\\\/group-sterling.com\\\/wp-content\\\/uploads\\\/2022\\\/05\\\/sat-fluit-processing-13.jpg&quot;},{&quot;id&quot;:152,&quot;url&quot;:&quot;https:\\\/\\\/group-sterling.com\\\/wp-content\\\/uploads\\\/2022\\\/05\\\/sat-fluit-processing-01.jpg&quot;},{&quot;id&quot;:65,&quot;url&quot;:&quot;https:\\\/\\\/group-sterling.com\\\/wp-content\\\/uploads\\\/2022\\\/05\\\/sat-products-01.jpg&quot;},{&quot;id&quot;:63,&quot;url&quot;:&quot;https:\\\/\\\/group-sterling.com\\\/wp-content\\\/uploads\\\/2022\\\/05\\\/sat-plant-9029.jpg&quot;},{&quot;id&quot;:62,&quot;url&quot;:&quot;https:\\\/\\\/group-sterling.com\\\/wp-content\\\/uploads\\\/2022\\\/05\\\/sat-webvorlagen-2016-25.jpg&quot;}],&quot;background_slideshow_ken_burns&quot;:&quot;yes&quot;,&quot;background_slideshow_ken_burns_zoom_direction&quot;:&quot;out&quot;,&quot;background_slideshow_loop&quot;:&quot;yes&quot;,&quot;background_slideshow_slide_duration&quot;:5000,&quot;background_slideshow_slide_transition&quot;:&quot;fade&quot;,&quot;background_slideshow_transition_duration&quot;:500}\">\n\t\t\t\t\t<div class=\"e-con-inner\">\n\t\t\t\t<div class=\"elementor-shape elementor-shape-top\" aria-hidden=\"true\" data-negative=\"true\">\n\t\t\t<svg xmlns=\"http:\/\/www.w3.org\/2000\/svg\" viewBox=\"0 0 1000 100\" preserveAspectRatio=\"none\">\n\t<path class=\"elementor-shape-fill\" d=\"M615.2,96.7C240.2,97.8,0,18.9,0,0v100h1000V0C1000,19.2,989.8,96,615.2,96.7z\"\/>\n<\/svg>\t\t<\/div>\n\t\t\t\t<div class=\"elementor-shape elementor-shape-bottom\" aria-hidden=\"true\" data-negative=\"true\">\n\t\t\t<svg xmlns=\"http:\/\/www.w3.org\/2000\/svg\" viewBox=\"0 0 1000 100\" preserveAspectRatio=\"none\">\n\t<path class=\"elementor-shape-fill\" d=\"M615.2,96.7C240.2,97.8,0,18.9,0,0v100h1000V0C1000,19.2,989.8,96,615.2,96.7z\"\/>\n<\/svg>\t\t<\/div>\n\t\t\t\t<div class=\"elementor-element elementor-element-84b3773 elementor-widget elementor-widget-heading\" data-id=\"84b3773\" data-element_type=\"widget\" data-e-type=\"widget\" data-widget_type=\"heading.default\">\n\t\t\t\t<div class=\"elementor-widget-container\">\n\t\t\t\t\t<h2 class=\"elementor-heading-title elementor-size-default\">Protezione degli informatori<\/h2>\t\t\t\t<\/div>\n\t\t\t\t<\/div>\n\t\t\t\t\t<\/div>\n\t\t\t\t<\/div>\n\t\t<div data-particle_enable=\"false\" data-particle-mobile-disabled=\"false\" class=\"elementor-element elementor-element-91f1525 e-flex e-con-boxed e-con e-parent\" data-id=\"91f1525\" data-element_type=\"container\" data-e-type=\"container\">\n\t\t\t\t\t<div class=\"e-con-inner\">\n\t\t<div data-particle_enable=\"false\" data-particle-mobile-disabled=\"false\" class=\"elementor-element elementor-element-f606b7f e-con-full e-flex e-con e-child\" data-id=\"f606b7f\" data-element_type=\"container\" data-e-type=\"container\">\n\t\t\t\t<\/div>\n\t\t<div data-particle_enable=\"false\" data-particle-mobile-disabled=\"false\" class=\"elementor-element elementor-element-7d93844 e-con-full e-flex e-con e-child\" data-id=\"7d93844\" data-element_type=\"container\" data-e-type=\"container\">\n\t\t<div data-particle_enable=\"false\" data-particle-mobile-disabled=\"false\" class=\"elementor-element elementor-element-cf4e340 e-flex e-con-boxed e-con e-child\" data-id=\"cf4e340\" data-element_type=\"container\" data-e-type=\"container\">\n\t\t\t\t\t<div class=\"e-con-inner\">\n\t\t\t\t<div class=\"elementor-element elementor-element-604ef24 elementor-widget elementor-widget-heading\" data-id=\"604ef24\" data-element_type=\"widget\" data-e-type=\"widget\" data-widget_type=\"heading.default\">\n\t\t\t\t<div class=\"elementor-widget-container\">\n\t\t\t\t\t<h2 class=\"elementor-heading-title elementor-size-default\">Clicca qui per il portale di registrazione<\/h2>\t\t\t\t<\/div>\n\t\t\t\t<\/div>\n\t\t\t\t<div class=\"elementor-element elementor-element-724dac4 elementor-align-justify elementor-widget elementor-widget-button\" data-id=\"724dac4\" data-element_type=\"widget\" data-e-type=\"widget\" data-widget_type=\"button.default\">\n\t\t\t\t<div class=\"elementor-widget-container\">\n\t\t\t\t\t\t\t\t\t<div class=\"elementor-button-wrapper\">\n\t\t\t\t\t<a class=\"elementor-button elementor-button-link elementor-size-lg\" href=\"https:\/\/sat.hinweis.de\/\" target=\"_blank\">\n\t\t\t\t\t\t<span class=\"elementor-button-content-wrapper\">\n\t\t\t\t\t\t<span class=\"elementor-button-icon\">\n\t\t\t\t<svg aria-hidden=\"true\" class=\"e-font-icon-svg e-fas-arrow-right\" viewBox=\"0 0 448 512\" xmlns=\"http:\/\/www.w3.org\/2000\/svg\"><path d=\"M190.5 66.9l22.2-22.2c9.4-9.4 24.6-9.4 33.9 0L441 239c9.4 9.4 9.4 24.6 0 33.9L246.6 467.3c-9.4 9.4-24.6 9.4-33.9 0l-22.2-22.2c-9.5-9.5-9.3-25 .4-34.3L311.4 296H24c-13.3 0-24-10.7-24-24v-32c0-13.3 10.7-24 24-24h287.4L190.9 101.2c-9.8-9.3-10-24.8-.4-34.3z\"><\/path><\/svg>\t\t\t<\/span>\n\t\t\t\t\t\t\t\t\t<span class=\"elementor-button-text\">Portale di segnalazione<\/span>\n\t\t\t\t\t<\/span>\n\t\t\t\t\t<\/a>\n\t\t\t\t<\/div>\n\t\t\t\t\t\t\t\t<\/div>\n\t\t\t\t<\/div>\n\t\t\t\t\t<\/div>\n\t\t\t\t<\/div>\n\t\t\t\t<div class=\"elementor-element elementor-element-2b4113b elementor-widget elementor-widget-heading\" data-id=\"2b4113b\" data-element_type=\"widget\" data-e-type=\"widget\" data-widget_type=\"heading.default\">\n\t\t\t\t<div class=\"elementor-widget-container\">\n\t\t\t\t\t<h2 class=\"elementor-heading-title elementor-size-default\">... o utilizzare il canale di segnalazione telefonica:<\/h2>\t\t\t\t<\/div>\n\t\t\t\t<\/div>\n\t\t\t\t<div class=\"elementor-element elementor-element-1b546b7 elementor-align-justify elementor-widget elementor-widget-button\" data-id=\"1b546b7\" data-element_type=\"widget\" data-e-type=\"widget\" data-widget_type=\"button.default\">\n\t\t\t\t<div class=\"elementor-widget-container\">\n\t\t\t\t\t\t\t\t\t<div class=\"elementor-button-wrapper\">\n\t\t\t\t\t<a class=\"elementor-button elementor-button-link elementor-size-lg\" href=\"tel:0049431301400603\" target=\"_blank\">\n\t\t\t\t\t\t<span class=\"elementor-button-content-wrapper\">\n\t\t\t\t\t\t<span class=\"elementor-button-icon\">\n\t\t\t\t<svg aria-hidden=\"true\" class=\"e-font-icon-svg e-fas-phone\" viewBox=\"0 0 512 512\" xmlns=\"http:\/\/www.w3.org\/2000\/svg\"><path d=\"M493.4 24.6l-104-24c-11.3-2.6-22.9 3.3-27.5 13.9l-48 112c-4.2 9.8-1.4 21.3 6.9 28l60.6 49.6c-36 76.7-98.9 140.5-177.2 177.2l-49.6-60.6c-6.8-8.3-18.2-11.1-28-6.9l-112 48C3.9 366.5-2 378.1.6 389.4l24 104C27.1 504.2 36.7 512 48 512c256.1 0 464-207.5 464-464 0-11.2-7.7-20.9-18.6-23.4z\"><\/path><\/svg>\t\t\t<\/span>\n\t\t\t\t\t\t\t\t\t<span class=\"elementor-button-text\">0431 301400603<\/span>\n\t\t\t\t\t<\/span>\n\t\t\t\t\t<\/a>\n\t\t\t\t<\/div>\n\t\t\t\t\t\t\t\t<\/div>\n\t\t\t\t<\/div>\n\t\t\t\t<div class=\"elementor-element elementor-element-7d513b2 elementor-widget elementor-widget-text-editor\" data-id=\"7d513b2\" data-element_type=\"widget\" data-e-type=\"widget\" data-widget_type=\"text-editor.default\">\n\t\t\t\t<div class=\"elementor-widget-container\">\n\t\t\t\t\t\t\t\t\t<p><strong>Legge sulla protezione degli informatori<\/strong><\/p>\n<p>La nuova &#8220;Legge sulla protezione degli informatori&#8221;, in breve HinSchG, \u00e8 entrata in vigore il 2 luglio 2023. Questa legge, nota anche come Whistleblower Protection Act, \u00e8 stata approvata con l&#8217;obiettivo di proteggere gli informatori da rappresaglie se rivelano illeciti nelle aziende.<br \/>In relazione a questo obbligo di legge, SAT Anlagentechnik GmbH ha istituito un sistema di whistleblower che offre a tutti i dipendenti, partner commerciali e clienti l&#8217;opportunit\u00e0 di segnalare in modo confidenziale e, se necessario, anonimo, possibili violazioni legali o altre azioni dannose.<\/p>\n<h2>Quali reati possono essere segnalati?<\/h2>\n<p>L&#8217;ambito di applicazione della legge comprende la comunicazione di informazioni ai cosiddetti centri di segnalazione (reporting) e la divulgazione di informazioni sulle violazioni al pubblico (disclosure):<\/p>\n<ul>\n<li>reati punibili per legge,<\/li>\n<li>reati punibili con un&#8217;ammenda, nella misura in cui la norma violata serva a proteggere la vita, l&#8217;incolumit\u00e0 fisica o la salute o a tutelare i diritti dei lavoratori o dei loro organi di rappresentanza,<\/li>\n<li>Altre violazioni di normative federali, statali e comunitarie, tra le altre:<br \/>&#8211; per combattere il riciclaggio di denaro e il terrorismo,<br \/>&#8211; con le specifiche per la sicurezza e la conformit\u00e0 dei prodotti,<br \/>&#8211; con le specifiche per la protezione dell&#8217;ambiente,<br \/>&#8211; sulla sicurezza degli alimenti e dei mangimi,<br \/>&#8211; sulla regolamentazione dei diritti e della protezione dei consumatori,<br \/>&#8211; sulla protezione dei dati personali nell&#8217;ambito del GDPR,<br \/>&#8211; per regolare i diritti degli azionisti delle societ\u00e0 per azioni,<br \/>&#8211; sulla revisione contabile di enti di interesse pubblico ai sensi della sezione 316a frase 2 HGB,<br \/>&#8211; sulla contabilit\u00e0, compresa la contabilit\u00e0 delle societ\u00e0 orientate al mercato dei capitali, ai sensi della Sezione 264d HGB,<\/li>\n<li>Violazioni delle leggi fiscali applicabili alle societ\u00e0 e alle partnership commerciali,<\/li>\n<li>Violazioni sotto forma di accordi volti a creare un vantaggio fiscale che &#8220;\u00e8 contrario all&#8217;obiettivo o allo scopo della legge fiscale applicabile alle societ\u00e0 di capitali e alle partnership commerciali&#8221;.<\/li>\n<\/ul>\n<h3>Quali sono i centri di segnalazione disponibili?<\/h3>\n<p>Avete la possibilit\u00e0 di comunicare informazioni sulle violazioni per iscritto (tramite il portale) e per telefono. Sono possibili segnalazioni anonime.<\/p>\n<p><strong>Portale di segnalazione:<\/strong><br \/>www.sat.hinweis.de<\/p>\n<p>Informazioni dettagliate sulla protezione dei dati sono disponibili sul sito web del portale.<\/p>\n<p><strong>Per telefono:<\/strong><br \/>Avete anche la possibilit\u00e0 di contattarci telefonicamente.<\/p>\n<p><strong>Potete raggiungere il nostro canale vocale all&#8217;indirizzo<\/strong><br \/>0431 301400603<\/p>\n<p><strong>I messaggi vengono inseriti automaticamente nel nostro portale informativo.<\/strong><br \/>L&#8217;ufficio segnalazioni interne confermer\u00e0 la segnalazione entro sette giorni. In caso di consegna nei fine settimana, nelle domeniche e nei giorni festivi, la notifica si considera ricevuta il giorno lavorativo successivo. Entro tre mesi, l&#8217;ufficio per le segnalazioni interne vi informer\u00e0 delle misure adottate, ad esempio l&#8217;avvio di indagini interne, l&#8217;inoltro della segnalazione a un&#8217;autorit\u00e0 competente per l&#8217;applicazione della legge, eventuali misure per porre rimedio al problema, la chiusura della procedura per mancanza di prove o per altri motivi.<\/p>\n<p><strong>Ufficio di registrazione esterno:<\/strong><br \/>Ufficio di rendicontazione esterna della Confederazione presso l&#8217;Ufficio federale di giustizia<br \/>https:\/\/www.bundesjustizamt.de\/DE\/MeldestelledesBundes\/MeldestelledesBundes_node.html<\/p>\n<p>Qual \u00e8 la procedura generale per la segnalazione?<\/p>\n<ul>\n<li>Conferma di ricezione alla persona che ha fornito le informazioni al pi\u00f9 tardi dopo sette giorni;<\/li>\n<li>Esaminare se il reato denunciato rientra nel campo di applicazione materiale del \u00a7 2 HinSchG;<\/li>\n<li>Mantenere il contatto con la persona che ha fornito le informazioni e richiedere ulteriori informazioni, se necessario;<\/li>\n<li>Controllare la validit\u00e0 della notifica ricevuta;<\/li>\n<li>adottare misure di follow-up adeguate;<\/li>\n<li>Feedback al whistleblower entro tre mesi dalla conferma del ricevimento della segnalazione;<\/li>\n<li>il feedback dovrebbe includere la notifica delle misure di follow-up pianificate e gi\u00e0 adottate, nonch\u00e9 le relative motivazioni, a condizione che ci\u00f2 non influisca sulle indagini o sulle investigazioni interne e che non vengano lesi i diritti delle persone che sono oggetto di una notifica o che sono citate nella notifica;<\/li>\n<li>le informazioni devono essere documentate nel rispetto dei requisiti di riservatezza. Questa documentazione deve essere cancellata tre anni dopo la fine della procedura, a condizione che sia necessario e proporzionato conservare la documentazione per un periodo pi\u00f9 lungo al fine di elaborare la notifica o in conformit\u00e0 ad altre disposizioni di legge.<\/li>\n<\/ul>\n<h3>Come sono protetti i miei dati?<\/h3>\n<p>L&#8217;ufficio relazioni interne tratta i dati personali &#8211; compreso il loro scambio o trasferimento &#8211; in conformit\u00e0 al Regolamento (UE) 2016\/679 e alla Direttiva (UE) 2016\/680, nonch\u00e9 alla legge nazionale sulla protezione dei dati. Si fa espresso riferimento al \u00a7 10 HinSchG.<\/p>\n<p>L&#8217;ufficio segnalazioni interne tratta l&#8217;identit\u00e0 dell&#8217;informatore in modo riservato. L&#8217;identit\u00e0 del whistleblower pu\u00f2 essere comunicata solo ai dipendenti incaricati di svolgere i compiti dell&#8217;ufficio di segnalazione interna e alle persone che li supportano nell&#8217;adempimento di tali compiti senza il loro esplicito consenso. Ci\u00f2 vale anche per tutte le altre informazioni da cui \u00e8 possibile ricavare direttamente o indirettamente l&#8217;identit\u00e0 della persona che fa riferimento.<\/p>\n<p>L&#8217;identit\u00e0 pu\u00f2 essere rivelata solo se sussiste una circostanza eccezionale ai sensi del \u00a7 9 HinSchG. La divulgazione dell&#8217;identit\u00e0 dell&#8217;informatore non \u00e8 quindi completamente esclusa (cfr. art. 13 e seguenti del Regolamento generale sulla protezione dei dati &#8211; GDPR).<br \/>Il whistleblower deve essere informato prima che la sua identit\u00e0 venga rivelata, a meno che tale informazione non comprometta le indagini o i procedimenti legali in corso.<br \/>Nell&#8217;ambito della notifica, all&#8217;informatore verr\u00e0 inviata una spiegazione scritta dei motivi della divulgazione dei dati riservati in questione.<\/p>\n<p>L&#8217;ufficio di reporting interno protegge l&#8217;identit\u00e0 dei terzi citati nelle relazioni e l&#8217;identit\u00e0 delle persone interessate allo stesso modo. Le informazioni sulle persone oggetto di un rapporto e su altre persone citate nel rapporto possono essere divulgate solo nei casi specificati nel \u00a7 9 comma. 4 HinSchG all&#8217;autorit\u00e0 competente.<\/p>\n<p>L&#8217;ufficio di reporting interno adotta misure organizzative, spaziali e tecniche adeguate per garantire che terzi non possano accedere ai file e ai documenti dell&#8217;ufficio di reporting.<\/p>\n\t\t\t\t\t\t\t\t<\/div>\n\t\t\t\t<\/div>\n\t\t\t\t<\/div>\n\t\t<div data-particle_enable=\"false\" data-particle-mobile-disabled=\"false\" class=\"elementor-element elementor-element-27ee170 e-con-full e-flex e-con e-child\" data-id=\"27ee170\" data-element_type=\"container\" data-e-type=\"container\">\n\t\t\t\t<\/div>\n\t\t\t\t\t<\/div>\n\t\t\t\t<\/div>\n\t\t\t\t<\/div>\n\t\t","protected":false},"excerpt":{"rendered":"<p>Protezione degli informatori Clicca qui per il portale di registrazione Portale di segnalazione &#8230; o utilizzare il canale di segnalazione telefonica: 0431 301400603 Legge sulla protezione degli informatori La nuova &#8220;Legge sulla protezione degli informatori&#8221;, in breve HinSchG, \u00e8 entrata in vigore il 2 luglio 2023. Questa legge, nota anche come Whistleblower Protection Act, \u00e8 [&hellip;]<\/p>\n","protected":false},"author":10025,"featured_media":0,"parent":0,"menu_order":0,"comment_status":"closed","ping_status":"closed","template":"","meta":{"_acf_changed":false,"footnotes":""},"categories":[204],"tags":[],"class_list":["post-6265","page","type-page","status-publish","hentry","category-sat-sterling-it"],"acf":[],"_links":{"self":[{"href":"https:\/\/group-sterling.com\/it\/wp-json\/wp\/v2\/pages\/6265","targetHints":{"allow":["GET"]}}],"collection":[{"href":"https:\/\/group-sterling.com\/it\/wp-json\/wp\/v2\/pages"}],"about":[{"href":"https:\/\/group-sterling.com\/it\/wp-json\/wp\/v2\/types\/page"}],"author":[{"embeddable":true,"href":"https:\/\/group-sterling.com\/it\/wp-json\/wp\/v2\/users\/10025"}],"replies":[{"embeddable":true,"href":"https:\/\/group-sterling.com\/it\/wp-json\/wp\/v2\/comments?post=6265"}],"version-history":[{"count":0,"href":"https:\/\/group-sterling.com\/it\/wp-json\/wp\/v2\/pages\/6265\/revisions"}],"wp:attachment":[{"href":"https:\/\/group-sterling.com\/it\/wp-json\/wp\/v2\/media?parent=6265"}],"wp:term":[{"taxonomy":"category","embeddable":true,"href":"https:\/\/group-sterling.com\/it\/wp-json\/wp\/v2\/categories?post=6265"},{"taxonomy":"post_tag","embeddable":true,"href":"https:\/\/group-sterling.com\/it\/wp-json\/wp\/v2\/tags?post=6265"}],"curies":[{"name":"wp","href":"https:\/\/api.w.org\/{rel}","templated":true}]}}