{"id":6043,"date":"2022-09-01T23:58:50","date_gmt":"2022-09-01T21:58:50","guid":{"rendered":"https:\/\/group-sterling.com\/tipi-di-investimento\/"},"modified":"2024-03-15T09:12:02","modified_gmt":"2024-03-15T08:12:02","slug":"tipi-di-investimento","status":"publish","type":"page","link":"https:\/\/group-sterling.com\/it\/tipi-di-investimento\/","title":{"rendered":"Tipi di investimento"},"content":{"rendered":"\t\t<div data-elementor-type=\"wp-page\" data-elementor-id=\"6043\" class=\"elementor elementor-6043 elementor-2095\" data-elementor-post-type=\"page\">\n\t\t\t\t\t\t<section data-particle_enable=\"false\" data-particle-mobile-disabled=\"false\" class=\"elementor-section elementor-top-section elementor-element elementor-element-8419917 elementor-section-boxed elementor-section-height-default elementor-section-height-default\" data-id=\"8419917\" data-element_type=\"section\" data-e-type=\"section\" data-settings=\"{&quot;background_background&quot;:&quot;video&quot;,&quot;shape_divider_bottom&quot;:&quot;curve-asymmetrical&quot;,&quot;shape_divider_bottom_negative&quot;:&quot;yes&quot;,&quot;shape_divider_top&quot;:&quot;curve-asymmetrical&quot;,&quot;shape_divider_top_negative&quot;:&quot;yes&quot;,&quot;background_video_link&quot;:&quot;https:\\\/\\\/group-sterling.com\\\/wp-content\\\/uploads\\\/2022\\\/05\\\/sat-starterfilm-fluid-end-white.mp4&quot;}\">\n\t\t\t\t\t\t\t\t<div class=\"elementor-background-video-container elementor-hidden-mobile\">\n\t\t\t\t\t\t\t\t\t\t\t\t\t<video class=\"elementor-background-video-hosted\" role=\"presentation\" autoplay muted playsinline loop><\/video>\n\t\t\t\t\t\t\t\t\t\t\t<\/div>\n\t\t\t\t\t\t\t\t\t<div class=\"elementor-background-overlay\"><\/div>\n\t\t\t\t\t\t<div class=\"elementor-shape elementor-shape-top\" aria-hidden=\"true\" data-negative=\"true\">\n\t\t\t<svg xmlns=\"http:\/\/www.w3.org\/2000\/svg\" viewBox=\"0 0 1000 100\" preserveAspectRatio=\"none\">\n\t<path class=\"elementor-shape-fill\" d=\"M615.2,96.7C240.2,97.8,0,18.9,0,0v100h1000V0C1000,19.2,989.8,96,615.2,96.7z\"\/>\n<\/svg>\t\t<\/div>\n\t\t\t\t<div class=\"elementor-shape elementor-shape-bottom\" aria-hidden=\"true\" data-negative=\"true\">\n\t\t\t<svg xmlns=\"http:\/\/www.w3.org\/2000\/svg\" viewBox=\"0 0 1000 100\" preserveAspectRatio=\"none\">\n\t<path class=\"elementor-shape-fill\" d=\"M615.2,96.7C240.2,97.8,0,18.9,0,0v100h1000V0C1000,19.2,989.8,96,615.2,96.7z\"\/>\n<\/svg>\t\t<\/div>\n\t\t\t\t\t<div class=\"elementor-container elementor-column-gap-default\">\n\t\t\t\t\t<div class=\"elementor-column elementor-col-100 elementor-top-column elementor-element elementor-element-376166f1\" data-id=\"376166f1\" data-element_type=\"column\" data-e-type=\"column\">\n\t\t\t<div class=\"elementor-widget-wrap elementor-element-populated\">\n\t\t\t\t\t\t<div class=\"elementor-element elementor-element-6bbe7346 elementor-widget elementor-widget-spacer\" data-id=\"6bbe7346\" data-element_type=\"widget\" data-e-type=\"widget\" data-widget_type=\"spacer.default\">\n\t\t\t\t<div class=\"elementor-widget-container\">\n\t\t\t\t\t\t\t<div class=\"elementor-spacer\">\n\t\t\t<div class=\"elementor-spacer-inner\"><\/div>\n\t\t<\/div>\n\t\t\t\t\t\t<\/div>\n\t\t\t\t<\/div>\n\t\t\t\t<div class=\"elementor-element elementor-element-7898da elementor-widget elementor-widget-heading\" data-id=\"7898da\" data-element_type=\"widget\" data-e-type=\"widget\" data-widget_type=\"heading.default\">\n\t\t\t\t<div class=\"elementor-widget-container\">\n\t\t\t\t\t<h2 class=\"elementor-heading-title elementor-size-default\">Tipi di investimento<\/h2>\t\t\t\t<\/div>\n\t\t\t\t<\/div>\n\t\t\t\t<section data-particle_enable=\"false\" data-particle-mobile-disabled=\"false\" class=\"elementor-section elementor-inner-section elementor-element elementor-element-6722efc2 elementor-section-boxed elementor-section-height-default elementor-section-height-default\" data-id=\"6722efc2\" data-element_type=\"section\" data-e-type=\"section\" data-settings=\"{&quot;background_background&quot;:&quot;classic&quot;}\">\n\t\t\t\t\t\t<div class=\"elementor-container elementor-column-gap-custom\">\n\t\t\t\t\t<div class=\"elementor-column elementor-col-33 elementor-inner-column elementor-element elementor-element-749dc93\" data-id=\"749dc93\" data-element_type=\"column\" data-e-type=\"column\" data-settings=\"{&quot;background_background&quot;:&quot;classic&quot;}\">\n\t\t\t<div class=\"elementor-widget-wrap elementor-element-populated\">\n\t\t\t\t\t\t<div class=\"elementor-element elementor-element-32e8bff7 elementor-widget elementor-widget-heading\" data-id=\"32e8bff7\" data-element_type=\"widget\" data-e-type=\"widget\" data-widget_type=\"heading.default\">\n\t\t\t\t<div class=\"elementor-widget-container\">\n\t\t\t\t\t<h2 class=\"elementor-heading-title elementor-size-default\">MOBILE<\/h2>\t\t\t\t<\/div>\n\t\t\t\t<\/div>\n\t\t\t\t<div class=\"elementor-element elementor-element-40adc2ed elementor-widget elementor-widget-image\" data-id=\"40adc2ed\" data-element_type=\"widget\" data-e-type=\"widget\" data-widget_type=\"image.default\">\n\t\t\t\t<div class=\"elementor-widget-container\">\n\t\t\t\t\t\t\t\t\t\t\t\t\t\t\t\t<a href=\"https:\/\/group-sterling.com\/it\/mobile\/\">\n\t\t\t\t\t\t\t<img fetchpriority=\"high\" decoding=\"async\" width=\"800\" height=\"558\" src=\"https:\/\/group-sterling.com\/wp-content\/uploads\/2022\/06\/sat-sterling-icon-schema-fliess-movable-1024x714.jpg\" class=\"elementor-animation-shrink attachment-large size-large wp-image-5559\" alt=\"\" srcset=\"https:\/\/group-sterling.com\/wp-content\/uploads\/2022\/06\/sat-sterling-icon-schema-fliess-movable-1024x714.jpg 1024w, https:\/\/group-sterling.com\/wp-content\/uploads\/2022\/06\/sat-sterling-icon-schema-fliess-movable-300x209.jpg 300w, https:\/\/group-sterling.com\/wp-content\/uploads\/2022\/06\/sat-sterling-icon-schema-fliess-movable-768x536.jpg 768w, https:\/\/group-sterling.com\/wp-content\/uploads\/2022\/06\/sat-sterling-icon-schema-fliess-movable.jpg 1250w\" sizes=\"(max-width: 800px) 100vw, 800px\" \/>\t\t\t\t\t\t\t\t<\/a>\n\t\t\t\t\t\t\t\t\t\t\t\t\t\t\t<\/div>\n\t\t\t\t<\/div>\n\t\t\t\t<div class=\"elementor-element elementor-element-385c607 elementor-widget elementor-widget-text-editor\" data-id=\"385c607\" data-element_type=\"widget\" data-e-type=\"widget\" data-widget_type=\"text-editor.default\">\n\t\t\t\t<div class=\"elementor-widget-container\">\n\t\t\t\t\t\t\t\t\t<p>Sistemi di riempimento con console mobile. La soluzione di sistema di riempimento perfetta per le linee di assemblaggio in rapida evoluzione. L&#8217;unit\u00e0 di base fornisce console mobili direttamente alla linea di montaggio. I sistemi mobili non occupano spazio nell&#8217;area di montaggio diretto. Le console si muovono con il sistema di trasporto durante l&#8217;intero processo di riempimento. L&#8217;adattatore di riempimento \u00e8 collegato alla console. Si aziona direttamente sulla console.<\/p>\n\t\t\t\t\t\t\t\t<\/div>\n\t\t\t\t<\/div>\n\t\t\t\t<div class=\"elementor-element elementor-element-f28b7af elementor-widget elementor-widget-spacer\" data-id=\"f28b7af\" data-element_type=\"widget\" data-e-type=\"widget\" data-widget_type=\"spacer.default\">\n\t\t\t\t<div class=\"elementor-widget-container\">\n\t\t\t\t\t\t\t<div class=\"elementor-spacer\">\n\t\t\t<div class=\"elementor-spacer-inner\"><\/div>\n\t\t<\/div>\n\t\t\t\t\t\t<\/div>\n\t\t\t\t<\/div>\n\t\t\t\t\t<\/div>\n\t\t<\/div>\n\t\t\t\t<div class=\"elementor-column elementor-col-33 elementor-inner-column elementor-element elementor-element-598c7aa8\" data-id=\"598c7aa8\" data-element_type=\"column\" data-e-type=\"column\" data-settings=\"{&quot;background_background&quot;:&quot;classic&quot;}\">\n\t\t\t<div class=\"elementor-widget-wrap elementor-element-populated\">\n\t\t\t\t\t\t<div class=\"elementor-element elementor-element-3c8405d5 elementor-widget elementor-widget-heading\" data-id=\"3c8405d5\" data-element_type=\"widget\" data-e-type=\"widget\" data-widget_type=\"heading.default\">\n\t\t\t\t<div class=\"elementor-widget-container\">\n\t\t\t\t\t<h2 class=\"elementor-heading-title elementor-size-default\">FIDUCIOSO<\/h2>\t\t\t\t<\/div>\n\t\t\t\t<\/div>\n\t\t\t\t<div class=\"elementor-element elementor-element-aebead6 elementor-widget elementor-widget-image\" data-id=\"aebead6\" data-element_type=\"widget\" data-e-type=\"widget\" data-widget_type=\"image.default\">\n\t\t\t\t<div class=\"elementor-widget-container\">\n\t\t\t\t\t\t\t\t\t\t\t\t\t\t\t\t<a href=\"https:\/\/group-sterling.com\/it\/fermo\/\">\n\t\t\t\t\t\t\t<img decoding=\"async\" width=\"800\" height=\"558\" src=\"https:\/\/group-sterling.com\/wp-content\/uploads\/2022\/06\/sat-sterling-icon-schema-vertaktet-steady-1024x714.jpg\" class=\"elementor-animation-shrink attachment-large size-large wp-image-5560\" alt=\"\" srcset=\"https:\/\/group-sterling.com\/wp-content\/uploads\/2022\/06\/sat-sterling-icon-schema-vertaktet-steady-1024x714.jpg 1024w, https:\/\/group-sterling.com\/wp-content\/uploads\/2022\/06\/sat-sterling-icon-schema-vertaktet-steady-300x209.jpg 300w, https:\/\/group-sterling.com\/wp-content\/uploads\/2022\/06\/sat-sterling-icon-schema-vertaktet-steady-768x536.jpg 768w, https:\/\/group-sterling.com\/wp-content\/uploads\/2022\/06\/sat-sterling-icon-schema-vertaktet-steady.jpg 1250w\" sizes=\"(max-width: 800px) 100vw, 800px\" \/>\t\t\t\t\t\t\t\t<\/a>\n\t\t\t\t\t\t\t\t\t\t\t\t\t\t\t<\/div>\n\t\t\t\t<\/div>\n\t\t\t\t<div class=\"elementor-element elementor-element-ec6ce15 elementor-widget elementor-widget-text-editor\" data-id=\"ec6ce15\" data-element_type=\"widget\" data-e-type=\"widget\" data-widget_type=\"text-editor.default\">\n\t\t\t\t<div class=\"elementor-widget-container\">\n\t\t\t\t\t\t\t\t\t<p>Sistemi di riempimento con console fissa. La soluzione di riempimento sofisticata per la costruzione di prototipi, la rilavorazione o le linee di assemblaggio a bassa velocit\u00e0. L&#8217;unit\u00e0 di base fornisce console fisse direttamente sulla linea di montaggio. I sistemi fissi non richiedono spazio a terra nell&#8217;area di montaggio diretto. L&#8217;adattatore di riempimento \u00e8 collegato alla console. Si aziona direttamente sulla console.<\/p>\n\t\t\t\t\t\t\t\t<\/div>\n\t\t\t\t<\/div>\n\t\t\t\t\t<\/div>\n\t\t<\/div>\n\t\t\t\t<div class=\"elementor-column elementor-col-33 elementor-inner-column elementor-element elementor-element-29251cd\" data-id=\"29251cd\" data-element_type=\"column\" data-e-type=\"column\" data-settings=\"{&quot;background_background&quot;:&quot;classic&quot;}\">\n\t\t\t<div class=\"elementor-widget-wrap elementor-element-populated\">\n\t\t\t\t\t\t<div class=\"elementor-element elementor-element-4294ddcf elementor-widget elementor-widget-heading\" data-id=\"4294ddcf\" data-element_type=\"widget\" data-e-type=\"widget\" data-widget_type=\"heading.default\">\n\t\t\t\t<div class=\"elementor-widget-container\">\n\t\t\t\t\t<h2 class=\"elementor-heading-title elementor-size-default\">Compatto<\/h2>\t\t\t\t<\/div>\n\t\t\t\t<\/div>\n\t\t\t\t<div class=\"elementor-element elementor-element-73e15383 elementor-widget elementor-widget-image\" data-id=\"73e15383\" data-element_type=\"widget\" data-e-type=\"widget\" data-widget_type=\"image.default\">\n\t\t\t\t<div class=\"elementor-widget-container\">\n\t\t\t\t\t\t\t\t\t\t\t\t\t\t\t\t<a href=\"https:\/\/group-sterling.com\/it\/compatto\/\">\n\t\t\t\t\t\t\t<img decoding=\"async\" width=\"800\" height=\"558\" src=\"https:\/\/group-sterling.com\/wp-content\/uploads\/2022\/06\/sat-sterling-icon-schema-vertaktet-compact-1024x714.jpg\" class=\"elementor-animation-shrink attachment-large size-large wp-image-5561\" alt=\"\" srcset=\"https:\/\/group-sterling.com\/wp-content\/uploads\/2022\/06\/sat-sterling-icon-schema-vertaktet-compact-1024x714.jpg 1024w, https:\/\/group-sterling.com\/wp-content\/uploads\/2022\/06\/sat-sterling-icon-schema-vertaktet-compact-300x209.jpg 300w, https:\/\/group-sterling.com\/wp-content\/uploads\/2022\/06\/sat-sterling-icon-schema-vertaktet-compact-768x536.jpg 768w, https:\/\/group-sterling.com\/wp-content\/uploads\/2022\/06\/sat-sterling-icon-schema-vertaktet-compact.jpg 1250w\" sizes=\"(max-width: 800px) 100vw, 800px\" \/>\t\t\t\t\t\t\t\t<\/a>\n\t\t\t\t\t\t\t\t\t\t\t\t\t\t\t<\/div>\n\t\t\t\t<\/div>\n\t\t\t\t<div class=\"elementor-element elementor-element-b07a1a5 elementor-widget elementor-widget-text-editor\" data-id=\"b07a1a5\" data-element_type=\"widget\" data-e-type=\"widget\" data-widget_type=\"text-editor.default\">\n\t\t\t\t<div class=\"elementor-widget-container\">\n\t\t\t\t\t\t\t\t\t<p>Sistemi di riempimento con console integrata. La soluzione del sistema di riempimento per le linee di assemblaggio in rilavorazione o a bassa velocit\u00e0. I moduli elettrici e meccanici sono collocati in un&#8217;unit\u00e0 di base. L&#8217;adattatore di riempimento \u00e8 collegato direttamente al sistema.<\/p>\n\t\t\t\t\t\t\t\t<\/div>\n\t\t\t\t<\/div>\n\t\t\t\t\t<\/div>\n\t\t<\/div>\n\t\t\t\t\t<\/div>\n\t\t<\/section>\n\t\t\t\t<div class=\"elementor-element elementor-element-317f9743 elementor-widget elementor-widget-spacer\" data-id=\"317f9743\" data-element_type=\"widget\" data-e-type=\"widget\" data-widget_type=\"spacer.default\">\n\t\t\t\t<div class=\"elementor-widget-container\">\n\t\t\t\t\t\t\t<div class=\"elementor-spacer\">\n\t\t\t<div class=\"elementor-spacer-inner\"><\/div>\n\t\t<\/div>\n\t\t\t\t\t\t<\/div>\n\t\t\t\t<\/div>\n\t\t\t\t\t<\/div>\n\t\t<\/div>\n\t\t\t\t\t<\/div>\n\t\t<\/section>\n\t\t\t\t<section data-particle_enable=\"false\" data-particle-mobile-disabled=\"false\" class=\"elementor-section elementor-inner-section elementor-element elementor-element-297ab27 elementor-section-boxed elementor-section-height-default elementor-section-height-default\" data-id=\"297ab27\" data-element_type=\"section\" data-e-type=\"section\" data-settings=\"{&quot;background_background&quot;:&quot;classic&quot;}\">\n\t\t\t\t\t\t<div class=\"elementor-container elementor-column-gap-default\">\n\t\t\t\t\t<div class=\"elementor-column elementor-col-33 elementor-inner-column elementor-element elementor-element-514d479e\" data-id=\"514d479e\" data-element_type=\"column\" data-e-type=\"column\">\n\t\t\t<div class=\"elementor-widget-wrap\">\n\t\t\t\t\t\t\t<\/div>\n\t\t<\/div>\n\t\t\t\t<div class=\"elementor-column elementor-col-33 elementor-inner-column elementor-element elementor-element-6e4ab82c\" data-id=\"6e4ab82c\" data-element_type=\"column\" data-e-type=\"column\">\n\t\t\t<div class=\"elementor-widget-wrap\">\n\t\t\t\t\t\t\t<\/div>\n\t\t<\/div>\n\t\t\t\t<div class=\"elementor-column elementor-col-33 elementor-inner-column elementor-element elementor-element-3163fa98\" data-id=\"3163fa98\" data-element_type=\"column\" data-e-type=\"column\">\n\t\t\t<div class=\"elementor-widget-wrap\">\n\t\t\t\t\t\t\t<\/div>\n\t\t<\/div>\n\t\t\t\t\t<\/div>\n\t\t<\/section>\n\t\t\t\t<\/div>\n\t\t","protected":false},"excerpt":{"rendered":"<p>Tipi di investimento MOBILE Sistemi di riempimento con console mobile. La soluzione di sistema di riempimento perfetta per le linee di assemblaggio in rapida evoluzione. L&#8217;unit\u00e0 di base fornisce console mobili direttamente alla linea di montaggio. I sistemi mobili non occupano spazio nell&#8217;area di montaggio diretto. Le console si muovono con il sistema di trasporto [&hellip;]<\/p>\n","protected":false},"author":10025,"featured_media":0,"parent":0,"menu_order":0,"comment_status":"closed","ping_status":"closed","template":"","meta":{"_acf_changed":false,"footnotes":""},"categories":[204],"tags":[],"class_list":["post-6043","page","type-page","status-publish","hentry","category-sat-sterling-it"],"acf":[],"_links":{"self":[{"href":"https:\/\/group-sterling.com\/it\/wp-json\/wp\/v2\/pages\/6043","targetHints":{"allow":["GET"]}}],"collection":[{"href":"https:\/\/group-sterling.com\/it\/wp-json\/wp\/v2\/pages"}],"about":[{"href":"https:\/\/group-sterling.com\/it\/wp-json\/wp\/v2\/types\/page"}],"author":[{"embeddable":true,"href":"https:\/\/group-sterling.com\/it\/wp-json\/wp\/v2\/users\/10025"}],"replies":[{"embeddable":true,"href":"https:\/\/group-sterling.com\/it\/wp-json\/wp\/v2\/comments?post=6043"}],"version-history":[{"count":0,"href":"https:\/\/group-sterling.com\/it\/wp-json\/wp\/v2\/pages\/6043\/revisions"}],"wp:attachment":[{"href":"https:\/\/group-sterling.com\/it\/wp-json\/wp\/v2\/media?parent=6043"}],"wp:term":[{"taxonomy":"category","embeddable":true,"href":"https:\/\/group-sterling.com\/it\/wp-json\/wp\/v2\/categories?post=6043"},{"taxonomy":"post_tag","embeddable":true,"href":"https:\/\/group-sterling.com\/it\/wp-json\/wp\/v2\/tags?post=6043"}],"curies":[{"name":"wp","href":"https:\/\/api.w.org\/{rel}","templated":true}]}}