{"id":5634,"date":"2022-05-09T11:10:48","date_gmt":"2022-05-09T09:10:48","guid":{"rendered":"https:\/\/group-sterling.com\/impronta\/"},"modified":"2025-07-31T00:45:48","modified_gmt":"2025-07-30T22:45:48","slug":"impronta","status":"publish","type":"page","link":"https:\/\/group-sterling.com\/it\/impronta\/","title":{"rendered":"Impronta"},"content":{"rendered":"\t\t<div data-elementor-type=\"wp-page\" data-elementor-id=\"5634\" class=\"elementor elementor-5634 elementor-401\" data-elementor-post-type=\"page\">\n\t\t\t\t<div data-particle_enable=\"false\" data-particle-mobile-disabled=\"false\" class=\"elementor-element elementor-element-81916d8 e-flex e-con-boxed e-con e-parent\" data-id=\"81916d8\" data-element_type=\"container\" data-e-type=\"container\" data-settings=\"{&quot;background_background&quot;:&quot;gradient&quot;}\">\n\t\t\t\t\t<div class=\"e-con-inner\">\n\t\t\t\t<div class=\"elementor-element elementor-element-7130aec elementor-widget__width-initial elementor-widget elementor-widget-text-editor\" data-id=\"7130aec\" data-element_type=\"widget\" data-e-type=\"widget\" data-widget_type=\"text-editor.default\">\n\t\t\t\t<div class=\"elementor-widget-container\">\n\t\t\t\t\t\t\t\t\t<p><strong>Responsabile di questo sito web:<\/strong><\/p><p>SAT Anlagentechnik GmbH<br>Kaddenbusch 21<br>25578 D\u00e4geling<\/p><p><strong>Rappresentato da:<\/strong><\/p><p>Amministratore delegato: Dr.-Ing. Kai St\u00fcrken<\/p><p><strong>Contatto:<\/strong><\/p><p>Telefono: +49 (0) 4821 9000 0<br>Fax: +49 (0) 4821 9000 501<br>E-mail: info@sat-sterling.com<\/p><p><strong>Registra l&#8217;iscrizione:<\/strong><\/p><p>Iscrizione nel registro delle imprese.<br>Tribunale di registrazione: Tribunale locale di Pinneberg<br>Numero di registro: HRB 2407 IZ<\/p><p><strong>Imposta sul valore aggiunto:<\/strong><\/p><p>Numero di identificazione dell&#8217;imposta sulle vendite:<br>DE811250011<\/p><p><strong>Responsabilit\u00e0 per i contenuti<\/strong><\/p><p>In qualit\u00e0 di fornitore di servizi, siamo responsabili dei nostri contenuti su queste pagine, ai sensi del \u00a7 7 (1) DDG e della legislazione generale. Ai sensi dei \u00a7\u00a7 8-10 DDG, tuttavia, non siamo obbligati a monitorare le informazioni trasmesse o memorizzate da terzi o a indagare su circostanze che indicano un&#8217;attivit\u00e0 illegale.<\/p><p>Gli obblighi di rimuovere o bloccare l&#8217;uso delle informazioni in conformit\u00e0 alla legislazione generale rimangono inalterati. Tuttavia, la responsabilit\u00e0 in questo senso \u00e8 possibile solo a partire dal momento in cui si viene a conoscenza di una specifica violazione. Non appena verremo a conoscenza di tali violazioni, rimuoveremo immediatamente questi contenuti.<\/p><p><strong>Responsabilit\u00e0 per i link<\/strong><\/p><p>Il nostro sito web contiene link a siti web esterni di terzi sui cui contenuti non abbiamo alcuna influenza. Pertanto, non possiamo accettare alcuna responsabilit\u00e0 per questi contenuti di terzi. Il rispettivo fornitore o gestore delle pagine \u00e8 sempre responsabile del contenuto delle pagine collegate. Le pagine collegate sono state controllate per verificare eventuali violazioni legali al momento del collegamento. In quel momento non era riconoscibile alcun contenuto illegale.<\/p><p>Tuttavia, il monitoraggio permanente del contenuto delle pagine collegate non \u00e8 ragionevole senza prove concrete di una violazione. Se veniamo a conoscenza di violazioni legali, rimuoveremo immediatamente tali link.<\/p><p><strong>Copyright<\/strong><\/p><p>I contenuti e le opere create dagli operatori del sito su queste pagine sono soggetti alla legge tedesca sul copyright. La riproduzione, l&#8217;editing, la distribuzione e qualsiasi tipo di utilizzo al di fuori dei limiti della legge sul copyright richiedono il consenso scritto del rispettivo autore o creatore. I download e le copie di questo sito sono consentiti solo per uso privato e non commerciale.<\/p><p>Nella misura in cui i contenuti di questo sito non sono stati creati dall&#8217;operatore, si rispettano i diritti d&#8217;autore di terzi. In particolare, i contenuti di terze parti sono etichettati come tali. Se tuttavia dovessi venire a conoscenza di una violazione del copyright, ti preghiamo di informarci di conseguenza. Se veniamo a conoscenza di violazioni legali, rimuoveremo immediatamente tali contenuti.<\/p><p><strong>Concetto e Webdesign<\/strong><br><a href=\"https:\/\/www.tba-hamburg.de\/\">Webdesign di tba-hamburg.de<\/a><br><a href=\"https:\/\/www.tba-berlin.de\/en\/\">Manutenzione\/programmazione da parte di tba-berlin.de<\/a><\/p><p><strong>Foto e illustrazioni &#8211; Crediti<\/strong><br>Carsten Dammann, Krafft Angerer, Tim Becker;<br>C. Berlin, Peer Frings, Kalafoto, Visdia, Pixelwolf2, SeanPavonePhoto &#8211; Fotolia.com, adobe stock.com<\/p>\t\t\t\t\t\t\t\t<\/div>\n\t\t\t\t<\/div>\n\t\t\t\t\t<\/div>\n\t\t\t\t<\/div>\n\t\t\t\t<\/div>\n\t\t","protected":false},"excerpt":{"rendered":"<p>Responsabile di questo sito web: SAT Anlagentechnik GmbHKaddenbusch 2125578 D\u00e4geling Rappresentato da: Amministratore delegato: Dr.-Ing. Kai St\u00fcrken Contatto: Telefono: +49 (0) 4821 9000 0Fax: +49 (0) 4821 9000 501E-mail: info@sat-sterling.com Registra l&#8217;iscrizione: Iscrizione nel registro delle imprese.Tribunale di registrazione: Tribunale locale di PinnebergNumero di registro: HRB 2407 IZ Imposta sul valore aggiunto: Numero di identificazione [&hellip;]<\/p>\n","protected":false},"author":10025,"featured_media":0,"parent":0,"menu_order":0,"comment_status":"closed","ping_status":"closed","template":"","meta":{"_acf_changed":false,"footnotes":""},"categories":[214],"tags":[],"class_list":["post-5634","page","type-page","status-publish","hentry","category-gruppo-sterling"],"acf":[],"_links":{"self":[{"href":"https:\/\/group-sterling.com\/it\/wp-json\/wp\/v2\/pages\/5634","targetHints":{"allow":["GET"]}}],"collection":[{"href":"https:\/\/group-sterling.com\/it\/wp-json\/wp\/v2\/pages"}],"about":[{"href":"https:\/\/group-sterling.com\/it\/wp-json\/wp\/v2\/types\/page"}],"author":[{"embeddable":true,"href":"https:\/\/group-sterling.com\/it\/wp-json\/wp\/v2\/users\/10025"}],"replies":[{"embeddable":true,"href":"https:\/\/group-sterling.com\/it\/wp-json\/wp\/v2\/comments?post=5634"}],"version-history":[{"count":2,"href":"https:\/\/group-sterling.com\/it\/wp-json\/wp\/v2\/pages\/5634\/revisions"}],"predecessor-version":[{"id":9705,"href":"https:\/\/group-sterling.com\/it\/wp-json\/wp\/v2\/pages\/5634\/revisions\/9705"}],"wp:attachment":[{"href":"https:\/\/group-sterling.com\/it\/wp-json\/wp\/v2\/media?parent=5634"}],"wp:term":[{"taxonomy":"category","embeddable":true,"href":"https:\/\/group-sterling.com\/it\/wp-json\/wp\/v2\/categories?post=5634"},{"taxonomy":"post_tag","embeddable":true,"href":"https:\/\/group-sterling.com\/it\/wp-json\/wp\/v2\/tags?post=5634"}],"curies":[{"name":"wp","href":"https:\/\/api.w.org\/{rel}","templated":true}]}}