{"id":8396,"date":"2024-05-03T17:45:57","date_gmt":"2024-05-03T15:45:57","guid":{"rendered":"https:\/\/group-sterling.com\/?page_id=8396"},"modified":"2024-05-03T18:14:23","modified_gmt":"2024-05-03T16:14:23","slug":"eng-certificats-politiques-reglementations","status":"publish","type":"page","link":"https:\/\/group-sterling.com\/fr\/eng-certificats-politiques-reglementations\/","title":{"rendered":"ENG Envoyer un message"},"content":{"rendered":"\t\t<div data-elementor-type=\"wp-page\" data-elementor-id=\"8396\" class=\"elementor elementor-8396 elementor-8394\" data-elementor-post-type=\"page\">\n\t\t\t\t<div data-particle_enable=\"false\" data-particle-mobile-disabled=\"false\" class=\"elementor-element elementor-element-8619588 e-flex e-con-boxed e-con e-parent\" data-id=\"8619588\" data-element_type=\"container\" data-e-type=\"container\" data-settings=\"{&quot;background_background&quot;:&quot;slideshow&quot;,&quot;shape_divider_bottom&quot;:&quot;curve-asymmetrical&quot;,&quot;shape_divider_bottom_negative&quot;:&quot;yes&quot;,&quot;shape_divider_top&quot;:&quot;curve-asymmetrical&quot;,&quot;shape_divider_top_negative&quot;:&quot;yes&quot;,&quot;background_slideshow_gallery&quot;:[{&quot;id&quot;:3462,&quot;url&quot;:&quot;https:\\\/\\\/group-sterling.com\\\/wp-content\\\/uploads\\\/2023\\\/03\\\/2-10.jpg&quot;},{&quot;id&quot;:3461,&quot;url&quot;:&quot;https:\\\/\\\/group-sterling.com\\\/wp-content\\\/uploads\\\/2023\\\/03\\\/3-7.jpg&quot;},{&quot;id&quot;:3459,&quot;url&quot;:&quot;https:\\\/\\\/group-sterling.com\\\/wp-content\\\/uploads\\\/2023\\\/03\\\/6-6.jpg&quot;}],&quot;background_slideshow_ken_burns&quot;:&quot;yes&quot;,&quot;background_slideshow_ken_burns_zoom_direction&quot;:&quot;out&quot;,&quot;background_slideshow_slide_duration&quot;:3000,&quot;background_slideshow_transition_duration&quot;:1500,&quot;background_slideshow_loop&quot;:&quot;yes&quot;,&quot;background_slideshow_slide_transition&quot;:&quot;fade&quot;}\">\n\t\t\t\t\t<div class=\"e-con-inner\">\n\t\t\t\t<div class=\"elementor-shape elementor-shape-top\" aria-hidden=\"true\" data-negative=\"true\">\n\t\t\t<svg xmlns=\"http:\/\/www.w3.org\/2000\/svg\" viewBox=\"0 0 1000 100\" preserveAspectRatio=\"none\">\n\t<path class=\"elementor-shape-fill\" d=\"M615.2,96.7C240.2,97.8,0,18.9,0,0v100h1000V0C1000,19.2,989.8,96,615.2,96.7z\"\/>\n<\/svg>\t\t<\/div>\n\t\t\t\t<div class=\"elementor-shape elementor-shape-bottom\" aria-hidden=\"true\" data-negative=\"true\">\n\t\t\t<svg xmlns=\"http:\/\/www.w3.org\/2000\/svg\" viewBox=\"0 0 1000 100\" preserveAspectRatio=\"none\">\n\t<path class=\"elementor-shape-fill\" d=\"M615.2,96.7C240.2,97.8,0,18.9,0,0v100h1000V0C1000,19.2,989.8,96,615.2,96.7z\"\/>\n<\/svg>\t\t<\/div>\n\t\t<div data-particle_enable=\"false\" data-particle-mobile-disabled=\"false\" class=\"elementor-element elementor-element-daeff62 e-con-full e-flex e-con e-child\" data-id=\"daeff62\" data-element_type=\"container\" data-e-type=\"container\">\n\t\t\t\t<div class=\"elementor-element elementor-element-7e826a6 elementor-widget__width-auto elementor-widget elementor-widget-heading\" data-id=\"7e826a6\" data-element_type=\"widget\" data-e-type=\"widget\" data-widget_type=\"heading.default\">\n\t\t\t\t<div class=\"elementor-widget-container\">\n\t\t\t\t\t<h2 class=\"elementor-heading-title elementor-size-default\">Certificats, politiques, r\u00e9glementations<\/h2>\t\t\t\t<\/div>\n\t\t\t\t<\/div>\n\t\t\t\t<\/div>\n\t\t\t\t\t<\/div>\n\t\t\t\t<\/div>\n\t\t<div data-particle_enable=\"false\" data-particle-mobile-disabled=\"false\" class=\"elementor-element elementor-element-03612cd e-flex e-con-boxed e-con e-parent\" data-id=\"03612cd\" data-element_type=\"container\" data-e-type=\"container\" data-settings=\"{&quot;shape_divider_bottom&quot;:&quot;curve-asymmetrical&quot;,&quot;shape_divider_bottom_negative&quot;:&quot;yes&quot;,&quot;background_background&quot;:&quot;gradient&quot;}\">\n\t\t\t\t\t<div class=\"e-con-inner\">\n\t\t\t\t<div class=\"elementor-shape elementor-shape-bottom\" aria-hidden=\"true\" data-negative=\"true\">\n\t\t\t<svg xmlns=\"http:\/\/www.w3.org\/2000\/svg\" viewBox=\"0 0 1000 100\" preserveAspectRatio=\"none\">\n\t<path class=\"elementor-shape-fill\" d=\"M615.2,96.7C240.2,97.8,0,18.9,0,0v100h1000V0C1000,19.2,989.8,96,615.2,96.7z\"\/>\n<\/svg>\t\t<\/div>\n\t\t\t\t<div class=\"elementor-element elementor-element-3bfac89 elementor-widget__width-initial elementor-widget elementor-widget-text-editor\" data-id=\"3bfac89\" data-element_type=\"widget\" data-e-type=\"widget\" data-widget_type=\"text-editor.default\">\n\t\t\t\t<div class=\"elementor-widget-container\">\n\t\t\t\t\t\t\t\t\t<p>Nous vous remercions de votre contribution \u00e0 ENG, qu&rsquo;il s&rsquo;agisse de plaintes de quelque nature que ce soit, de r\u00e9clamations ou m\u00eame de louanges. Votre identit\u00e9 peut \u00eatre renseign\u00e9e ou nous pouvons recevoir les donn\u00e9es en tant que source anonyme, et dans les deux cas, les informations sont enti\u00e8rement prot\u00e9g\u00e9es par les lois LGPD (General Data Protection Laws).<\/p>\n\t\t\t\t\t\t\t\t<\/div>\n\t\t\t\t<\/div>\n\t\t\t\t<div class=\"elementor-element elementor-element-3124ec9 elementor-widget__width-initial elementor-widget elementor-widget-shortcode\" data-id=\"3124ec9\" data-element_type=\"widget\" data-e-type=\"widget\" data-widget_type=\"shortcode.default\">\n\t\t\t\t<div class=\"elementor-widget-container\">\n\t\t\t\t\t\t\t<div class=\"elementor-shortcode\"><div id=\"quform-9b115d\" class=\"quform quform-12 quform-theme-light quform-prevent-fouc quform-support-page-caching\"><form id=\"quform-form-9b115d\" class=\"quform-form quform-form-12\" action=\"\/fr\/wp-json\/wp\/v2\/pages\/8396#quform-9b115d\" method=\"post\" enctype=\"multipart\/form-data\" novalidate=\"novalidate\" data-options=\"{&quot;id&quot;:12,&quot;uniqueId&quot;:&quot;9b115d&quot;,&quot;theme&quot;:&quot;light&quot;,&quot;ajax&quot;:true,&quot;logic&quot;:{&quot;logic&quot;:{&quot;4&quot;:{&quot;action&quot;:false,&quot;match&quot;:&quot;all&quot;,&quot;rules&quot;:[{&quot;elementId&quot;:&quot;3&quot;,&quot;operator&quot;:&quot;eq&quot;,&quot;optionId&quot;:&quot;1&quot;,&quot;value&quot;:&quot;Anonymous &quot;}]},&quot;5&quot;:{&quot;action&quot;:false,&quot;match&quot;:&quot;all&quot;,&quot;rules&quot;:[{&quot;elementId&quot;:&quot;3&quot;,&quot;operator&quot;:&quot;eq&quot;,&quot;optionId&quot;:&quot;1&quot;,&quot;value&quot;:&quot;Anonymous &quot;}]},&quot;6&quot;:{&quot;action&quot;:false,&quot;match&quot;:&quot;all&quot;,&quot;rules&quot;:[{&quot;elementId&quot;:&quot;3&quot;,&quot;operator&quot;:&quot;eq&quot;,&quot;optionId&quot;:&quot;1&quot;,&quot;value&quot;:&quot;Anonymous &quot;}]}},&quot;dependents&quot;:{&quot;3&quot;:[4,5,6]},&quot;elementIds&quot;:[4,5,6],&quot;dependentElementIds&quot;:[&quot;3&quot;],&quot;animate&quot;:true},&quot;currentPageId&quot;:1,&quot;errorsIcon&quot;:&quot;&quot;,&quot;updateFancybox&quot;:true,&quot;hasPages&quot;:false,&quot;pages&quot;:[1],&quot;pageProgressType&quot;:&quot;numbers&quot;,&quot;tooltipsEnabled&quot;:true,&quot;tooltipClasses&quot;:&quot;qtip-quform-dark qtip-shadow&quot;,&quot;tooltipMy&quot;:&quot;left center&quot;,&quot;tooltipAt&quot;:&quot;right center&quot;,&quot;isRtl&quot;:false,&quot;scrollOffset&quot;:-50,&quot;scrollSpeed&quot;:800}\"><button class=\"quform-default-submit\" name=\"quform_submit\" type=\"submit\" value=\"submit\" aria-hidden=\"true\" tabindex=\"-1\"><\/button><div class=\"quform-form-inner quform-form-inner-12\"><input type=\"hidden\" name=\"quform_form_id\" value=\"12\" \/><input type=\"hidden\" name=\"quform_form_uid\" value=\"9b115d\" \/><input type=\"hidden\" name=\"quform_count\" value=\"1\" \/><input type=\"hidden\" name=\"form_url\" value=\"https:\/\/group-sterling.com\/fr\/wp-json\/wp\/v2\/pages\/8396\" \/><input type=\"hidden\" name=\"referring_url\" value=\"\" \/><input type=\"hidden\" name=\"post_id\" value=\"\" \/><input type=\"hidden\" name=\"post_title\" value=\"\" \/><input type=\"hidden\" name=\"quform_current_page_id\" value=\"1\" \/><input type=\"hidden\" name=\"quform_loaded\" value=\"1778109713|cc623c91e4e493cd26625a95c29f6649\" \/><input type=\"hidden\" name=\"quform_csrf_token\" value=\"vsbrG7la0Je4UxKCA2pWTK5iLYjABslBi26iyKxs\" \/><div class=\"quform-elements quform-elements-12 quform-cf quform-responsive-elements-phone-landscape\"><div class=\"quform-element quform-element-page quform-page-1 quform-page-12_1 quform-cf quform-group-style-plain quform-first-page quform-last-page quform-current-page\"><div class=\"quform-child-elements\"><div class=\"quform-element quform-element-radio quform-element-12_3 quform-cf quform-element-optional\"><div class=\"quform-spacer\"><div class=\"quform-inner quform-inner-radio quform-inner-12_3\"><div class=\"quform-input quform-input-radio quform-input-12_3 quform-cf\"><div class=\"quform-options quform-cf quform-options-inline quform-options-simple\"><div class=\"quform-option\"><input type=\"radio\" name=\"quform_12_3\" id=\"quform_12_3_9b115d_1\" class=\"quform-field quform-field-radio quform-field-12_3 quform-field-12_3_1\" value=\"Anonymous \" \/><label for=\"quform_12_3_9b115d_1\" class=\"quform-option-label quform-option-label-12_3_1\"><span class=\"quform-option-text\">Anonymous <\/span><\/label><\/div><div class=\"quform-option\"><input type=\"radio\" name=\"quform_12_3\" id=\"quform_12_3_9b115d_2\" class=\"quform-field quform-field-radio quform-field-12_3 quform-field-12_3_2\" value=\"Claim\" \/><label for=\"quform_12_3_9b115d_2\" class=\"quform-option-label quform-option-label-12_3_2\"><span class=\"quform-option-text\">Claim<\/span><\/label><\/div><div class=\"quform-option\"><input type=\"radio\" name=\"quform_12_3\" id=\"quform_12_3_9b115d_3\" class=\"quform-field quform-field-radio quform-field-12_3 quform-field-12_3_3\" value=\"Complaint \" \/><label for=\"quform_12_3_9b115d_3\" class=\"quform-option-label quform-option-label-12_3_3\"><span class=\"quform-option-text\">Complaint <\/span><\/label><\/div><div class=\"quform-option\"><input type=\"radio\" name=\"quform_12_3\" id=\"quform_12_3_9b115d_4\" class=\"quform-field quform-field-radio quform-field-12_3 quform-field-12_3_4\" value=\"Compliment\" \/><label for=\"quform_12_3_9b115d_4\" class=\"quform-option-label quform-option-label-12_3_4\"><span class=\"quform-option-text\">Compliment<\/span><\/label><\/div><\/div><\/div><\/div><\/div><\/div><div class=\"quform-element quform-element-name quform-element-12_4 quform-cf quform-element-optional\"><div class=\"quform-spacer\"><div class=\"quform-label quform-label-12_4\"><label class=\"quform-label-text\" id=\"quform_12_4_9b115d_label\">Name<\/label><\/div><div class=\"quform-inner quform-inner-name quform-inner-12_4\"><div class=\"quform-input quform-input-name quform-input-12_4 quform-cf\"><div class=\"quform-element-row quform-2-columns quform-element-row-size-fixed quform-responsive-columns-phone-landscape\"><div class=\"quform-element-column\"><div class=\"quform-element quform-element-text quform-element-12_4_2 quform-cf quform-element-optional\"><div class=\"quform-spacer\"><div class=\"quform-inner quform-inner-text quform-inner-12_4_2\"><div class=\"quform-input quform-input-text quform-input-12_4_2 quform-cf\"><input type=\"text\" id=\"quform_12_4_2_9b115d\" name=\"quform_12_4[2]\" class=\"quform-field quform-field-text quform-field-12_4_2\" aria-labelledby=\"quform_12_4_9b115d_label quform_12_4_2_9b115d_sub_label_below\" \/><\/div><label id=\"quform_12_4_2_9b115d_sub_label_below\" class=\"quform-sub-label quform-sub-label-below\">First<\/label><\/div><\/div><\/div><\/div><div class=\"quform-element-column\"><div class=\"quform-element quform-element-text quform-element-12_4_4 quform-cf quform-element-optional\"><div class=\"quform-spacer\"><div class=\"quform-inner quform-inner-text quform-inner-12_4_4\"><div class=\"quform-input quform-input-text quform-input-12_4_4 quform-cf\"><input type=\"text\" id=\"quform_12_4_4_9b115d\" name=\"quform_12_4[4]\" class=\"quform-field quform-field-text quform-field-12_4_4\" aria-labelledby=\"quform_12_4_9b115d_label quform_12_4_4_9b115d_sub_label_below\" \/><\/div><label id=\"quform_12_4_4_9b115d_sub_label_below\" class=\"quform-sub-label quform-sub-label-below\">Last<\/label><\/div><\/div><\/div><\/div><\/div><\/div><\/div><\/div><\/div><div class=\"quform-element quform-element-email quform-element-12_5 quform-cf quform-element-required\"><div class=\"quform-spacer\"><div class=\"quform-label quform-label-12_5\"><label class=\"quform-label-text\" for=\"quform_12_5_9b115d\">E-Mail<span class=\"quform-required\">*<\/span><\/label><\/div><div class=\"quform-inner quform-inner-email quform-inner-12_5\"><div class=\"quform-input quform-input-email quform-input-12_5 quform-cf\"><input type=\"email\" id=\"quform_12_5_9b115d\" name=\"quform_12_5\" class=\"quform-field quform-field-email quform-field-12_5\" \/><\/div><\/div><\/div><\/div><div class=\"quform-element quform-element-text quform-element-12_6 quform-cf quform-element-optional\"><div class=\"quform-spacer\"><div class=\"quform-label quform-label-12_6\"><label class=\"quform-label-text\" for=\"quform_12_6_9b115d\">Phone<\/label><\/div><div class=\"quform-inner quform-inner-text quform-inner-12_6\"><div class=\"quform-input quform-input-text quform-input-12_6 quform-cf\"><input type=\"text\" id=\"quform_12_6_9b115d\" name=\"quform_12_6\" class=\"quform-field quform-field-text quform-field-12_6\" \/><\/div><\/div><\/div><\/div><div class=\"quform-element quform-element-textarea quform-element-12_7 quform-cf quform-element-optional\"><div class=\"quform-spacer\"><div class=\"quform-label quform-label-12_7\"><label class=\"quform-label-text\" for=\"quform_12_7_9b115d\">Message<\/label><\/div><div class=\"quform-inner quform-inner-textarea quform-inner-12_7\"><div class=\"quform-input quform-input-textarea quform-input-12_7 quform-cf\"><textarea id=\"quform_12_7_9b115d\" name=\"quform_12_7\" class=\"quform-field quform-field-textarea quform-field-12_7\"><\/textarea><\/div><\/div><\/div><\/div><div class=\"quform-element quform-element-captcha quform-element-12_8 quform-cf quform-element-required\"><div class=\"quform-spacer\"><div class=\"quform-label quform-label-12_8\"><label class=\"quform-label-text\" for=\"quform_12_8_9b115d\">Please type the characters<span class=\"quform-required\">*<\/span><\/label><\/div><div class=\"quform-inner quform-inner-captcha quform-inner-12_8\"><div class=\"quform-input quform-input-captcha quform-input-12_8 quform-cf\"><input type=\"text\" id=\"quform_12_8_9b115d\" name=\"quform_12_8\" class=\"quform-field quform-field-captcha quform-field-12_8\" \/><\/div><div class=\"quform-captcha quform-cf\"><div class=\"quform-captcha-image quform-captcha-image-12_8\"><img decoding=\"async\" class=\"quform-captcha-image-img\" src=\"data:image\/png;base64,iVBORw0KGgoAAAANSUhEUgAAAOYAAABQBAMAAAD\/1xTgAAAAG1BMVEX\/\/\/8iIiLj4+PHx8esrKxZWVmQkJB0dHQ9PT3dOMt5AAAACXBIWXMAAA7EAAAOxAGVKw4bAAADZElEQVRoge1XTVPbMBA1tvNxZIEUH5MhLRyhzNAe7QClx4qW0mMM4eMYFzrtsYYJ8LO7u1YSSXii1KU56R2SkbLap9W+XSme5+Dg4ODg4ODg4ODgMMbGwfaCGYNfAPD95fx1L\/etlDkQXipS\/xqdPbRnG6VMCSsvxFm4u5tpU0eL0TeA9Yoc\/ltt2CgiaM1cswPw2fO2IKpG+Q79x8pY4PgyA5i5SMAafoYWqwL+btuYCSmo6CpWxg+e17F4y2Ho0Qnb4\/QPMQZDanhKmJdpYjoQtWlWz1TQMzn7+JnAKwvj3gmrY02fFXDsbcJ0ccJarD8NjZ3pQhZw7wWo79+zKTM+RMxWrE1zjaWwOo1g6Pkffp7ri1Mj6UkhNFt9shi3cfWdMY3rlmBZDn0ch1Tv+qkxx810XJOcZqYM5C2AT2StexO0hyX6hREA+ILd3atWIc8pkV5L0tkF2g04JN\/QGmqoj8Lpj51DtCXdtVUzn2aGR2fjMTWFr1c5TDZbDr\/Qv9CcdbuY5H5tMoeceak34twH+CKHGUQxF5YhSRM5c6Za4vMVFG10tjseU7lKb6vaYoDzAQW3vi3Njul7x9KvZISJmpYA90mkk20QJweYGKmiigxA7shrSq6arSsUEWqcIVXjpnI\/oFvqCeRV98Zd4A1JaZnjK06hYet+O6wU7Wzr7GFrqmV\/LEXTG3P6ueRM5C4btjiXuG0I1VeT2UIlK7nkN70J4kRJP8qutyrXW24zJgg1q4TfF3VlLpOcZqYEpUSgYUCjcT\/ObLrF47rpCq0PUQe+3cgUjSYy5o4RAXE2JgXUBA73ta0+i2tL0Shic8RtWFnZlE1UGLVCnMkkB1g10eDgwuwcz8FSN99q3Fyj6cqw6HrvAfSbJYM4UF4sQjYrfWMloKZ8Zk4GF0+jWAsIbg+utX1Izo4yJ5t8SzcqgQDrG5K1WfYIy6CXq3Mf57hWinV2Sk9eK2YEKRzq1+XeyalxyZYimesNXM+NCI5i5sztyStBB3qPc5gFV6cDZVhjtaZgvjDmwkYTnmzaLkHCZKn12iqDj6dT5eGdcf0LmNzrf8UJrUG7CifqqW6+kObEUc9uUwK8l8\/38kphVob8A1Mhm\/8A8axN\/39QwUb9hVJi3\/9xGi+Y0sHBwcHBwWEB+ANABoaEEPn9oQAAAABJRU5ErkJggg==\" alt=\"Image CAPTCHA\" data-element-id=\"8\" width=\"115\" height=\"40\" \/><\/div><\/div><p class=\"quform-description quform-description-below\">This helps us prevent spam, thank you.<\/p><\/div><\/div><\/div><div class=\"quform-element quform-element-submit quform-element-12_2 quform-cf quform-button-style-theme\"><div class=\"quform-button-submit quform-button-submit-default quform-button-submit-12_2\"><button name=\"quform_submit\" type=\"submit\" class=\"quform-submit\" value=\"submit\"><span class=\"quform-button-text quform-button-submit-text\">Submit<\/span><\/button><\/div><div class=\"quform-loading quform-loading-position-left quform-loading-type-spinner-1\"><div class=\"quform-loading-inner\"><div class=\"quform-loading-spinner\"><div class=\"quform-loading-spinner-inner\"><\/div><\/div><\/div><\/div><\/div><div class=\"quform-element quform-element-textarea quform-element-12_336205 quform-sr-only quform-cf\" style=\"clip: rect(1px, 1px, 1px, 1px); clip-path: inset(50%); position: absolute !important; height: 1px; width: 1px; overflow: hidden;\"><div class=\"quform-spacer\"><div class=\"quform-label quform-label-12_336205\"><label class=\"quform-label-text\" for=\"quform_12_336205_9b115d\">Email Address<span class=\"quform-required\">*<\/span><\/label><\/div><div class=\"quform-inner quform-inner-12_336205\"><textarea id=\"quform_12_336205_9b115d\" name=\"quform_12_336205\" class=\"quform-field quform-field-textarea quform-field-12_336205\" tabindex=\"-1\" autocomplete=\"new-password\"><\/textarea><\/div><\/div><\/div><\/div><\/div><\/div><\/div><\/form><\/div><\/div>\n\t\t\t\t\t\t<\/div>\n\t\t\t\t<\/div>\n\t\t\t\t\t<\/div>\n\t\t\t\t<\/div>\n\t\t\t\t<\/div>\n\t\t","protected":false},"excerpt":{"rendered":"<p>Certificats, politiques, r\u00e9glementations Nous vous remercions de votre contribution \u00e0 ENG, qu&rsquo;il s&rsquo;agisse de plaintes de quelque nature que ce soit, de r\u00e9clamations ou m\u00eame de louanges. Votre identit\u00e9 peut \u00eatre renseign\u00e9e ou nous pouvons recevoir les donn\u00e9es en tant que source anonyme, et dans les deux cas, les informations sont enti\u00e8rement prot\u00e9g\u00e9es par les [&hellip;]<\/p>\n","protected":false},"author":10025,"featured_media":0,"parent":0,"menu_order":0,"comment_status":"closed","ping_status":"closed","template":"","meta":{"_acf_changed":false,"footnotes":""},"categories":[207],"tags":[],"class_list":["post-8396","page","type-page","status-publish","hentry","category-egemo-sterling-fr"],"acf":[],"_links":{"self":[{"href":"https:\/\/group-sterling.com\/fr\/wp-json\/wp\/v2\/pages\/8396","targetHints":{"allow":["GET"]}}],"collection":[{"href":"https:\/\/group-sterling.com\/fr\/wp-json\/wp\/v2\/pages"}],"about":[{"href":"https:\/\/group-sterling.com\/fr\/wp-json\/wp\/v2\/types\/page"}],"author":[{"embeddable":true,"href":"https:\/\/group-sterling.com\/fr\/wp-json\/wp\/v2\/users\/10025"}],"replies":[{"embeddable":true,"href":"https:\/\/group-sterling.com\/fr\/wp-json\/wp\/v2\/comments?post=8396"}],"version-history":[{"count":0,"href":"https:\/\/group-sterling.com\/fr\/wp-json\/wp\/v2\/pages\/8396\/revisions"}],"wp:attachment":[{"href":"https:\/\/group-sterling.com\/fr\/wp-json\/wp\/v2\/media?parent=8396"}],"wp:term":[{"taxonomy":"category","embeddable":true,"href":"https:\/\/group-sterling.com\/fr\/wp-json\/wp\/v2\/categories?post=8396"},{"taxonomy":"post_tag","embeddable":true,"href":"https:\/\/group-sterling.com\/fr\/wp-json\/wp\/v2\/tags?post=8396"}],"curies":[{"name":"wp","href":"https:\/\/api.w.org\/{rel}","templated":true}]}}