{"id":6261,"date":"2024-02-28T11:28:08","date_gmt":"2024-02-28T10:28:08","guid":{"rendered":"https:\/\/group-sterling.com\/protection-des-denonciateurs\/"},"modified":"2024-03-15T09:13:22","modified_gmt":"2024-03-15T08:13:22","slug":"protection-des-denonciateurs","status":"publish","type":"page","link":"https:\/\/group-sterling.com\/fr\/protection-des-denonciateurs\/","title":{"rendered":"Protection des d\u00e9nonciateurs"},"content":{"rendered":"\t\t<div data-elementor-type=\"wp-page\" data-elementor-id=\"6261\" class=\"elementor elementor-6261 elementor-5156\" data-elementor-post-type=\"page\">\n\t\t\t\t<div data-particle_enable=\"false\" data-particle-mobile-disabled=\"false\" class=\"elementor-element elementor-element-355d270 e-flex e-con-boxed e-con e-parent\" data-id=\"355d270\" data-element_type=\"container\" data-e-type=\"container\" data-settings=\"{&quot;background_background&quot;:&quot;slideshow&quot;,&quot;shape_divider_bottom&quot;:&quot;curve-asymmetrical&quot;,&quot;shape_divider_bottom_negative&quot;:&quot;yes&quot;,&quot;shape_divider_top&quot;:&quot;curve-asymmetrical&quot;,&quot;shape_divider_top_negative&quot;:&quot;yes&quot;,&quot;background_slideshow_gallery&quot;:[{&quot;id&quot;:145,&quot;url&quot;:&quot;https:\\\/\\\/group-sterling.com\\\/wp-content\\\/uploads\\\/2022\\\/05\\\/sat-fluit-processing-26.jpg&quot;},{&quot;id&quot;:133,&quot;url&quot;:&quot;https:\\\/\\\/group-sterling.com\\\/wp-content\\\/uploads\\\/2022\\\/05\\\/sat-fluit-processing-13.jpg&quot;},{&quot;id&quot;:152,&quot;url&quot;:&quot;https:\\\/\\\/group-sterling.com\\\/wp-content\\\/uploads\\\/2022\\\/05\\\/sat-fluit-processing-01.jpg&quot;},{&quot;id&quot;:65,&quot;url&quot;:&quot;https:\\\/\\\/group-sterling.com\\\/wp-content\\\/uploads\\\/2022\\\/05\\\/sat-products-01.jpg&quot;},{&quot;id&quot;:63,&quot;url&quot;:&quot;https:\\\/\\\/group-sterling.com\\\/wp-content\\\/uploads\\\/2022\\\/05\\\/sat-plant-9029.jpg&quot;},{&quot;id&quot;:62,&quot;url&quot;:&quot;https:\\\/\\\/group-sterling.com\\\/wp-content\\\/uploads\\\/2022\\\/05\\\/sat-webvorlagen-2016-25.jpg&quot;}],&quot;background_slideshow_ken_burns&quot;:&quot;yes&quot;,&quot;background_slideshow_ken_burns_zoom_direction&quot;:&quot;out&quot;,&quot;background_slideshow_loop&quot;:&quot;yes&quot;,&quot;background_slideshow_slide_duration&quot;:5000,&quot;background_slideshow_slide_transition&quot;:&quot;fade&quot;,&quot;background_slideshow_transition_duration&quot;:500}\">\n\t\t\t\t\t<div class=\"e-con-inner\">\n\t\t\t\t<div class=\"elementor-shape elementor-shape-top\" aria-hidden=\"true\" data-negative=\"true\">\n\t\t\t<svg xmlns=\"http:\/\/www.w3.org\/2000\/svg\" viewBox=\"0 0 1000 100\" preserveAspectRatio=\"none\">\n\t<path class=\"elementor-shape-fill\" d=\"M615.2,96.7C240.2,97.8,0,18.9,0,0v100h1000V0C1000,19.2,989.8,96,615.2,96.7z\"\/>\n<\/svg>\t\t<\/div>\n\t\t\t\t<div class=\"elementor-shape elementor-shape-bottom\" aria-hidden=\"true\" data-negative=\"true\">\n\t\t\t<svg xmlns=\"http:\/\/www.w3.org\/2000\/svg\" viewBox=\"0 0 1000 100\" preserveAspectRatio=\"none\">\n\t<path class=\"elementor-shape-fill\" d=\"M615.2,96.7C240.2,97.8,0,18.9,0,0v100h1000V0C1000,19.2,989.8,96,615.2,96.7z\"\/>\n<\/svg>\t\t<\/div>\n\t\t\t\t<div class=\"elementor-element elementor-element-84b3773 elementor-widget elementor-widget-heading\" data-id=\"84b3773\" data-element_type=\"widget\" data-e-type=\"widget\" data-widget_type=\"heading.default\">\n\t\t\t\t<div class=\"elementor-widget-container\">\n\t\t\t\t\t<h2 class=\"elementor-heading-title elementor-size-default\">Protection des d\u00e9nonciateurs<\/h2>\t\t\t\t<\/div>\n\t\t\t\t<\/div>\n\t\t\t\t\t<\/div>\n\t\t\t\t<\/div>\n\t\t<div data-particle_enable=\"false\" data-particle-mobile-disabled=\"false\" class=\"elementor-element elementor-element-91f1525 e-flex e-con-boxed e-con e-parent\" data-id=\"91f1525\" data-element_type=\"container\" data-e-type=\"container\">\n\t\t\t\t\t<div class=\"e-con-inner\">\n\t\t<div data-particle_enable=\"false\" data-particle-mobile-disabled=\"false\" class=\"elementor-element elementor-element-f606b7f e-con-full e-flex e-con e-child\" data-id=\"f606b7f\" data-element_type=\"container\" data-e-type=\"container\">\n\t\t\t\t<\/div>\n\t\t<div data-particle_enable=\"false\" data-particle-mobile-disabled=\"false\" class=\"elementor-element elementor-element-7d93844 e-con-full e-flex e-con e-child\" data-id=\"7d93844\" data-element_type=\"container\" data-e-type=\"container\">\n\t\t<div data-particle_enable=\"false\" data-particle-mobile-disabled=\"false\" class=\"elementor-element elementor-element-cf4e340 e-flex e-con-boxed e-con e-child\" data-id=\"cf4e340\" data-element_type=\"container\" data-e-type=\"container\">\n\t\t\t\t\t<div class=\"e-con-inner\">\n\t\t\t\t<div class=\"elementor-element elementor-element-604ef24 elementor-widget elementor-widget-heading\" data-id=\"604ef24\" data-element_type=\"widget\" data-e-type=\"widget\" data-widget_type=\"heading.default\">\n\t\t\t\t<div class=\"elementor-widget-container\">\n\t\t\t\t\t<h2 class=\"elementor-heading-title elementor-size-default\">Cliquez ici pour acc\u00e9der au portail d'inscription<\/h2>\t\t\t\t<\/div>\n\t\t\t\t<\/div>\n\t\t\t\t<div class=\"elementor-element elementor-element-724dac4 elementor-align-justify elementor-widget elementor-widget-button\" data-id=\"724dac4\" data-element_type=\"widget\" data-e-type=\"widget\" data-widget_type=\"button.default\">\n\t\t\t\t<div class=\"elementor-widget-container\">\n\t\t\t\t\t\t\t\t\t<div class=\"elementor-button-wrapper\">\n\t\t\t\t\t<a class=\"elementor-button elementor-button-link elementor-size-lg\" href=\"https:\/\/sat.hinweis.de\/\" target=\"_blank\">\n\t\t\t\t\t\t<span class=\"elementor-button-content-wrapper\">\n\t\t\t\t\t\t<span class=\"elementor-button-icon\">\n\t\t\t\t<svg aria-hidden=\"true\" class=\"e-font-icon-svg e-fas-arrow-right\" viewBox=\"0 0 448 512\" xmlns=\"http:\/\/www.w3.org\/2000\/svg\"><path d=\"M190.5 66.9l22.2-22.2c9.4-9.4 24.6-9.4 33.9 0L441 239c9.4 9.4 9.4 24.6 0 33.9L246.6 467.3c-9.4 9.4-24.6 9.4-33.9 0l-22.2-22.2c-9.5-9.5-9.3-25 .4-34.3L311.4 296H24c-13.3 0-24-10.7-24-24v-32c0-13.3 10.7-24 24-24h287.4L190.9 101.2c-9.8-9.3-10-24.8-.4-34.3z\"><\/path><\/svg>\t\t\t<\/span>\n\t\t\t\t\t\t\t\t\t<span class=\"elementor-button-text\">Portail de d\u00e9claration<\/span>\n\t\t\t\t\t<\/span>\n\t\t\t\t\t<\/a>\n\t\t\t\t<\/div>\n\t\t\t\t\t\t\t\t<\/div>\n\t\t\t\t<\/div>\n\t\t\t\t\t<\/div>\n\t\t\t\t<\/div>\n\t\t\t\t<div class=\"elementor-element elementor-element-2b4113b elementor-widget elementor-widget-heading\" data-id=\"2b4113b\" data-element_type=\"widget\" data-e-type=\"widget\" data-widget_type=\"heading.default\">\n\t\t\t\t<div class=\"elementor-widget-container\">\n\t\t\t\t\t<h2 class=\"elementor-heading-title elementor-size-default\">...ou utilisez le canal de signalement par t\u00e9l\u00e9phone :<\/h2>\t\t\t\t<\/div>\n\t\t\t\t<\/div>\n\t\t\t\t<div class=\"elementor-element elementor-element-1b546b7 elementor-align-justify elementor-widget elementor-widget-button\" data-id=\"1b546b7\" data-element_type=\"widget\" data-e-type=\"widget\" data-widget_type=\"button.default\">\n\t\t\t\t<div class=\"elementor-widget-container\">\n\t\t\t\t\t\t\t\t\t<div class=\"elementor-button-wrapper\">\n\t\t\t\t\t<a class=\"elementor-button elementor-button-link elementor-size-lg\" href=\"tel:0049431301400603\" target=\"_blank\">\n\t\t\t\t\t\t<span class=\"elementor-button-content-wrapper\">\n\t\t\t\t\t\t<span class=\"elementor-button-icon\">\n\t\t\t\t<svg aria-hidden=\"true\" class=\"e-font-icon-svg e-fas-phone\" viewBox=\"0 0 512 512\" xmlns=\"http:\/\/www.w3.org\/2000\/svg\"><path d=\"M493.4 24.6l-104-24c-11.3-2.6-22.9 3.3-27.5 13.9l-48 112c-4.2 9.8-1.4 21.3 6.9 28l60.6 49.6c-36 76.7-98.9 140.5-177.2 177.2l-49.6-60.6c-6.8-8.3-18.2-11.1-28-6.9l-112 48C3.9 366.5-2 378.1.6 389.4l24 104C27.1 504.2 36.7 512 48 512c256.1 0 464-207.5 464-464 0-11.2-7.7-20.9-18.6-23.4z\"><\/path><\/svg>\t\t\t<\/span>\n\t\t\t\t\t\t\t\t\t<span class=\"elementor-button-text\">0431 301400603<\/span>\n\t\t\t\t\t<\/span>\n\t\t\t\t\t<\/a>\n\t\t\t\t<\/div>\n\t\t\t\t\t\t\t\t<\/div>\n\t\t\t\t<\/div>\n\t\t\t\t<div class=\"elementor-element elementor-element-7d513b2 elementor-widget elementor-widget-text-editor\" data-id=\"7d513b2\" data-element_type=\"widget\" data-e-type=\"widget\" data-widget_type=\"text-editor.default\">\n\t\t\t\t<div class=\"elementor-widget-container\">\n\t\t\t\t\t\t\t\t\t<p><strong>Loi sur la protection des lanceurs d&rsquo;alerte<\/strong><\/p>\n<p>La nouvelle \u00ab\u00a0loi sur la protection des lanceurs d&rsquo;alerte\u00a0\u00bb, en abr\u00e9g\u00e9 HinSchG, est entr\u00e9e en vigueur le 02\/07\/2023. Cette loi, \u00e9galement connue sous le nom de loi sur la protection des lanceurs d&rsquo;alerte, a \u00e9t\u00e9 adopt\u00e9e dans le but de prot\u00e9ger les lanceurs d&rsquo;alerte contre les repr\u00e9sailles lorsqu&rsquo;ils r\u00e9v\u00e8lent des abus dans les entreprises.<br \/>En ce qui concerne cette obligation l\u00e9gale, la SAT Anlagentechnik GmbH a mis en place un syst\u00e8me d&rsquo;alerte qui permet \u00e0 tous les employ\u00e9s, partenaires commerciaux et clients de signaler, de mani\u00e8re confidentielle et \u00e9ventuellement anonyme, des informations relatives \u00e0 d&rsquo;\u00e9ventuelles violations de la loi ou \u00e0 d&rsquo;autres actes pr\u00e9judiciables.<\/p>\n<h2>Quelles sont les infractions qui peuvent \u00eatre signal\u00e9es ?<\/h2>\n<p>Le champ d&rsquo;application de la loi comprend la communication d&rsquo;informations aux lignes directes (notifications) et la mise \u00e0 disposition du public d&rsquo;informations sur les infractions (divulgation) :<\/p>\n<ul>\n<li>des infractions passibles de sanctions,<\/li>\n<li>les infractions passibles d&rsquo;une amende, dans la mesure o\u00f9 la disposition enfreinte vise \u00e0 prot\u00e9ger la vie, l&rsquo;int\u00e9grit\u00e9 physique ou la sant\u00e9, ou \u00e0 prot\u00e9ger les droits des travailleurs ou de leurs organes de repr\u00e9sentation,<\/li>\n<li>autres infractions aux r\u00e8glements f\u00e9d\u00e9raux, r\u00e9gionaux et de l&rsquo;UE, entre autres :<br \/>&#8211; \u00e0 la lutte contre le blanchiment d&rsquo;argent et le terrorisme,<br \/>&#8211; avec des prescriptions concernant la s\u00e9curit\u00e9 et la conformit\u00e9 des produits,<br \/>&#8211; avec des exigences en mati\u00e8re de protection de l&rsquo;environnement,<br \/>&#8211; sur la s\u00e9curit\u00e9 des denr\u00e9es alimentaires et des aliments pour animaux,<br \/>&#8211; r\u00e9gissant les droits et la protection des consommateurs,<br \/>&#8211; sur la protection des donn\u00e9es \u00e0 caract\u00e8re personnel dans le champ d&rsquo;application du RGPD,<br \/>&#8211; r\u00e9gissant les droits des actionnaires des soci\u00e9t\u00e9s anonymes,<br \/>&#8211; sur le contr\u00f4le l\u00e9gal des comptes des entit\u00e9s d&rsquo;int\u00e9r\u00eat public conform\u00e9ment \u00e0 l&rsquo;article 316a, p. 2 du HGB,<br \/>&#8211; sur la comptabilit\u00e9, y compris la comptabilit\u00e9 des entreprises orient\u00e9es vers le march\u00e9 des capitaux, au sens de l&rsquo;article 264d du code de commerce allemand (HGB),<\/li>\n<li>les infractions aux r\u00e8gles fiscales applicables aux soci\u00e9t\u00e9s et aux soci\u00e9t\u00e9s commerciales de personnes,<\/li>\n<li>les infractions prenant la forme d&rsquo;accords visant \u00e0 cr\u00e9er un avantage fiscal \u00ab\u00a0contraire \u00e0 l&rsquo;objet ou au but de la l\u00e9gislation fiscale applicable aux soci\u00e9t\u00e9s et aux soci\u00e9t\u00e9s de personnes\u00a0\u00bb.<\/li>\n<\/ul>\n<h3>Quels sont les points de signalement disponibles ?<\/h3>\n<p>Vous avez la possibilit\u00e9 de communiquer des informations sur les infractions par \u00e9crit (via le portail) et par t\u00e9l\u00e9phone. Les d\u00e9clarations anonymes sont possibles.<\/p>\n<p><strong>Portail de notification :<\/strong><br \/>www.sat.hinweis.de<\/p>\n<p>Vous trouverez des informations d\u00e9taill\u00e9es sur la protection des donn\u00e9es sur le site web du portail.<\/p>\n<p><strong>Par t\u00e9l\u00e9phone :<\/strong><br \/>Vous avez \u00e9galement la possibilit\u00e9 de nous transmettre votre demande par t\u00e9l\u00e9phone.<\/p>\n<p><strong>Vous pouvez joindre notre canal vocal au<\/strong><br \/>0431 301400603<\/p>\n<p><strong>Les messages sont automatiquement enregistr\u00e9s dans notre portail d&rsquo;alerte.<\/strong><br \/>Le service interne de signalement confirmera votre signalement dans un d\u00e9lai de sept jours. En cas d&rsquo;envoi le week-end, le dimanche ou un jour f\u00e9ri\u00e9, la notification est r\u00e9put\u00e9e re\u00e7ue le premier jour ouvrable suivant. Dans un d\u00e9lai de trois mois, la cellule de signalement interne vous informera des mesures prises, telles que l&rsquo;ouverture d&rsquo;une enqu\u00eate interne, la transmission du signalement \u00e0 une autorit\u00e9 r\u00e9pressive comp\u00e9tente, les \u00e9ventuelles mesures prises pour rem\u00e9dier au probl\u00e8me, la cl\u00f4ture de la proc\u00e9dure par manque de preuves ou pour toute autre raison.<\/p>\n<p><strong>Service de d\u00e9claration externe :<\/strong><br \/>Bureau de communication externe de la Conf\u00e9d\u00e9ration aupr\u00e8s de l&rsquo;Office f\u00e9d\u00e9ral de la justice<br \/>https:\/\/www.bundesjustizamt.de\/DE\/MeldestelledesBundes\/MeldestelledesBundes_node.html<\/p>\n<p>Quelle est la proc\u00e9dure g\u00e9n\u00e9rale dans le cadre de la notification ?<\/p>\n<ul>\n<li>Accus\u00e9 de r\u00e9ception adress\u00e9 \u00e0 la personne ayant fait l&rsquo;objet d&rsquo;un signalement au plus tard dans les sept jours ;<\/li>\n<li>v\u00e9rifier si l&rsquo;infraction signal\u00e9e rel\u00e8ve du champ d&rsquo;application mat\u00e9riel de l&rsquo;article 2 de la HinSchG<\/li>\n<li>Maintenir le contact avec la personne qui a donn\u00e9 l&rsquo;alerte, demander des informations suppl\u00e9mentaires si n\u00e9cessaire ;<\/li>\n<li>V\u00e9rifier la pertinence du message re\u00e7u ;<\/li>\n<li>prendre les mesures de suivi appropri\u00e9es ;<\/li>\n<li>Retour d&rsquo;information \u00e0 l&rsquo;auteur de l&rsquo;alerte dans les trois mois suivant l&rsquo;accus\u00e9 de r\u00e9ception de l&rsquo;alerte ;<\/li>\n<li>le retour d&rsquo;information doit comprendre la notification des mesures de suivi pr\u00e9vues et d\u00e9j\u00e0 prises, ainsi que les raisons de ces mesures, \u00e0 condition que cela n&rsquo;affecte pas les recherches ou les enqu\u00eates internes et ne porte pas atteinte aux droits des personnes faisant l&rsquo;objet d&rsquo;une notification ou mentionn\u00e9es dans celle-ci ;<\/li>\n<li>les indications doivent \u00eatre document\u00e9es en respectant le principe de confidentialit\u00e9. Cette documentation doit \u00eatre supprim\u00e9e trois ans apr\u00e8s la fin de la proc\u00e9dure, \u00e0 condition qu&rsquo;il soit n\u00e9cessaire et proportionn\u00e9 de conserver la documentation plus longtemps pour traiter la r\u00e9f\u00e9rence ou en vertu d&rsquo;autres dispositions l\u00e9gales.<\/li>\n<\/ul>\n<h3>Comment mes donn\u00e9es sont-elles prot\u00e9g\u00e9es ?<\/h3>\n<p>La cellule de renseignement financier interne traite les donn\u00e9es \u00e0 caract\u00e8re personnel &#8211; y compris leur \u00e9change ou leur transfert &#8211; conform\u00e9ment au r\u00e8glement (UE) 2016\/679 et \u00e0 la directive (UE) 2016\/680, ainsi qu&rsquo;au droit national en mati\u00e8re de protection des donn\u00e9es. Il est express\u00e9ment fait r\u00e9f\u00e9rence au \u00a7 10 HinSchG.<\/p>\n<p>Le service de signalement interne traite l&rsquo;identit\u00e9 de la personne qui a fait le signalement de mani\u00e8re confidentielle. L&rsquo;identit\u00e9 du lanceur d&rsquo;alerte ne peut \u00eatre connue, sans son consentement expr\u00e8s, que des membres du personnel charg\u00e9s des t\u00e2ches de la cellule de renseignement financier interne et des personnes qui les assistent dans l&rsquo;accomplissement de ces t\u00e2ches. Il en va de m\u00eame pour toute autre information permettant de d\u00e9duire directement ou indirectement l&rsquo;identit\u00e9 de l&rsquo;auteur de la r\u00e9f\u00e9rence.<\/p>\n<p>L&rsquo;identit\u00e9 ne peut \u00eatre r\u00e9v\u00e9l\u00e9e qu&rsquo;en cas d&rsquo;exception au sens du \u00a7 9 HinSchG. La r\u00e9v\u00e9lation de l&rsquo;identit\u00e9 du lanceur d&rsquo;alerte n&rsquo;est donc pas totalement exclue (cf. article 13 et suivants du r\u00e8glement g\u00e9n\u00e9ral sur la protection des donn\u00e9es &#8211; RGPD).<br \/>La personne qui a fourni le signalement doit \u00eatre inform\u00e9e avant que son identit\u00e9 ne soit r\u00e9v\u00e9l\u00e9e, sauf si cette information risque de compromettre l&rsquo;enqu\u00eate ou la proc\u00e9dure judiciaire correspondante.<br \/>Dans le cadre de la notification, un expos\u00e9 \u00e9crit des motifs de la divulgation des donn\u00e9es confidentielles concern\u00e9es est transmis au lanceur d&rsquo;alerte.<\/p>\n<p>Le service de signalement interne prot\u00e8ge de la m\u00eame mani\u00e8re l&rsquo;identit\u00e9 des tiers mentionn\u00e9s dans les signalements et l&rsquo;identit\u00e9 des personnes concern\u00e9es. Les informations relatives aux personnes faisant l&rsquo;objet d&rsquo;une notification et aux autres personnes mentionn\u00e9es dans la notification ne peuvent \u00eatre utilis\u00e9es que dans les cas vis\u00e9s \u00e0 l&rsquo;article 9, paragraphe 1, de la directive. 4 HinSchG \u00e0 l&rsquo;instance comp\u00e9tente concern\u00e9e.<\/p>\n<p>Le bureau de communication interne garantit, par des mesures organisationnelles, spatiales et techniques appropri\u00e9es, que l&rsquo;acc\u00e8s de tiers aux dossiers et documents du bureau de communication n&rsquo;est pas possible.<\/p>\n\t\t\t\t\t\t\t\t<\/div>\n\t\t\t\t<\/div>\n\t\t\t\t<\/div>\n\t\t<div data-particle_enable=\"false\" data-particle-mobile-disabled=\"false\" class=\"elementor-element elementor-element-27ee170 e-con-full e-flex e-con e-child\" data-id=\"27ee170\" data-element_type=\"container\" data-e-type=\"container\">\n\t\t\t\t<\/div>\n\t\t\t\t\t<\/div>\n\t\t\t\t<\/div>\n\t\t\t\t<\/div>\n\t\t","protected":false},"excerpt":{"rendered":"<p>Protection des d\u00e9nonciateurs Cliquez ici pour acc\u00e9der au portail d&rsquo;inscription Portail de d\u00e9claration &#8230;ou utilisez le canal de signalement par t\u00e9l\u00e9phone : 0431 301400603 Loi sur la protection des lanceurs d&rsquo;alerte La nouvelle \u00ab\u00a0loi sur la protection des lanceurs d&rsquo;alerte\u00a0\u00bb, en abr\u00e9g\u00e9 HinSchG, est entr\u00e9e en vigueur le 02\/07\/2023. Cette loi, \u00e9galement connue sous le [&hellip;]<\/p>\n","protected":false},"author":10025,"featured_media":0,"parent":0,"menu_order":0,"comment_status":"closed","ping_status":"closed","template":"","meta":{"_acf_changed":false,"footnotes":""},"categories":[206],"tags":[],"class_list":["post-6261","page","type-page","status-publish","hentry","category-sat-sterling-fr"],"acf":[],"_links":{"self":[{"href":"https:\/\/group-sterling.com\/fr\/wp-json\/wp\/v2\/pages\/6261","targetHints":{"allow":["GET"]}}],"collection":[{"href":"https:\/\/group-sterling.com\/fr\/wp-json\/wp\/v2\/pages"}],"about":[{"href":"https:\/\/group-sterling.com\/fr\/wp-json\/wp\/v2\/types\/page"}],"author":[{"embeddable":true,"href":"https:\/\/group-sterling.com\/fr\/wp-json\/wp\/v2\/users\/10025"}],"replies":[{"embeddable":true,"href":"https:\/\/group-sterling.com\/fr\/wp-json\/wp\/v2\/comments?post=6261"}],"version-history":[{"count":0,"href":"https:\/\/group-sterling.com\/fr\/wp-json\/wp\/v2\/pages\/6261\/revisions"}],"wp:attachment":[{"href":"https:\/\/group-sterling.com\/fr\/wp-json\/wp\/v2\/media?parent=6261"}],"wp:term":[{"taxonomy":"category","embeddable":true,"href":"https:\/\/group-sterling.com\/fr\/wp-json\/wp\/v2\/categories?post=6261"},{"taxonomy":"post_tag","embeddable":true,"href":"https:\/\/group-sterling.com\/fr\/wp-json\/wp\/v2\/tags?post=6261"}],"curies":[{"name":"wp","href":"https:\/\/api.w.org\/{rel}","templated":true}]}}