{"id":6117,"date":"2023-03-28T14:28:59","date_gmt":"2023-03-28T12:28:59","guid":{"rendered":"https:\/\/group-sterling.com\/nke-systemes-de-vitrage\/"},"modified":"2024-05-02T16:01:37","modified_gmt":"2024-05-02T14:01:37","slug":"nke-systemes-de-vitrage","status":"publish","type":"page","link":"https:\/\/group-sterling.com\/fr\/nke-systemes-de-vitrage\/","title":{"rendered":"NKE Syst\u00e8mes de vitrage"},"content":{"rendered":"\t\t<div data-elementor-type=\"wp-page\" data-elementor-id=\"6117\" class=\"elementor elementor-6117 elementor-3241\" data-elementor-post-type=\"page\">\n\t\t\t\t\t\t<section data-particle_enable=\"false\" data-particle-mobile-disabled=\"false\" class=\"elementor-section elementor-top-section elementor-element elementor-element-541eb935 elementor-section-boxed elementor-section-height-default elementor-section-height-default\" data-id=\"541eb935\" data-element_type=\"section\" data-e-type=\"section\" data-settings=\"{&quot;background_background&quot;:&quot;video&quot;,&quot;shape_divider_bottom&quot;:&quot;curve-asymmetrical&quot;,&quot;shape_divider_bottom_negative&quot;:&quot;yes&quot;,&quot;shape_divider_top&quot;:&quot;curve-asymmetrical&quot;,&quot;shape_divider_top_negative&quot;:&quot;yes&quot;,&quot;background_video_link&quot;:&quot;https:\\\/\\\/youtu.be\\\/c1t0UNhS0ts&quot;,&quot;background_play_on_mobile&quot;:&quot;yes&quot;,&quot;background_privacy_mode&quot;:&quot;yes&quot;,&quot;background_video_start&quot;:115}\" data-brlbs-elementor-bg-video-yt=\"true\">\n\t\t\t\t\t\t\t\t<div class=\"elementor-background-video-container\">\n\t\t\t\t\t\t\t\t\t\t\t\t\t<div class=\"elementor-background-video-embed\" role=\"presentation\"><\/div>\n\t\t\t\t\t\t\t\t\t\t\t\t<\/div>\n\t\t\t\t\t\t\t\t\t<div class=\"elementor-background-overlay\"><\/div>\n\t\t\t\t\t\t<div class=\"elementor-shape elementor-shape-top\" aria-hidden=\"true\" data-negative=\"true\">\n\t\t\t<svg xmlns=\"http:\/\/www.w3.org\/2000\/svg\" viewBox=\"0 0 1000 100\" preserveAspectRatio=\"none\">\n\t<path class=\"elementor-shape-fill\" d=\"M615.2,96.7C240.2,97.8,0,18.9,0,0v100h1000V0C1000,19.2,989.8,96,615.2,96.7z\"\/>\n<\/svg>\t\t<\/div>\n\t\t\t\t<div class=\"elementor-shape elementor-shape-bottom\" aria-hidden=\"true\" data-negative=\"true\">\n\t\t\t<svg xmlns=\"http:\/\/www.w3.org\/2000\/svg\" viewBox=\"0 0 1000 100\" preserveAspectRatio=\"none\">\n\t<path class=\"elementor-shape-fill\" d=\"M615.2,96.7C240.2,97.8,0,18.9,0,0v100h1000V0C1000,19.2,989.8,96,615.2,96.7z\"\/>\n<\/svg>\t\t<\/div>\n\t\t\t\t\t<div class=\"elementor-container elementor-column-gap-default\">\n\t\t\t\t\t<div class=\"elementor-column elementor-col-100 elementor-top-column elementor-element elementor-element-10fc41a9\" data-id=\"10fc41a9\" data-element_type=\"column\" data-e-type=\"column\">\n\t\t\t<div class=\"elementor-widget-wrap elementor-element-populated\">\n\t\t\t\t\t\t<div class=\"elementor-element elementor-element-4aef1db1 elementor-widget elementor-widget-spacer\" data-id=\"4aef1db1\" data-element_type=\"widget\" data-e-type=\"widget\" data-widget_type=\"spacer.default\">\n\t\t\t\t<div class=\"elementor-widget-container\">\n\t\t\t\t\t\t\t<div class=\"elementor-spacer\">\n\t\t\t<div class=\"elementor-spacer-inner\"><\/div>\n\t\t<\/div>\n\t\t\t\t\t\t<\/div>\n\t\t\t\t<\/div>\n\t\t\t\t<section data-particle_enable=\"false\" data-particle-mobile-disabled=\"false\" class=\"elementor-section elementor-inner-section elementor-element elementor-element-106f6041 elementor-section-boxed elementor-section-height-default elementor-section-height-default\" data-id=\"106f6041\" data-element_type=\"section\" data-e-type=\"section\">\n\t\t\t\t\t\t<div class=\"elementor-container elementor-column-gap-default\">\n\t\t\t\t\t<div class=\"elementor-column elementor-col-100 elementor-inner-column elementor-element elementor-element-7689d612\" data-id=\"7689d612\" data-element_type=\"column\" data-e-type=\"column\">\n\t\t\t<div class=\"elementor-widget-wrap elementor-element-populated\">\n\t\t\t\t\t\t<div class=\"elementor-element elementor-element-54ce9e7 elementor-widget elementor-widget-heading\" data-id=\"54ce9e7\" data-element_type=\"widget\" data-e-type=\"widget\" data-widget_type=\"heading.default\">\n\t\t\t\t<div class=\"elementor-widget-container\">\n\t\t\t\t\t<h2 class=\"elementor-heading-title elementor-size-default\">NKE Syst\u00e8mes de vitrage<\/h2>\t\t\t\t<\/div>\n\t\t\t\t<\/div>\n\t\t\t\t\t<\/div>\n\t\t<\/div>\n\t\t\t\t\t<\/div>\n\t\t<\/section>\n\t\t\t\t<div class=\"elementor-element elementor-element-10de9e4 elementor-widget elementor-widget-spacer\" data-id=\"10de9e4\" data-element_type=\"widget\" data-e-type=\"widget\" data-widget_type=\"spacer.default\">\n\t\t\t\t<div class=\"elementor-widget-container\">\n\t\t\t\t\t\t\t<div class=\"elementor-spacer\">\n\t\t\t<div class=\"elementor-spacer-inner\"><\/div>\n\t\t<\/div>\n\t\t\t\t\t\t<\/div>\n\t\t\t\t<\/div>\n\t\t\t\t\t<\/div>\n\t\t<\/div>\n\t\t\t\t\t<\/div>\n\t\t<\/section>\n\t\t\t\t<section data-particle_enable=\"false\" data-particle-mobile-disabled=\"false\" class=\"elementor-section elementor-top-section elementor-element elementor-element-6f39a929 elementor-reverse-tablet elementor-reverse-mobile elementor-section-boxed elementor-section-height-default elementor-section-height-default\" data-id=\"6f39a929\" data-element_type=\"section\" data-e-type=\"section\" data-settings=\"{&quot;background_background&quot;:&quot;classic&quot;}\">\n\t\t\t\t\t\t\t<div class=\"elementor-background-overlay\"><\/div>\n\t\t\t\t\t\t\t<div class=\"elementor-container elementor-column-gap-default\">\n\t\t\t\t\t<div class=\"elementor-column elementor-col-100 elementor-top-column elementor-element elementor-element-e384071\" data-id=\"e384071\" data-element_type=\"column\" data-e-type=\"column\">\n\t\t\t<div class=\"elementor-widget-wrap elementor-element-populated\">\n\t\t\t\t\t\t<div class=\"elementor-element elementor-element-7d4db4eb elementor-widget elementor-widget-text-editor\" data-id=\"7d4db4eb\" data-element_type=\"widget\" data-e-type=\"widget\" data-widget_type=\"text-editor.default\">\n\t\t\t\t<div class=\"elementor-widget-container\">\n\t\t\t\t\t\t\t\t\tNKE Automation a de l&rsquo;exp\u00e9rience dans le d\u00e9veloppement et la construction d&rsquo;<strong>installations de vitrage<\/strong>.\nDe la simple unit\u00e9 autonome pour l&rsquo;application de la chenille de colle sur le verre \u00e0 la ligne int\u00e9gr\u00e9e permettant le traitement du verre avec le nettoyant, l&rsquo;application du primaire, l&rsquo;application de la colle et le collage automatique sur le v\u00e9hicule \u00e0 l&rsquo;aide de syst\u00e8mes de vision robotis\u00e9s.\t\t\t\t\t\t\t\t<\/div>\n\t\t\t\t<\/div>\n\t\t\t\t<section data-particle_enable=\"false\" data-particle-mobile-disabled=\"false\" class=\"elementor-section elementor-inner-section elementor-element elementor-element-3d431930 elementor-section-boxed elementor-section-height-default elementor-section-height-default\" data-id=\"3d431930\" data-element_type=\"section\" data-e-type=\"section\" data-settings=\"{&quot;background_background&quot;:&quot;classic&quot;}\">\n\t\t\t\t\t\t\t<div class=\"elementor-background-overlay\"><\/div>\n\t\t\t\t\t\t\t<div class=\"elementor-container elementor-column-gap-default\">\n\t\t\t\t\t<div class=\"elementor-column elementor-col-50 elementor-inner-column elementor-element elementor-element-2e30fb86\" data-id=\"2e30fb86\" data-element_type=\"column\" data-e-type=\"column\">\n\t\t\t<div class=\"elementor-widget-wrap elementor-element-populated\">\n\t\t\t\t\t\t<div class=\"elementor-element elementor-element-9ead8b1 elementor-widget elementor-widget-text-editor\" data-id=\"9ead8b1\" data-element_type=\"widget\" data-e-type=\"widget\" data-widget_type=\"text-editor.default\">\n\t\t\t\t<div class=\"elementor-widget-container\">\n\t\t\t\t\t\t\t\t\t<h2>AUTOMATION SUR MESURE<\/h2>\n<p>Nos syst\u00e8mes sont capables d&rsquo;extruder automatiquement diff\u00e9rents types d&rsquo;adh\u00e9sifs, \u00e0 un ou deux composants, sur diff\u00e9rents types de verre automobile (pare-brise, lunettes arri\u00e8re, toits panoramiques, vitres lat\u00e9rales et troisi\u00e8mes phares).<br \/>Selon le degr\u00e9 d&rsquo;automatisation souhait\u00e9, nous pouvons proposer des syst\u00e8mes allant de la simple extrusion manuelle au cycle enti\u00e8rement automatis\u00e9 d&rsquo;extrusion et de collage du verre sur le v\u00e9hicule gr\u00e2ce \u00e0 l&rsquo;utilisation de syst\u00e8mes de vision d\u00e9velopp\u00e9s par nos soins ou par les principaux fournisseurs du secteur.<\/p>\n\t\t\t\t\t\t\t\t<\/div>\n\t\t\t\t<\/div>\n\t\t\t\t\t<\/div>\n\t\t<\/div>\n\t\t\t\t<div class=\"elementor-column elementor-col-50 elementor-inner-column elementor-element elementor-element-1aa3f706\" data-id=\"1aa3f706\" data-element_type=\"column\" data-e-type=\"column\" data-settings=\"{&quot;background_background&quot;:&quot;classic&quot;}\">\n\t\t\t<div class=\"elementor-widget-wrap elementor-element-populated\">\n\t\t\t\t\t\t<div class=\"elementor-element elementor-element-ab5e5ed elementor-widget elementor-widget-text-editor\" data-id=\"ab5e5ed\" data-element_type=\"widget\" data-e-type=\"widget\" data-widget_type=\"text-editor.default\">\n\t\t\t\t<div class=\"elementor-widget-container\">\n\t\t\t\t\t\t\t\t\t<h3>POMPES \u00c0 COLLE ET \u00c0 BOOSTER<\/h3>\n<p>Pour contr\u00f4ler le flux de colle en fonction du taux d&rsquo;extrusion du robot, deux syst\u00e8mes alternatifs sont disponibles :<\/p>\n<p><strong>Pompe \u00e0 engrenages.<\/strong>  Le d\u00e9bit de la colle est proportionnel \u00e0 la vitesse \u00e0 laquelle les roues dent\u00e9es de la pompe tournent.<\/p>\n<p><strong>Pompes d&rsquo;amplification.<\/strong>  Le flux de colle est proportionnel \u00e0 la vitesse du piston dans l&rsquo;unit\u00e9 de dosage \u00e9lectrique, qui est r\u00e9gl\u00e9e \u00e0 l&rsquo;aide d&rsquo;un servomoteur sp\u00e9cial.<\/p>\n\t\t\t\t\t\t\t\t<\/div>\n\t\t\t\t<\/div>\n\t\t\t\t\t<\/div>\n\t\t<\/div>\n\t\t\t\t\t<\/div>\n\t\t<\/section>\n\t\t\t\t\t<\/div>\n\t\t<\/div>\n\t\t\t\t\t<\/div>\n\t\t<\/section>\n\t\t\t\t<section data-particle_enable=\"false\" data-particle-mobile-disabled=\"false\" class=\"elementor-section elementor-top-section elementor-element elementor-element-7bf5e4c7 elementor-reverse-tablet elementor-reverse-mobile elementor-section-full_width elementor-section-height-default elementor-section-height-default\" data-id=\"7bf5e4c7\" data-element_type=\"section\" data-e-type=\"section\" data-settings=\"{&quot;shape_divider_bottom_negative&quot;:&quot;yes&quot;,&quot;background_background&quot;:&quot;classic&quot;,&quot;shape_divider_bottom&quot;:&quot;curve-asymmetrical&quot;}\">\n\t\t\t\t\t\t\t<div class=\"elementor-background-overlay\"><\/div>\n\t\t\t\t\t\t<div class=\"elementor-shape elementor-shape-bottom\" aria-hidden=\"true\" data-negative=\"true\">\n\t\t\t<svg xmlns=\"http:\/\/www.w3.org\/2000\/svg\" viewBox=\"0 0 1000 100\" preserveAspectRatio=\"none\">\n\t<path class=\"elementor-shape-fill\" d=\"M615.2,96.7C240.2,97.8,0,18.9,0,0v100h1000V0C1000,19.2,989.8,96,615.2,96.7z\"\/>\n<\/svg>\t\t<\/div>\n\t\t\t\t\t<div class=\"elementor-container elementor-column-gap-default\">\n\t\t\t\t\t<div class=\"elementor-column elementor-col-100 elementor-top-column elementor-element elementor-element-61364aaa\" data-id=\"61364aaa\" data-element_type=\"column\" data-e-type=\"column\">\n\t\t\t<div class=\"elementor-widget-wrap elementor-element-populated\">\n\t\t\t\t\t\t<div class=\"elementor-element elementor-element-5cf99eac elementor-pagination-position-outside elementor-widget elementor-widget-image-carousel\" data-id=\"5cf99eac\" data-element_type=\"widget\" data-e-type=\"widget\" data-settings=\"{&quot;navigation&quot;:&quot;dots&quot;,&quot;autoplay&quot;:&quot;yes&quot;,&quot;pause_on_hover&quot;:&quot;yes&quot;,&quot;pause_on_interaction&quot;:&quot;yes&quot;,&quot;autoplay_speed&quot;:5000,&quot;infinite&quot;:&quot;yes&quot;,&quot;speed&quot;:500,&quot;image_spacing_custom&quot;:{&quot;unit&quot;:&quot;px&quot;,&quot;size&quot;:20,&quot;sizes&quot;:[]},&quot;image_spacing_custom_tablet&quot;:{&quot;unit&quot;:&quot;px&quot;,&quot;size&quot;:&quot;&quot;,&quot;sizes&quot;:[]},&quot;image_spacing_custom_mobile&quot;:{&quot;unit&quot;:&quot;px&quot;,&quot;size&quot;:&quot;&quot;,&quot;sizes&quot;:[]}}\" data-widget_type=\"image-carousel.default\">\n\t\t\t\t<div class=\"elementor-widget-container\">\n\t\t\t\t\t\t\t<div class=\"elementor-image-carousel-wrapper swiper\" role=\"region\" aria-roledescription=\"carousel\" aria-label=\"Carrousel d\u2019images\" dir=\"ltr\">\n\t\t\t<div class=\"elementor-image-carousel swiper-wrapper\" aria-live=\"off\">\n\t\t\t\t\t\t\t\t<div class=\"swiper-slide\" role=\"group\" aria-roledescription=\"slide\" aria-label=\"1 sur 9\"><a data-elementor-open-lightbox=\"yes\" data-elementor-lightbox-slideshow=\"5cf99eac\" data-elementor-lightbox-title=\"NKE-glazing-09\" data-e-action-hash=\"#elementor-action%3Aaction%3Dlightbox%26settings%3DeyJpZCI6NjExOCwidXJsIjoiaHR0cHM6XC9cL2dyb3VwLXN0ZXJsaW5nLmNvbVwvd3AtY29udGVudFwvdXBsb2Fkc1wvMjAyM1wvMDNcL25rZS1nbGF6aW5nLTA5LmpwZyIsInNsaWRlc2hvdyI6IjVjZjk5ZWFjIn0%3D\" href=\"https:\/\/group-sterling.com\/wp-content\/uploads\/2023\/03\/nke-glazing-09.jpg\"><figure class=\"swiper-slide-inner\"><img decoding=\"async\" class=\"swiper-slide-image\" src=\"https:\/\/group-sterling.com\/wp-content\/uploads\/2023\/03\/nke-glazing-09-768x511.jpg\" alt=\"NKE-glazing-09\" \/><\/figure><\/a><\/div><div class=\"swiper-slide\" role=\"group\" aria-roledescription=\"slide\" aria-label=\"2 sur 9\"><a data-elementor-open-lightbox=\"yes\" data-elementor-lightbox-slideshow=\"5cf99eac\" data-elementor-lightbox-title=\"NKE-glazing-08\" data-e-action-hash=\"#elementor-action%3Aaction%3Dlightbox%26settings%3DeyJpZCI6NjExOSwidXJsIjoiaHR0cHM6XC9cL2dyb3VwLXN0ZXJsaW5nLmNvbVwvd3AtY29udGVudFwvdXBsb2Fkc1wvMjAyM1wvMDNcL25rZS1nbGF6aW5nLTA4LmpwZyIsInNsaWRlc2hvdyI6IjVjZjk5ZWFjIn0%3D\" href=\"https:\/\/group-sterling.com\/wp-content\/uploads\/2023\/03\/nke-glazing-08.jpg\"><figure class=\"swiper-slide-inner\"><img decoding=\"async\" class=\"swiper-slide-image\" src=\"https:\/\/group-sterling.com\/wp-content\/uploads\/2023\/03\/nke-glazing-08-768x511.jpg\" alt=\"NKE-glazing-08\" \/><\/figure><\/a><\/div><div class=\"swiper-slide\" role=\"group\" aria-roledescription=\"slide\" aria-label=\"3 sur 9\"><a data-elementor-open-lightbox=\"yes\" data-elementor-lightbox-slideshow=\"5cf99eac\" data-elementor-lightbox-title=\"NKE-glazing-07\" data-e-action-hash=\"#elementor-action%3Aaction%3Dlightbox%26settings%3DeyJpZCI6NjEyMCwidXJsIjoiaHR0cHM6XC9cL2dyb3VwLXN0ZXJsaW5nLmNvbVwvd3AtY29udGVudFwvdXBsb2Fkc1wvMjAyM1wvMDNcL25rZS1nbGF6aW5nLTA3LmpwZyIsInNsaWRlc2hvdyI6IjVjZjk5ZWFjIn0%3D\" href=\"https:\/\/group-sterling.com\/wp-content\/uploads\/2023\/03\/nke-glazing-07.jpg\"><figure class=\"swiper-slide-inner\"><img decoding=\"async\" class=\"swiper-slide-image\" src=\"https:\/\/group-sterling.com\/wp-content\/uploads\/2023\/03\/nke-glazing-07-768x512.jpg\" alt=\"NKE-glazing-07\" \/><\/figure><\/a><\/div><div class=\"swiper-slide\" role=\"group\" aria-roledescription=\"slide\" aria-label=\"4 sur 9\"><a data-elementor-open-lightbox=\"yes\" data-elementor-lightbox-slideshow=\"5cf99eac\" data-elementor-lightbox-title=\"NKE-glazing-06\" data-e-action-hash=\"#elementor-action%3Aaction%3Dlightbox%26settings%3DeyJpZCI6NjEyMSwidXJsIjoiaHR0cHM6XC9cL2dyb3VwLXN0ZXJsaW5nLmNvbVwvd3AtY29udGVudFwvdXBsb2Fkc1wvMjAyM1wvMDNcL25rZS1nbGF6aW5nLTA2LmpwZyIsInNsaWRlc2hvdyI6IjVjZjk5ZWFjIn0%3D\" href=\"https:\/\/group-sterling.com\/wp-content\/uploads\/2023\/03\/nke-glazing-06.jpg\"><figure class=\"swiper-slide-inner\"><img decoding=\"async\" class=\"swiper-slide-image\" src=\"https:\/\/group-sterling.com\/wp-content\/uploads\/2023\/03\/nke-glazing-06-768x510.jpg\" alt=\"NKE-glazing-06\" \/><\/figure><\/a><\/div><div class=\"swiper-slide\" role=\"group\" aria-roledescription=\"slide\" aria-label=\"5 sur 9\"><a data-elementor-open-lightbox=\"yes\" data-elementor-lightbox-slideshow=\"5cf99eac\" data-elementor-lightbox-title=\"NKE-glazing-05\" data-e-action-hash=\"#elementor-action%3Aaction%3Dlightbox%26settings%3DeyJpZCI6NjEyMiwidXJsIjoiaHR0cHM6XC9cL2dyb3VwLXN0ZXJsaW5nLmNvbVwvd3AtY29udGVudFwvdXBsb2Fkc1wvMjAyM1wvMDNcL25rZS1nbGF6aW5nLTA1LmpwZyIsInNsaWRlc2hvdyI6IjVjZjk5ZWFjIn0%3D\" href=\"https:\/\/group-sterling.com\/wp-content\/uploads\/2023\/03\/nke-glazing-05.jpg\"><figure class=\"swiper-slide-inner\"><img decoding=\"async\" class=\"swiper-slide-image\" src=\"https:\/\/group-sterling.com\/wp-content\/uploads\/2023\/03\/nke-glazing-05-768x511.jpg\" alt=\"NKE-glazing-05\" \/><\/figure><\/a><\/div><div class=\"swiper-slide\" role=\"group\" aria-roledescription=\"slide\" aria-label=\"6 sur 9\"><a data-elementor-open-lightbox=\"yes\" data-elementor-lightbox-slideshow=\"5cf99eac\" data-elementor-lightbox-title=\"NKE-glazing-04\" data-e-action-hash=\"#elementor-action%3Aaction%3Dlightbox%26settings%3DeyJpZCI6NjEyMywidXJsIjoiaHR0cHM6XC9cL2dyb3VwLXN0ZXJsaW5nLmNvbVwvd3AtY29udGVudFwvdXBsb2Fkc1wvMjAyM1wvMDNcL25rZS1nbGF6aW5nLTA0LmpwZyIsInNsaWRlc2hvdyI6IjVjZjk5ZWFjIn0%3D\" href=\"https:\/\/group-sterling.com\/wp-content\/uploads\/2023\/03\/nke-glazing-04.jpg\"><figure class=\"swiper-slide-inner\"><img decoding=\"async\" class=\"swiper-slide-image\" src=\"https:\/\/group-sterling.com\/wp-content\/uploads\/2023\/03\/nke-glazing-04-768x510.jpg\" alt=\"NKE-glazing-04\" \/><\/figure><\/a><\/div><div class=\"swiper-slide\" role=\"group\" aria-roledescription=\"slide\" aria-label=\"7 sur 9\"><a data-elementor-open-lightbox=\"yes\" data-elementor-lightbox-slideshow=\"5cf99eac\" data-elementor-lightbox-title=\"NKE-glazing-03\" data-e-action-hash=\"#elementor-action%3Aaction%3Dlightbox%26settings%3DeyJpZCI6NjEyNCwidXJsIjoiaHR0cHM6XC9cL2dyb3VwLXN0ZXJsaW5nLmNvbVwvd3AtY29udGVudFwvdXBsb2Fkc1wvMjAyM1wvMDNcL25rZS1nbGF6aW5nLTAzLmpwZyIsInNsaWRlc2hvdyI6IjVjZjk5ZWFjIn0%3D\" href=\"https:\/\/group-sterling.com\/wp-content\/uploads\/2023\/03\/nke-glazing-03.jpg\"><figure class=\"swiper-slide-inner\"><img decoding=\"async\" class=\"swiper-slide-image\" src=\"https:\/\/group-sterling.com\/wp-content\/uploads\/2023\/03\/nke-glazing-03-768x512.jpg\" alt=\"NKE-glazing-03\" \/><\/figure><\/a><\/div><div class=\"swiper-slide\" role=\"group\" aria-roledescription=\"slide\" aria-label=\"8 sur 9\"><a data-elementor-open-lightbox=\"yes\" data-elementor-lightbox-slideshow=\"5cf99eac\" data-elementor-lightbox-title=\"NKE-glazing-02\" data-e-action-hash=\"#elementor-action%3Aaction%3Dlightbox%26settings%3DeyJpZCI6NjEyNSwidXJsIjoiaHR0cHM6XC9cL2dyb3VwLXN0ZXJsaW5nLmNvbVwvd3AtY29udGVudFwvdXBsb2Fkc1wvMjAyM1wvMDNcL25rZS1nbGF6aW5nLTAyLmpwZyIsInNsaWRlc2hvdyI6IjVjZjk5ZWFjIn0%3D\" href=\"https:\/\/group-sterling.com\/wp-content\/uploads\/2023\/03\/nke-glazing-02.jpg\"><figure class=\"swiper-slide-inner\"><img decoding=\"async\" class=\"swiper-slide-image\" src=\"https:\/\/group-sterling.com\/wp-content\/uploads\/2023\/03\/nke-glazing-02-768x511.jpg\" alt=\"NKE-glazing-02\" \/><\/figure><\/a><\/div><div class=\"swiper-slide\" role=\"group\" aria-roledescription=\"slide\" aria-label=\"9 sur 9\"><a data-elementor-open-lightbox=\"yes\" data-elementor-lightbox-slideshow=\"5cf99eac\" data-elementor-lightbox-title=\"NKE-glazing-01\" data-e-action-hash=\"#elementor-action%3Aaction%3Dlightbox%26settings%3DeyJpZCI6NjEyNiwidXJsIjoiaHR0cHM6XC9cL2dyb3VwLXN0ZXJsaW5nLmNvbVwvd3AtY29udGVudFwvdXBsb2Fkc1wvMjAyM1wvMDNcL25rZS1nbGF6aW5nLTAxLmpwZyIsInNsaWRlc2hvdyI6IjVjZjk5ZWFjIn0%3D\" href=\"https:\/\/group-sterling.com\/wp-content\/uploads\/2023\/03\/nke-glazing-01.jpg\"><figure class=\"swiper-slide-inner\"><img decoding=\"async\" class=\"swiper-slide-image\" src=\"https:\/\/group-sterling.com\/wp-content\/uploads\/2023\/03\/nke-glazing-01-768x512.jpg\" alt=\"NKE-glazing-01\" \/><\/figure><\/a><\/div>\t\t\t<\/div>\n\t\t\t\t\t\t\t\n\t\t\t\t\t\t\t\t\t<div class=\"swiper-pagination\"><\/div>\n\t\t\t\t\t\t\t\t\t<\/div>\n\t\t\t\t\t\t<\/div>\n\t\t\t\t<\/div>\n\t\t\t\t\t<\/div>\n\t\t<\/div>\n\t\t\t\t\t<\/div>\n\t\t<\/section>\n\t\t\t\t<section data-particle_enable=\"false\" data-particle-mobile-disabled=\"false\" class=\"elementor-section elementor-top-section elementor-element elementor-element-1e2e04c elementor-section-boxed elementor-section-height-default elementor-section-height-default\" data-id=\"1e2e04c\" data-element_type=\"section\" data-e-type=\"section\">\n\t\t\t\t\t\t<div class=\"elementor-container elementor-column-gap-default\">\n\t\t\t\t\t<div class=\"elementor-column elementor-col-100 elementor-top-column elementor-element elementor-element-df75b55\" data-id=\"df75b55\" data-element_type=\"column\" data-e-type=\"column\">\n\t\t\t<div class=\"elementor-widget-wrap elementor-element-populated\">\n\t\t\t\t\t\t<div class=\"elementor-element elementor-element-1f389c4 elementor-widget__width-initial elementor-widget elementor-widget-global elementor-global-6604 elementor-global-3288 elementor-widget-image\" data-id=\"1f389c4\" data-element_type=\"widget\" data-e-type=\"widget\" data-widget_type=\"image.default\">\n\t\t\t\t<div class=\"elementor-widget-container\">\n\t\t\t\t\t\t\t\t\t\t\t\t\t\t\t<img decoding=\"async\" width=\"320\" height=\"73\" src=\"https:\/\/group-sterling.com\/wp-content\/uploads\/2023\/03\/loghi-iso-nke.png\" class=\"attachment-large size-large wp-image-6109\" alt=\"\" srcset=\"https:\/\/group-sterling.com\/wp-content\/uploads\/2023\/03\/loghi-iso-nke.png 320w, https:\/\/group-sterling.com\/wp-content\/uploads\/2023\/03\/loghi-iso-nke-300x68.png 300w\" sizes=\"(max-width: 320px) 100vw, 320px\" \/>\t\t\t\t\t\t\t\t\t\t\t\t\t\t\t<\/div>\n\t\t\t\t<\/div>\n\t\t\t\t\t<\/div>\n\t\t<\/div>\n\t\t\t\t\t<\/div>\n\t\t<\/section>\n\t\t\t\t<\/div>\n\t\t","protected":false},"excerpt":{"rendered":"<p>NKE Automation a de l&rsquo;exp\u00e9rience dans le d\u00e9veloppement et la construction d&rsquo;installations de vitrage. De la simple unit\u00e9 autonome pour l&rsquo;application de la chenille de colle sur le verre \u00e0 la ligne int\u00e9gr\u00e9e permettant le traitement du verre avec le nettoyant, l&rsquo;application du primaire, l&rsquo;application de la colle et le collage automatique sur le v\u00e9hicule [&hellip;]<\/p>\n","protected":false},"author":10025,"featured_media":0,"parent":0,"menu_order":0,"comment_status":"closed","ping_status":"closed","template":"","meta":{"_acf_changed":false,"footnotes":""},"categories":[210],"tags":[],"class_list":["post-6117","page","type-page","status-publish","hentry","category-nke-sterling-fr"],"acf":[],"_links":{"self":[{"href":"https:\/\/group-sterling.com\/fr\/wp-json\/wp\/v2\/pages\/6117","targetHints":{"allow":["GET"]}}],"collection":[{"href":"https:\/\/group-sterling.com\/fr\/wp-json\/wp\/v2\/pages"}],"about":[{"href":"https:\/\/group-sterling.com\/fr\/wp-json\/wp\/v2\/types\/page"}],"author":[{"embeddable":true,"href":"https:\/\/group-sterling.com\/fr\/wp-json\/wp\/v2\/users\/10025"}],"replies":[{"embeddable":true,"href":"https:\/\/group-sterling.com\/fr\/wp-json\/wp\/v2\/comments?post=6117"}],"version-history":[{"count":0,"href":"https:\/\/group-sterling.com\/fr\/wp-json\/wp\/v2\/pages\/6117\/revisions"}],"wp:attachment":[{"href":"https:\/\/group-sterling.com\/fr\/wp-json\/wp\/v2\/media?parent=6117"}],"wp:term":[{"taxonomy":"category","embeddable":true,"href":"https:\/\/group-sterling.com\/fr\/wp-json\/wp\/v2\/categories?post=6117"},{"taxonomy":"post_tag","embeddable":true,"href":"https:\/\/group-sterling.com\/fr\/wp-json\/wp\/v2\/tags?post=6117"}],"curies":[{"name":"wp","href":"https:\/\/api.w.org\/{rel}","templated":true}]}}