{"id":5726,"date":"2022-05-09T11:13:28","date_gmt":"2022-05-09T09:13:28","guid":{"rendered":"https:\/\/group-sterling.com\/service\/"},"modified":"2024-03-15T09:10:20","modified_gmt":"2024-03-15T08:10:20","slug":"service","status":"publish","type":"page","link":"https:\/\/group-sterling.com\/fr\/service\/","title":{"rendered":"Service"},"content":{"rendered":"\t\t<div data-elementor-type=\"wp-page\" data-elementor-id=\"5726\" class=\"elementor elementor-5726 elementor-430\" data-elementor-post-type=\"page\">\n\t\t\t\t\t\t<section data-particle_enable=\"false\" data-particle-mobile-disabled=\"false\" class=\"elementor-section elementor-top-section elementor-element elementor-element-6e150e elementor-section-boxed elementor-section-height-default elementor-section-height-default\" data-id=\"6e150e\" data-element_type=\"section\" data-e-type=\"section\" data-settings=\"{&quot;background_background&quot;:&quot;slideshow&quot;,&quot;shape_divider_bottom&quot;:&quot;curve-asymmetrical&quot;,&quot;shape_divider_bottom_negative&quot;:&quot;yes&quot;,&quot;shape_divider_top&quot;:&quot;curve-asymmetrical&quot;,&quot;shape_divider_top_negative&quot;:&quot;yes&quot;,&quot;background_slideshow_gallery&quot;:[{&quot;id&quot;:133,&quot;url&quot;:&quot;https:\\\/\\\/group-sterling.com\\\/wp-content\\\/uploads\\\/2022\\\/05\\\/sat-fluit-processing-13.jpg&quot;},{&quot;id&quot;:63,&quot;url&quot;:&quot;https:\\\/\\\/group-sterling.com\\\/wp-content\\\/uploads\\\/2022\\\/05\\\/sat-plant-9029.jpg&quot;},{&quot;id&quot;:201,&quot;url&quot;:&quot;https:\\\/\\\/group-sterling.com\\\/wp-content\\\/uploads\\\/2022\\\/05\\\/sat-fluit-processing-adapt08.jpg&quot;}],&quot;background_slideshow_ken_burns&quot;:&quot;yes&quot;,&quot;background_slideshow_ken_burns_zoom_direction&quot;:&quot;out&quot;,&quot;background_slideshow_loop&quot;:&quot;yes&quot;,&quot;background_slideshow_slide_duration&quot;:5000,&quot;background_slideshow_slide_transition&quot;:&quot;fade&quot;,&quot;background_slideshow_transition_duration&quot;:500}\">\n\t\t\t\t\t\t\t<div class=\"elementor-background-overlay\"><\/div>\n\t\t\t\t\t\t<div class=\"elementor-shape elementor-shape-top\" aria-hidden=\"true\" data-negative=\"true\">\n\t\t\t<svg xmlns=\"http:\/\/www.w3.org\/2000\/svg\" viewBox=\"0 0 1000 100\" preserveAspectRatio=\"none\">\n\t<path class=\"elementor-shape-fill\" d=\"M615.2,96.7C240.2,97.8,0,18.9,0,0v100h1000V0C1000,19.2,989.8,96,615.2,96.7z\"\/>\n<\/svg>\t\t<\/div>\n\t\t\t\t<div class=\"elementor-shape elementor-shape-bottom\" aria-hidden=\"true\" data-negative=\"true\">\n\t\t\t<svg xmlns=\"http:\/\/www.w3.org\/2000\/svg\" viewBox=\"0 0 1000 100\" preserveAspectRatio=\"none\">\n\t<path class=\"elementor-shape-fill\" d=\"M615.2,96.7C240.2,97.8,0,18.9,0,0v100h1000V0C1000,19.2,989.8,96,615.2,96.7z\"\/>\n<\/svg>\t\t<\/div>\n\t\t\t\t\t<div class=\"elementor-container elementor-column-gap-default\">\n\t\t\t\t\t<div class=\"elementor-column elementor-col-100 elementor-top-column elementor-element elementor-element-6cef3d2d\" data-id=\"6cef3d2d\" data-element_type=\"column\" data-e-type=\"column\">\n\t\t\t<div class=\"elementor-widget-wrap elementor-element-populated\">\n\t\t\t\t\t\t<div class=\"elementor-element elementor-element-c7d2f90 elementor-widget elementor-widget-spacer\" data-id=\"c7d2f90\" data-element_type=\"widget\" data-e-type=\"widget\" data-widget_type=\"spacer.default\">\n\t\t\t\t<div class=\"elementor-widget-container\">\n\t\t\t\t\t\t\t<div class=\"elementor-spacer\">\n\t\t\t<div class=\"elementor-spacer-inner\"><\/div>\n\t\t<\/div>\n\t\t\t\t\t\t<\/div>\n\t\t\t\t<\/div>\n\t\t\t\t<section data-particle_enable=\"false\" data-particle-mobile-disabled=\"false\" class=\"elementor-section elementor-inner-section elementor-element elementor-element-46424828 elementor-section-boxed elementor-section-height-default elementor-section-height-default\" data-id=\"46424828\" data-element_type=\"section\" data-e-type=\"section\">\n\t\t\t\t\t\t<div class=\"elementor-container elementor-column-gap-default\">\n\t\t\t\t\t<div class=\"elementor-column elementor-col-50 elementor-inner-column elementor-element elementor-element-ca71eb8\" data-id=\"ca71eb8\" data-element_type=\"column\" data-e-type=\"column\">\n\t\t\t<div class=\"elementor-widget-wrap elementor-element-populated\">\n\t\t\t\t\t\t<div class=\"elementor-element elementor-element-6f7ba178 elementor-widget elementor-widget-heading\" data-id=\"6f7ba178\" data-element_type=\"widget\" data-e-type=\"widget\" data-widget_type=\"heading.default\">\n\t\t\t\t<div class=\"elementor-widget-container\">\n\t\t\t\t\t<h2 class=\"elementor-heading-title elementor-size-default\">Service<\/h2>\t\t\t\t<\/div>\n\t\t\t\t<\/div>\n\t\t\t\t\t<\/div>\n\t\t<\/div>\n\t\t\t\t<div class=\"elementor-column elementor-col-50 elementor-inner-column elementor-element elementor-element-13074a9b\" data-id=\"13074a9b\" data-element_type=\"column\" data-e-type=\"column\">\n\t\t\t<div class=\"elementor-widget-wrap\">\n\t\t\t\t\t\t\t<\/div>\n\t\t<\/div>\n\t\t\t\t\t<\/div>\n\t\t<\/section>\n\t\t\t\t<div class=\"elementor-element elementor-element-4e0d8820 elementor-widget elementor-widget-spacer\" data-id=\"4e0d8820\" data-element_type=\"widget\" data-e-type=\"widget\" data-widget_type=\"spacer.default\">\n\t\t\t\t<div class=\"elementor-widget-container\">\n\t\t\t\t\t\t\t<div class=\"elementor-spacer\">\n\t\t\t<div class=\"elementor-spacer-inner\"><\/div>\n\t\t<\/div>\n\t\t\t\t\t\t<\/div>\n\t\t\t\t<\/div>\n\t\t\t\t\t<\/div>\n\t\t<\/div>\n\t\t\t\t\t<\/div>\n\t\t<\/section>\n\t\t\t\t<section data-particle_enable=\"false\" data-particle-mobile-disabled=\"false\" class=\"elementor-section elementor-top-section elementor-element elementor-element-3996fb9 elementor-reverse-tablet elementor-reverse-mobile elementor-section-boxed elementor-section-height-default elementor-section-height-default\" data-id=\"3996fb9\" data-element_type=\"section\" data-e-type=\"section\" data-settings=\"{&quot;shape_divider_bottom&quot;:&quot;curve-asymmetrical&quot;,&quot;shape_divider_bottom_negative&quot;:&quot;yes&quot;,&quot;background_background&quot;:&quot;gradient&quot;}\">\n\t\t\t\t\t\t\t<div class=\"elementor-background-overlay\"><\/div>\n\t\t\t\t\t\t<div class=\"elementor-shape elementor-shape-bottom\" aria-hidden=\"true\" data-negative=\"true\">\n\t\t\t<svg xmlns=\"http:\/\/www.w3.org\/2000\/svg\" viewBox=\"0 0 1000 100\" preserveAspectRatio=\"none\">\n\t<path class=\"elementor-shape-fill\" d=\"M615.2,96.7C240.2,97.8,0,18.9,0,0v100h1000V0C1000,19.2,989.8,96,615.2,96.7z\"\/>\n<\/svg>\t\t<\/div>\n\t\t\t\t\t<div class=\"elementor-container elementor-column-gap-default\">\n\t\t\t\t\t<div class=\"elementor-column elementor-col-50 elementor-top-column elementor-element elementor-element-88c3b54\" data-id=\"88c3b54\" data-element_type=\"column\" data-e-type=\"column\">\n\t\t\t<div class=\"elementor-widget-wrap elementor-element-populated\">\n\t\t\t\t\t\t<div class=\"elementor-element elementor-element-548bedb elementor-nav-menu--dropdown-none elementor-widget elementor-widget-global elementor-global-6339 elementor-global-984 elementor-widget-nav-menu\" data-id=\"548bedb\" data-element_type=\"widget\" data-e-type=\"widget\" data-settings=\"{&quot;layout&quot;:&quot;vertical&quot;,&quot;submenu_icon&quot;:{&quot;value&quot;:&quot;fas fa-caret-down&quot;,&quot;library&quot;:&quot;fa-solid&quot;}}\" data-widget_type=\"nav-menu.default\">\n\t\t\t\t<div class=\"elementor-widget-container\">\n\t\t\t\t\t\t\t\t<nav aria-label=\"Menu\" class=\"elementor-nav-menu--main elementor-nav-menu__container elementor-nav-menu--layout-vertical e--pointer-background e--animation-fade\">\n\t\t\t\t<ul id=\"menu-1-548bedb\" class=\"elementor-nav-menu sm-vertical\"><li class=\"menu-item menu-item-type-post_type menu-item-object-page menu-item-6926\"><a href=\"https:\/\/group-sterling.com\/fr\/ingenierie\/\" class=\"elementor-item\">Ing\u00e9nierie<\/a><\/li>\n<li class=\"menu-item menu-item-type-post_type menu-item-object-page menu-item-6927\"><a href=\"https:\/\/group-sterling.com\/fr\/automatisation\/\" class=\"elementor-item\">Automatisation<\/a><\/li>\n<li class=\"menu-item menu-item-type-post_type menu-item-object-page menu-item-6928\"><a href=\"https:\/\/group-sterling.com\/fr\/construction-de-machines-speciales\/\" class=\"elementor-item\">Construction de machines sp\u00e9ciales<\/a><\/li>\n<li class=\"menu-item menu-item-type-post_type menu-item-object-page menu-item-6929\"><a href=\"https:\/\/group-sterling.com\/fr\/service\/\" class=\"elementor-item\">Service<\/a><\/li>\n<li class=\"menu-item menu-item-type-post_type menu-item-object-page menu-item-6930\"><a href=\"https:\/\/group-sterling.com\/fr\/academy\/\" class=\"elementor-item\">ACADEMY<\/a><\/li>\n<\/ul>\t\t\t<\/nav>\n\t\t\t\t\t\t<nav class=\"elementor-nav-menu--dropdown elementor-nav-menu__container\" aria-hidden=\"true\">\n\t\t\t\t<ul id=\"menu-2-548bedb\" class=\"elementor-nav-menu sm-vertical\"><li class=\"menu-item menu-item-type-post_type menu-item-object-page menu-item-6926\"><a href=\"https:\/\/group-sterling.com\/fr\/ingenierie\/\" class=\"elementor-item\" tabindex=\"-1\">Ing\u00e9nierie<\/a><\/li>\n<li class=\"menu-item menu-item-type-post_type menu-item-object-page menu-item-6927\"><a href=\"https:\/\/group-sterling.com\/fr\/automatisation\/\" class=\"elementor-item\" tabindex=\"-1\">Automatisation<\/a><\/li>\n<li class=\"menu-item menu-item-type-post_type menu-item-object-page menu-item-6928\"><a href=\"https:\/\/group-sterling.com\/fr\/construction-de-machines-speciales\/\" class=\"elementor-item\" tabindex=\"-1\">Construction de machines sp\u00e9ciales<\/a><\/li>\n<li class=\"menu-item menu-item-type-post_type menu-item-object-page menu-item-6929\"><a href=\"https:\/\/group-sterling.com\/fr\/service\/\" class=\"elementor-item\" tabindex=\"-1\">Service<\/a><\/li>\n<li class=\"menu-item menu-item-type-post_type menu-item-object-page menu-item-6930\"><a href=\"https:\/\/group-sterling.com\/fr\/academy\/\" class=\"elementor-item\" tabindex=\"-1\">ACADEMY<\/a><\/li>\n<\/ul>\t\t\t<\/nav>\n\t\t\t\t\t\t<\/div>\n\t\t\t\t<\/div>\n\t\t\t\t\t<\/div>\n\t\t<\/div>\n\t\t\t\t<div class=\"elementor-column elementor-col-50 elementor-top-column elementor-element elementor-element-bf22759\" data-id=\"bf22759\" data-element_type=\"column\" data-e-type=\"column\">\n\t\t\t<div class=\"elementor-widget-wrap elementor-element-populated\">\n\t\t\t\t\t\t<div class=\"elementor-element elementor-element-98984f3 elementor-widget elementor-widget-heading\" data-id=\"98984f3\" data-element_type=\"widget\" data-e-type=\"widget\" data-widget_type=\"heading.default\">\n\t\t\t\t<div class=\"elementor-widget-container\">\n\t\t\t\t\t<h2 class=\"elementor-heading-title elementor-size-default\">CONTR\u00d4LE ET AUTOMATISATION DU MAT\u00c9RIEL<\/h2>\t\t\t\t<\/div>\n\t\t\t\t<\/div>\n\t\t\t\t<div class=\"elementor-element elementor-element-557f768 elementor-drop-cap-yes elementor-drop-cap-view-default elementor-widget elementor-widget-text-editor\" data-id=\"557f768\" data-element_type=\"widget\" data-e-type=\"widget\" data-settings=\"{&quot;drop_cap&quot;:&quot;yes&quot;}\" data-widget_type=\"text-editor.default\">\n\t\t\t\t<div class=\"elementor-widget-container\">\n\t\t\t\t\t\t\t\t\t<p>Gr\u00e2ce \u00e0 la conception modulaire de nos syst\u00e8mes et \u00e0 un logiciel de commande standardis\u00e9, l&rsquo;automatisation de votre installation peut \u00eatre configur\u00e9e sur mesure en fonction de vos besoins. Notre design d&rsquo;interface exceptionnel, avec par exemple des visualisations sur un \u00e9cran tactile, rend le travail avec les installations SAT s\u00fbr et facile \u00e0 utiliser. De nombreuses possibilit\u00e9s d&rsquo;extension permettent de maintenir la flexibilit\u00e9 de votre production et de l&rsquo;\u00e9largir en fonction des nouvelles exigences de la concurrence.<\/p>\n\t\t\t\t\t\t\t\t<\/div>\n\t\t\t\t<\/div>\n\t\t\t\t<div class=\"elementor-element elementor-element-77fda93 elementor-widget elementor-widget-spacer\" data-id=\"77fda93\" data-element_type=\"widget\" data-e-type=\"widget\" data-widget_type=\"spacer.default\">\n\t\t\t\t<div class=\"elementor-widget-container\">\n\t\t\t\t\t\t\t<div class=\"elementor-spacer\">\n\t\t\t<div class=\"elementor-spacer-inner\"><\/div>\n\t\t<\/div>\n\t\t\t\t\t\t<\/div>\n\t\t\t\t<\/div>\n\t\t\t\t<section data-particle_enable=\"false\" data-particle-mobile-disabled=\"false\" class=\"elementor-section elementor-inner-section elementor-element elementor-element-9bbef71 elementor-section-boxed elementor-section-height-default elementor-section-height-default\" data-id=\"9bbef71\" data-element_type=\"section\" data-e-type=\"section\">\n\t\t\t\t\t\t<div class=\"elementor-container elementor-column-gap-default\">\n\t\t\t\t\t<div class=\"elementor-column elementor-col-50 elementor-inner-column elementor-element elementor-element-a7854ef\" data-id=\"a7854ef\" data-element_type=\"column\" data-e-type=\"column\" data-settings=\"{&quot;background_background&quot;:&quot;gradient&quot;}\">\n\t\t\t<div class=\"elementor-widget-wrap elementor-element-populated\">\n\t\t\t\t\t\t<div class=\"elementor-element elementor-element-6878388 elementor-widget elementor-widget-text-editor\" data-id=\"6878388\" data-element_type=\"widget\" data-e-type=\"widget\" data-widget_type=\"text-editor.default\">\n\t\t\t\t<div class=\"elementor-widget-container\">\n\t\t\t\t\t\t\t\t\t<h3>Concepts personnalis\u00e9s<\/h3>\n<p>D\u00e8s le d\u00e9but du traitement de la commande, vous aurez un interlocuteur personnel qui vous suivra pendant toute la dur\u00e9e du projet. Pour que le processus se d\u00e9roule sans accroc, les facteurs d&rsquo;influence sont compar\u00e9s et affin\u00e9s lors des contacts entre votre personnel local de maintenance et d&rsquo;exploitation et notre \u00e9quipe de service qui op\u00e8re dans le monde entier. Les objectifs fix\u00e9s pour le projet sont ainsi atteints dans les d\u00e9lais, de mani\u00e8re s\u00fbre et efficace. Nous vous soumettons volontiers une offre sur mesure, adapt\u00e9e \u00e0 vos besoins.<\/p>\n\t\t\t\t\t\t\t\t<\/div>\n\t\t\t\t<\/div>\n\t\t\t\t\t<\/div>\n\t\t<\/div>\n\t\t\t\t<div class=\"elementor-column elementor-col-50 elementor-inner-column elementor-element elementor-element-2b66416\" data-id=\"2b66416\" data-element_type=\"column\" data-e-type=\"column\" data-settings=\"{&quot;background_background&quot;:&quot;classic&quot;}\">\n\t\t\t<div class=\"elementor-widget-wrap elementor-element-populated\">\n\t\t\t\t\t\t<div class=\"elementor-element elementor-element-09018b8 elementor-widget elementor-widget-text-editor\" data-id=\"09018b8\" data-element_type=\"widget\" data-e-type=\"widget\" data-widget_type=\"text-editor.default\">\n\t\t\t\t<div class=\"elementor-widget-container\">\n\t\t\t\t\t\t\t\t\t<h3>Aide \u00e0 la planification<\/h3>\n<p>Nos ing\u00e9nieurs en d\u00e9veloppement vous aident par exemple \u00e0 planifier les processus de remplissage pour les v\u00e9hicules nouvellement d\u00e9velopp\u00e9s dans le montage final et s&rsquo;appuient sur notre vaste exp\u00e9rience en mati\u00e8re de d\u00e9veloppement acquise au cours de plus de 1 200 installations mises en \u0153uvre.<\/p>\n\t\t\t\t\t\t\t\t<\/div>\n\t\t\t\t<\/div>\n\t\t\t\t\t<\/div>\n\t\t<\/div>\n\t\t\t\t\t<\/div>\n\t\t<\/section>\n\t\t\t\t<section data-particle_enable=\"false\" data-particle-mobile-disabled=\"false\" class=\"elementor-section elementor-inner-section elementor-element elementor-element-2755bc5 elementor-section-boxed elementor-section-height-default elementor-section-height-default\" data-id=\"2755bc5\" data-element_type=\"section\" data-e-type=\"section\">\n\t\t\t\t\t\t<div class=\"elementor-container elementor-column-gap-default\">\n\t\t\t\t\t<div class=\"elementor-column elementor-col-50 elementor-inner-column elementor-element elementor-element-23497f2\" data-id=\"23497f2\" data-element_type=\"column\" data-e-type=\"column\" data-settings=\"{&quot;background_background&quot;:&quot;classic&quot;}\">\n\t\t\t<div class=\"elementor-widget-wrap elementor-element-populated\">\n\t\t\t\t\t\t<div class=\"elementor-element elementor-element-c8d82e5 elementor-widget elementor-widget-text-editor\" data-id=\"c8d82e5\" data-element_type=\"widget\" data-e-type=\"widget\" data-widget_type=\"text-editor.default\">\n\t\t\t\t<div class=\"elementor-widget-container\">\n\t\t\t\t\t\t\t\t\t<h3>Offre de services<\/h3>\n<p>Notre gamme d&rsquo;offres de services comprend des montages forfaitaires et des surveillances de montage, des mises en service, des certificats de performance, des formations (\u00e9galement en interne) et un accompagnement de la production (stand-by).<\/p>\n\t\t\t\t\t\t\t\t<\/div>\n\t\t\t\t<\/div>\n\t\t\t\t\t<\/div>\n\t\t<\/div>\n\t\t\t\t<div class=\"elementor-column elementor-col-50 elementor-inner-column elementor-element elementor-element-5c572a4\" data-id=\"5c572a4\" data-element_type=\"column\" data-e-type=\"column\" data-settings=\"{&quot;background_background&quot;:&quot;gradient&quot;}\">\n\t\t\t<div class=\"elementor-widget-wrap elementor-element-populated\">\n\t\t\t\t\t\t<div class=\"elementor-element elementor-element-9c8ed29 elementor-widget elementor-widget-text-editor\" data-id=\"9c8ed29\" data-element_type=\"widget\" data-e-type=\"widget\" data-widget_type=\"text-editor.default\">\n\t\t\t\t<div class=\"elementor-widget-container\">\n\t\t\t\t\t\t\t\t\t<h3>Offres de maintenance<\/h3>\n<p>Un entretien professionnel et r\u00e9gulier de nos produits par notre service apr\u00e8s-vente peut \u00e9viter les temps d&rsquo;arr\u00eat et augmenter consid\u00e9rablement la dur\u00e9e de vie de la technique. Les pi\u00e8ces techniquement tr\u00e8s sensibles (par exemple notre adaptateur de remplissage) entre l&rsquo;installation et le v\u00e9hicule sont soumises \u00e0 de fortes contraintes pendant le fonctionnement. L&rsquo;\u00e9tat de ces \u00e9quipements \u00e9l\u00e9mentaires de l&rsquo;installation a donc une grande influence sur la fiabilit\u00e9 et la pr\u00e9cision de l&rsquo;ensemble du processus de remplissage. La maintenance est synonyme de s\u00e9curit\u00e9 et de performances optimales.<\/p>\n\t\t\t\t\t\t\t\t<\/div>\n\t\t\t\t<\/div>\n\t\t\t\t\t<\/div>\n\t\t<\/div>\n\t\t\t\t\t<\/div>\n\t\t<\/section>\n\t\t\t\t<section data-particle_enable=\"false\" data-particle-mobile-disabled=\"false\" class=\"elementor-section elementor-inner-section elementor-element elementor-element-46326f4 elementor-section-boxed elementor-section-height-default elementor-section-height-default\" data-id=\"46326f4\" data-element_type=\"section\" data-e-type=\"section\">\n\t\t\t\t\t\t<div class=\"elementor-container elementor-column-gap-default\">\n\t\t\t\t\t<div class=\"elementor-column elementor-col-50 elementor-inner-column elementor-element elementor-element-bc87c94\" data-id=\"bc87c94\" data-element_type=\"column\" data-e-type=\"column\" data-settings=\"{&quot;background_background&quot;:&quot;gradient&quot;}\">\n\t\t\t<div class=\"elementor-widget-wrap elementor-element-populated\">\n\t\t\t\t\t\t<div class=\"elementor-element elementor-element-d4daee2 elementor-widget elementor-widget-text-editor\" data-id=\"d4daee2\" data-element_type=\"widget\" data-e-type=\"widget\" data-widget_type=\"text-editor.default\">\n\t\t\t\t<div class=\"elementor-widget-container\">\n\t\t\t\t\t\t\t\t\t<h3>Banc d&rsquo;essai pour adaptateurs<\/h3>\n<p>Si vous souhaitez effectuer la maintenance des adaptateurs en interne, celle-ci peut \u00eatre r\u00e9alis\u00e9e sur notre installation de contr\u00f4le des adaptateurs sp\u00e9cialement con\u00e7ue \u00e0 cet effet. N&rsquo;h\u00e9sitez pas \u00e0 nous contacter. Nous vous soumettons volontiers une offre de maintenance individuelle.<\/p>\n\t\t\t\t\t\t\t\t<\/div>\n\t\t\t\t<\/div>\n\t\t\t\t\t<\/div>\n\t\t<\/div>\n\t\t\t\t<div class=\"elementor-column elementor-col-50 elementor-inner-column elementor-element elementor-element-b8a4108\" data-id=\"b8a4108\" data-element_type=\"column\" data-e-type=\"column\" data-settings=\"{&quot;background_background&quot;:&quot;classic&quot;}\">\n\t\t\t<div class=\"elementor-widget-wrap elementor-element-populated\">\n\t\t\t\t\t\t<div class=\"elementor-element elementor-element-f726c27 elementor-widget elementor-widget-text-editor\" data-id=\"f726c27\" data-element_type=\"widget\" data-e-type=\"widget\" data-widget_type=\"text-editor.default\">\n\t\t\t\t<div class=\"elementor-widget-container\">\n\t\t\t\t\t\t\t\t\t<h3>Concept d&rsquo;apr\u00e8s-vente<\/h3>\n<p>Avec notre service apr\u00e8s-vente SAT, nous vous proposons &#8211; en plus de l&rsquo;approvisionnement en pi\u00e8ces de rechange &#8211; l&rsquo;entretien, les modifications et les r\u00e9visions des installations gr\u00e2ce \u00e0 notre r\u00e9seau de service mondial.<\/p>\n<p>Contact :  <br \/><a href=\"mailto:servicevertrieb@sat-sterling.com\">servicevertrieb@sat-sterling.com<\/a><\/p>\n\t\t\t\t\t\t\t\t<\/div>\n\t\t\t\t<\/div>\n\t\t\t\t\t<\/div>\n\t\t<\/div>\n\t\t\t\t\t<\/div>\n\t\t<\/section>\n\t\t\t\t<div class=\"elementor-element elementor-element-0893bd1 elementor-widget elementor-widget-spacer\" data-id=\"0893bd1\" data-element_type=\"widget\" data-e-type=\"widget\" data-widget_type=\"spacer.default\">\n\t\t\t\t<div class=\"elementor-widget-container\">\n\t\t\t\t\t\t\t<div class=\"elementor-spacer\">\n\t\t\t<div class=\"elementor-spacer-inner\"><\/div>\n\t\t<\/div>\n\t\t\t\t\t\t<\/div>\n\t\t\t\t<\/div>\n\t\t\t\t\t<\/div>\n\t\t<\/div>\n\t\t\t\t\t<\/div>\n\t\t<\/section>\n\t\t\t\t<\/div>\n\t\t","protected":false},"excerpt":{"rendered":"<p>CONTR\u00d4LE ET AUTOMATISATION DU MAT\u00c9RIEL Gr\u00e2ce \u00e0 la conception modulaire de nos syst\u00e8mes et \u00e0 un logiciel de commande standardis\u00e9, l&rsquo;automatisation de votre installation peut \u00eatre configur\u00e9e sur mesure en fonction de vos besoins. Notre design d&rsquo;interface exceptionnel, avec par exemple des visualisations sur un \u00e9cran tactile, rend le travail avec les installations SAT s\u00fbr [&hellip;]<\/p>\n","protected":false},"author":10025,"featured_media":0,"parent":0,"menu_order":0,"comment_status":"closed","ping_status":"closed","template":"","meta":{"_acf_changed":false,"footnotes":""},"categories":[206],"tags":[],"class_list":["post-5726","page","type-page","status-publish","hentry","category-sat-sterling-fr"],"acf":[],"_links":{"self":[{"href":"https:\/\/group-sterling.com\/fr\/wp-json\/wp\/v2\/pages\/5726","targetHints":{"allow":["GET"]}}],"collection":[{"href":"https:\/\/group-sterling.com\/fr\/wp-json\/wp\/v2\/pages"}],"about":[{"href":"https:\/\/group-sterling.com\/fr\/wp-json\/wp\/v2\/types\/page"}],"author":[{"embeddable":true,"href":"https:\/\/group-sterling.com\/fr\/wp-json\/wp\/v2\/users\/10025"}],"replies":[{"embeddable":true,"href":"https:\/\/group-sterling.com\/fr\/wp-json\/wp\/v2\/comments?post=5726"}],"version-history":[{"count":0,"href":"https:\/\/group-sterling.com\/fr\/wp-json\/wp\/v2\/pages\/5726\/revisions"}],"wp:attachment":[{"href":"https:\/\/group-sterling.com\/fr\/wp-json\/wp\/v2\/media?parent=5726"}],"wp:term":[{"taxonomy":"category","embeddable":true,"href":"https:\/\/group-sterling.com\/fr\/wp-json\/wp\/v2\/categories?post=5726"},{"taxonomy":"post_tag","embeddable":true,"href":"https:\/\/group-sterling.com\/fr\/wp-json\/wp\/v2\/tags?post=5726"}],"curies":[{"name":"wp","href":"https:\/\/api.w.org\/{rel}","templated":true}]}}