{"id":5633,"date":"2022-05-09T11:10:48","date_gmt":"2022-05-09T09:10:48","guid":{"rendered":"https:\/\/group-sterling.com\/mentions-legales\/"},"modified":"2025-07-31T00:44:58","modified_gmt":"2025-07-30T22:44:58","slug":"mentions-legales","status":"publish","type":"page","link":"https:\/\/group-sterling.com\/fr\/mentions-legales\/","title":{"rendered":"Mentions l\u00e9gales"},"content":{"rendered":"\t\t<div data-elementor-type=\"wp-page\" data-elementor-id=\"5633\" class=\"elementor elementor-5633 elementor-401\" data-elementor-post-type=\"page\">\n\t\t\t\t<div data-particle_enable=\"false\" data-particle-mobile-disabled=\"false\" class=\"elementor-element elementor-element-81916d8 e-flex e-con-boxed e-con e-parent\" data-id=\"81916d8\" data-element_type=\"container\" data-e-type=\"container\" data-settings=\"{&quot;background_background&quot;:&quot;gradient&quot;}\">\n\t\t\t\t\t<div class=\"e-con-inner\">\n\t\t\t\t<div class=\"elementor-element elementor-element-7130aec elementor-widget__width-initial elementor-widget elementor-widget-text-editor\" data-id=\"7130aec\" data-element_type=\"widget\" data-e-type=\"widget\" data-widget_type=\"text-editor.default\">\n\t\t\t\t<div class=\"elementor-widget-container\">\n\t\t\t\t\t\t\t\t\t<p><strong>Responsable de ce site :<\/strong><\/p><p>SAT Anlagentechnik GmbH<br>Kaddenbusch 21<br>25578 D\u00e4geling<\/p><p><strong>Repr\u00e9sent\u00e9 par :<\/strong><\/p><p>Directeur g\u00e9n\u00e9ral : Dr.-Ing. Kai St\u00fcrken<\/p><p><strong>Contact :<\/strong><\/p><p>T\u00e9l\u00e9phone : +49 (0) 4821 9000 0<br>T\u00e9l\u00e9copie : +49 (0) 4821 9000 501<br>E-mail : info@sat-sterling.com<\/p><p><strong>Inscription au registre :<\/strong><\/p><p>Inscription au registre du commerce.<br>Tribunal d&rsquo;enregistrement : Tribunal d&rsquo;instance de Pinneberg<br>Num\u00e9ro d&rsquo;enregistrement : HRB 2407 IZ<\/p><p><strong>TVA :<\/strong><\/p><p>Num\u00e9ro d&rsquo;identification de la taxe sur le chiffre d&rsquo;affaires :<br>DE811250011<\/p><p><strong>Responsabilit\u00e9 du contenu<\/strong><\/p><p>En tant que prestataire de services, nous sommes responsables, conform\u00e9ment au \u00a7 7 alin\u00e9a 1 de la loi allemande sur la protection des donn\u00e9es (DDG), de nos propres contenus sur ces pages selon les lois g\u00e9n\u00e9rales. Conform\u00e9ment aux \u00a7\u00a7 8 \u00e0 10 de la DDG, nous ne sommes toutefois pas tenus de surveiller les informations transmises ou enregistr\u00e9es par des tiers ou de rechercher des circonstances indiquant une activit\u00e9 ill\u00e9gale.<\/p><p>Les obligations de supprimer ou de bloquer l&rsquo;utilisation d&rsquo;informations conform\u00e9ment aux lois g\u00e9n\u00e9rales ne sont pas affect\u00e9es par cette disposition. Une responsabilit\u00e9 \u00e0 cet \u00e9gard n&rsquo;est toutefois possible qu&rsquo;\u00e0 partir du moment o\u00f9 une violation concr\u00e8te de la loi est connue. D\u00e8s que nous avons connaissance de telles violations, nous supprimons imm\u00e9diatement ces contenus.<\/p><p><strong>Responsabilit\u00e9 des liens<\/strong><\/p><p>Notre offre contient des liens vers des sites web externes de tiers, sur lesquels nous n&rsquo;avons aucune influence. Nous ne pouvons donc pas nous porter garants de ces contenus externes. Le fournisseur ou l&rsquo;exploitant des pages li\u00e9es est toujours responsable du contenu de ces pages. Les pages li\u00e9es ont \u00e9t\u00e9 v\u00e9rifi\u00e9es au moment de la cr\u00e9ation du lien afin de s&rsquo;assurer qu&rsquo;elles n&rsquo;enfreignaient pas la loi. Aucun contenu ill\u00e9gal n&rsquo;a \u00e9t\u00e9 identifi\u00e9 \u00e0 ce moment-l\u00e0.<\/p><p>Un contr\u00f4le permanent du contenu des pages li\u00e9es n&rsquo;est cependant pas exigible sans indices concrets d&rsquo;une violation de la loi. D\u00e8s que nous avons connaissance d&rsquo;une violation de la loi, nous supprimons imm\u00e9diatement les liens en question.<\/p><p><strong>Droit d&rsquo;auteur<\/strong><\/p><p>Les contenus et \u0153uvres cr\u00e9\u00e9s par les exploitants de ces pages sont soumis au droit d&rsquo;auteur allemand. La reproduction, l&rsquo;adaptation, la diffusion et toute forme d&rsquo;exploitation en dehors des limites du droit d&rsquo;auteur requi\u00e8rent l&rsquo;accord \u00e9crit de l&rsquo;auteur ou du cr\u00e9ateur concern\u00e9. Les t\u00e9l\u00e9chargements et les copies de cette page ne sont autoris\u00e9s que pour un usage priv\u00e9 et non commercial.<\/p><p>Dans la mesure o\u00f9 les contenus de ce site n&rsquo;ont pas \u00e9t\u00e9 cr\u00e9\u00e9s par l&rsquo;exploitant, les droits d&rsquo;auteur de tiers sont respect\u00e9s. En particulier, les contenus de tiers sont identifi\u00e9s comme tels. Si vous constatez n\u00e9anmoins une violation des droits d&rsquo;auteur, nous vous prions de nous en informer. D\u00e8s que nous avons connaissance d&rsquo;une violation de la loi, nous supprimons imm\u00e9diatement ce type de contenu.<\/p><p><strong>Conception &amp; design web<\/strong><br><a href=\"https:\/\/www.tba-hamburg.de\/\">Conception du site web par tba-hamburg.de<\/a><br><a href=\"https:\/\/www.tba-berlin.de\/en\/\">Maintenance\/programmation by tba-berlin.de<\/a><\/p><p><strong>Photo &amp; Illustrations &#8211; Cr\u00e9dits<\/strong><br>Carsten Dammann, Krafft Angerer, Tim Becker ;<br>C. Berlin, Peer Frings, Kalafoto, Visdia, Pixelwolf2, SeanPavonePhoto &#8211; Fotolia.com, adobe stock.com<\/p>\t\t\t\t\t\t\t\t<\/div>\n\t\t\t\t<\/div>\n\t\t\t\t\t<\/div>\n\t\t\t\t<\/div>\n\t\t\t\t<\/div>\n\t\t","protected":false},"excerpt":{"rendered":"<p>Responsable de ce site : SAT Anlagentechnik GmbHKaddenbusch 2125578 D\u00e4geling Repr\u00e9sent\u00e9 par : Directeur g\u00e9n\u00e9ral : Dr.-Ing. Kai St\u00fcrken Contact : T\u00e9l\u00e9phone : +49 (0) 4821 9000 0T\u00e9l\u00e9copie : +49 (0) 4821 9000 501E-mail : info@sat-sterling.com Inscription au registre : Inscription au registre du commerce.Tribunal d&rsquo;enregistrement : Tribunal d&rsquo;instance de PinnebergNum\u00e9ro d&rsquo;enregistrement : HRB 2407 [&hellip;]<\/p>\n","protected":false},"author":10025,"featured_media":0,"parent":0,"menu_order":0,"comment_status":"closed","ping_status":"closed","template":"","meta":{"_acf_changed":false,"footnotes":""},"categories":[213],"tags":[],"class_list":["post-5633","page","type-page","status-publish","hentry","category-groupe-sterling"],"acf":[],"_links":{"self":[{"href":"https:\/\/group-sterling.com\/fr\/wp-json\/wp\/v2\/pages\/5633","targetHints":{"allow":["GET"]}}],"collection":[{"href":"https:\/\/group-sterling.com\/fr\/wp-json\/wp\/v2\/pages"}],"about":[{"href":"https:\/\/group-sterling.com\/fr\/wp-json\/wp\/v2\/types\/page"}],"author":[{"embeddable":true,"href":"https:\/\/group-sterling.com\/fr\/wp-json\/wp\/v2\/users\/10025"}],"replies":[{"embeddable":true,"href":"https:\/\/group-sterling.com\/fr\/wp-json\/wp\/v2\/comments?post=5633"}],"version-history":[{"count":2,"href":"https:\/\/group-sterling.com\/fr\/wp-json\/wp\/v2\/pages\/5633\/revisions"}],"predecessor-version":[{"id":9701,"href":"https:\/\/group-sterling.com\/fr\/wp-json\/wp\/v2\/pages\/5633\/revisions\/9701"}],"wp:attachment":[{"href":"https:\/\/group-sterling.com\/fr\/wp-json\/wp\/v2\/media?parent=5633"}],"wp:term":[{"taxonomy":"category","embeddable":true,"href":"https:\/\/group-sterling.com\/fr\/wp-json\/wp\/v2\/categories?post=5633"},{"taxonomy":"post_tag","embeddable":true,"href":"https:\/\/group-sterling.com\/fr\/wp-json\/wp\/v2\/tags?post=5633"}],"curies":[{"name":"wp","href":"https:\/\/api.w.org\/{rel}","templated":true}]}}